{"id":11953,"date":"2023-03-22T10:19:10","date_gmt":"2023-03-22T10:19:10","guid":{"rendered":"https:\/\/montacargasventayrenta.com\/?post_type=product&#038;p=11953"},"modified":"2023-05-26T17:29:25","modified_gmt":"2023-05-26T17:29:25","slug":"cbd151820j-li-s","status":"publish","type":"product","link":"https:\/\/optimizacion-online.info\/mtr\/producto\/cbd151820j-li-s\/","title":{"rendered":"CBD151820J-Li-S"},"content":{"rendered":"<p>\u2022 Simple, flexible, liviana y con un peque\u00f1o radio de giro hacen que la carretilla sea adecuada para su uso en pasillos extremadamente estrechos.<br \/>\n\u2022 Las partes principales est\u00e1n envueltas con una cubierta protectora, que es segura, confiable y f\u00e1cil de desmontar, y conveniente para el mantenimiento y la reparaci\u00f3n.<br \/>\n\u2022 Misma bomba hidr\u00e1ulica con la paleta manual, simple y confiable<br \/>\n\u2022 El mango integrado integra la llave y el medidor para que la operaci\u00f3n sea f\u00e1cil y c\u00f3moda.<br \/>\n\u2022 El paquete de bater\u00eda de litio port\u00e1til proporciona un cambio de bater\u00eda f\u00e1cil y r\u00e1pido.<br \/>\n\u2022 El dispositivo de marcha atr\u00e1s de emergencia garantiza un funcionamiento seguro.<br \/>\n\u2022 El freno magn\u00e9tico y el freno de motor se utilizan para garantizar la seguridad de conducci\u00f3n.<br \/>\n\u2022 M\u00faltiples opciones de capacidad de bater\u00eda satisfacen la demanda de diferentes condiciones de trabajo.<\/p>\n","protected":false},"excerpt":{"rendered":"<div id=\"1689700804\" class=\"u_1689700804 dmNewParagraph\" data-element-type=\"paragraph\" data-version=\"5\" data-binding=\"W3siYmluZGluZ05hbWUiOiJ0ZXh0IiwidmFsdWUiOiJkeW5hbWljX3BhZ2VfY29sbGVjdGlvbi5USVBPIn1d\" data-diy-text=\"\">Patines el\u00e9ctricos<\/div>\n<div id=\"1503534281\" class=\"u_1503534281 dmNewParagraph\" data-element-type=\"paragraph\" data-version=\"5\" data-binding=\"W3siYmluZGluZ05hbWUiOiJ0ZXh0IiwidmFsdWUiOiJkeW5hbWljX3BhZ2VfY29sbGVjdGlvbi5NQVJDQSJ9XQ==\" data-diy-text=\"\">CHL<\/div>\n","protected":false},"featured_media":11979,"comment_status":"closed","ping_status":"closed","template":"","meta":[],"product_brand":[],"product_cat":[400,392,329],"product_tag":[],"class_list":{"0":"post-11953","1":"product","2":"type-product","3":"status-publish","4":"has-post-thumbnail","6":"product_cat-patines-chl","7":"product_cat-chl","8":"product_cat-electricos-patines","10":"first","11":"instock","12":"shipping-taxable","13":"product-type-simple"},"_links":{"self":[{"href":"https:\/\/optimizacion-online.info\/mtr\/wp-json\/wp\/v2\/product\/11953","targetHints":{"allow":["GET"]}}],"collection":[{"href":"https:\/\/optimizacion-online.info\/mtr\/wp-json\/wp\/v2\/product"}],"about":[{"href":"https:\/\/optimizacion-online.info\/mtr\/wp-json\/wp\/v2\/types\/product"}],"replies":[{"embeddable":true,"href":"https:\/\/optimizacion-online.info\/mtr\/wp-json\/wp\/v2\/comments?post=11953"}],"wp:featuredmedia":[{"embeddable":true,"href":"https:\/\/optimizacion-online.info\/mtr\/wp-json\/wp\/v2\/media\/11979"}],"wp:attachment":[{"href":"https:\/\/optimizacion-online.info\/mtr\/wp-json\/wp\/v2\/media?parent=11953"}],"wp:term":[{"taxonomy":"product_brand","embeddable":true,"href":"https:\/\/optimizacion-online.info\/mtr\/wp-json\/wp\/v2\/product_brand?post=11953"},{"taxonomy":"product_cat","embeddable":true,"href":"https:\/\/optimizacion-online.info\/mtr\/wp-json\/wp\/v2\/product_cat?post=11953"},{"taxonomy":"product_tag","embeddable":true,"href":"https:\/\/optimizacion-online.info\/mtr\/wp-json\/wp\/v2\/product_tag?post=11953"}],"curies":[{"name":"wp","href":"https:\/\/api.w.org\/{rel}","templated":true}]}}