{"id":11959,"date":"2023-03-22T10:20:12","date_gmt":"2023-03-22T10:20:12","guid":{"rendered":"https:\/\/montacargasventayrenta.com\/?post_type=product&#038;p=11959"},"modified":"2023-05-26T17:29:59","modified_gmt":"2023-05-26T17:29:59","slug":"cbd20j","status":"publish","type":"product","link":"https:\/\/optimizacion-online.info\/mtr\/producto\/cbd20j\/","title":{"rendered":"CBD20J"},"content":{"rendered":"<p>\u2022 El cami\u00f3n tiene una estructura compacta y un radio de giro peque\u00f1o y es adecuado para montacargas angostos.<br \/>\n\u2022 El cami\u00f3n tiene una funci\u00f3n de l\u00edmite de elevaci\u00f3n el\u00e9ctrica. Cuando el brazo de la horquilla se eleva a la posici\u00f3n superior, el sistema girar\u00e1.<br \/>\n\u2022 Apaga el circuito de elevaci\u00f3n autom\u00e1ticamente, lo que tiene un rendimiento seguro, bajo consumo de energ\u00eda y larga vida \u00fatil.<br \/>\n\u2022 La direcci\u00f3n mec\u00e1nica es econ\u00f3mica y tiene una alta confiabilidad<br \/>\n\u2022 El dise\u00f1o de tipo dividido de la carrocer\u00eda del cami\u00f3n facilita el mantenimiento m\u00e1s f\u00e1cil.<br \/>\n\u2022 El dispositivo de marcha atr\u00e1s emergente garantiza la seguridad de la operaci\u00f3n.<br \/>\n\u2022 Las ruedas auxiliares en dos lados mejoran la estabilidad de viaje.<br \/>\n\u2022 La arboleda de almacenamiento de objetos en la parte superior del cuerpo del cami\u00f3n es hermosa y funcional.<\/p>\n","protected":false},"excerpt":{"rendered":"<div id=\"1689700804\" class=\"u_1689700804 dmNewParagraph\" data-element-type=\"paragraph\" data-version=\"5\" data-binding=\"W3siYmluZGluZ05hbWUiOiJ0ZXh0IiwidmFsdWUiOiJkeW5hbWljX3BhZ2VfY29sbGVjdGlvbi5USVBPIn1d\" data-diy-text=\"\">Patines el\u00e9ctricos<\/div>\n<div id=\"1503534281\" class=\"u_1503534281 dmNewParagraph\" data-element-type=\"paragraph\" data-version=\"5\" data-binding=\"W3siYmluZGluZ05hbWUiOiJ0ZXh0IiwidmFsdWUiOiJkeW5hbWljX3BhZ2VfY29sbGVjdGlvbi5NQVJDQSJ9XQ==\" data-diy-text=\"\">CHL<\/div>\n","protected":false},"featured_media":11976,"comment_status":"closed","ping_status":"closed","template":"","meta":[],"product_brand":[],"product_cat":[400,392,329],"product_tag":[],"class_list":{"0":"post-11959","1":"product","2":"type-product","3":"status-publish","4":"has-post-thumbnail","6":"product_cat-patines-chl","7":"product_cat-chl","8":"product_cat-electricos-patines","10":"first","11":"instock","12":"shipping-taxable","13":"product-type-simple"},"_links":{"self":[{"href":"https:\/\/optimizacion-online.info\/mtr\/wp-json\/wp\/v2\/product\/11959","targetHints":{"allow":["GET"]}}],"collection":[{"href":"https:\/\/optimizacion-online.info\/mtr\/wp-json\/wp\/v2\/product"}],"about":[{"href":"https:\/\/optimizacion-online.info\/mtr\/wp-json\/wp\/v2\/types\/product"}],"replies":[{"embeddable":true,"href":"https:\/\/optimizacion-online.info\/mtr\/wp-json\/wp\/v2\/comments?post=11959"}],"wp:featuredmedia":[{"embeddable":true,"href":"https:\/\/optimizacion-online.info\/mtr\/wp-json\/wp\/v2\/media\/11976"}],"wp:attachment":[{"href":"https:\/\/optimizacion-online.info\/mtr\/wp-json\/wp\/v2\/media?parent=11959"}],"wp:term":[{"taxonomy":"product_brand","embeddable":true,"href":"https:\/\/optimizacion-online.info\/mtr\/wp-json\/wp\/v2\/product_brand?post=11959"},{"taxonomy":"product_cat","embeddable":true,"href":"https:\/\/optimizacion-online.info\/mtr\/wp-json\/wp\/v2\/product_cat?post=11959"},{"taxonomy":"product_tag","embeddable":true,"href":"https:\/\/optimizacion-online.info\/mtr\/wp-json\/wp\/v2\/product_tag?post=11959"}],"curies":[{"name":"wp","href":"https:\/\/api.w.org\/{rel}","templated":true}]}}