{"id":11960,"date":"2023-03-22T10:23:42","date_gmt":"2023-03-22T10:23:42","guid":{"rendered":"https:\/\/montacargasventayrenta.com\/?post_type=product&#038;p=11960"},"modified":"2023-05-26T17:29:01","modified_gmt":"2023-05-26T17:29:01","slug":"cbd20j-b","status":"publish","type":"product","link":"https:\/\/optimizacion-online.info\/mtr\/producto\/cbd20j-b\/","title":{"rendered":"CBD20J-B"},"content":{"rendered":"<p>\u2022 El cami\u00f3n es simple y diestro, con un radio de giro peque\u00f1o y un peso reducido. Es adecuado para la operaci\u00f3n de canales ultra estrechos.<br \/>\n\u2022 El cami\u00f3n tiene una estructura compacta y confiable. El oleoducto y la l\u00ednea est\u00e1n envueltos en el cuerpo del cami\u00f3n, que es seguro, hermoso y conveniente para el mantenimiento del usuario.<br \/>\n\u2022 El cami\u00f3n adopta un dise\u00f1o de mango integrado que integra un interruptor de llave y un medidor el\u00e9ctrico que es simple y c\u00f3modo para la operaci\u00f3n.<br \/>\n\u2022 El deflector frontal y la bater\u00eda son f\u00e1ciles de desmontar y reemplazar.<br \/>\n\u2022 La configuraci\u00f3n est\u00e1ndar del interruptor de parada de emergencia y el dispositivo de marcha atr\u00e1s de emergencia garantizan la seguridad del cami\u00f3n.<br \/>\n\u2022 El cami\u00f3n est\u00e1 ensamblado con funci\u00f3n de frenado de apagado. La carretilla se frena tan pronto como se afloja la manija o se presiona hacia abajo.<\/p>\n","protected":false},"excerpt":{"rendered":"<div id=\"1689700804\" class=\"u_1689700804 dmNewParagraph\" data-element-type=\"paragraph\" data-version=\"5\" data-binding=\"W3siYmluZGluZ05hbWUiOiJ0ZXh0IiwidmFsdWUiOiJkeW5hbWljX3BhZ2VfY29sbGVjdGlvbi5USVBPIn1d\" data-diy-text=\"\">Patines el\u00e9ctricos<\/div>\n<div id=\"1503534281\" class=\"u_1503534281 dmNewParagraph\" data-element-type=\"paragraph\" data-version=\"5\" data-binding=\"W3siYmluZGluZ05hbWUiOiJ0ZXh0IiwidmFsdWUiOiJkeW5hbWljX3BhZ2VfY29sbGVjdGlvbi5NQVJDQSJ9XQ==\" data-diy-text=\"\">CHL<\/div>\n","protected":false},"featured_media":11970,"comment_status":"closed","ping_status":"closed","template":"","meta":[],"product_brand":[],"product_cat":[400,392,329],"product_tag":[],"class_list":{"0":"post-11960","1":"product","2":"type-product","3":"status-publish","4":"has-post-thumbnail","6":"product_cat-patines-chl","7":"product_cat-chl","8":"product_cat-electricos-patines","10":"first","11":"instock","12":"shipping-taxable","13":"product-type-simple"},"_links":{"self":[{"href":"https:\/\/optimizacion-online.info\/mtr\/wp-json\/wp\/v2\/product\/11960","targetHints":{"allow":["GET"]}}],"collection":[{"href":"https:\/\/optimizacion-online.info\/mtr\/wp-json\/wp\/v2\/product"}],"about":[{"href":"https:\/\/optimizacion-online.info\/mtr\/wp-json\/wp\/v2\/types\/product"}],"replies":[{"embeddable":true,"href":"https:\/\/optimizacion-online.info\/mtr\/wp-json\/wp\/v2\/comments?post=11960"}],"wp:featuredmedia":[{"embeddable":true,"href":"https:\/\/optimizacion-online.info\/mtr\/wp-json\/wp\/v2\/media\/11970"}],"wp:attachment":[{"href":"https:\/\/optimizacion-online.info\/mtr\/wp-json\/wp\/v2\/media?parent=11960"}],"wp:term":[{"taxonomy":"product_brand","embeddable":true,"href":"https:\/\/optimizacion-online.info\/mtr\/wp-json\/wp\/v2\/product_brand?post=11960"},{"taxonomy":"product_cat","embeddable":true,"href":"https:\/\/optimizacion-online.info\/mtr\/wp-json\/wp\/v2\/product_cat?post=11960"},{"taxonomy":"product_tag","embeddable":true,"href":"https:\/\/optimizacion-online.info\/mtr\/wp-json\/wp\/v2\/product_tag?post=11960"}],"curies":[{"name":"wp","href":"https:\/\/api.w.org\/{rel}","templated":true}]}}