{"id":11964,"date":"2023-03-22T10:20:55","date_gmt":"2023-03-22T10:20:55","guid":{"rendered":"https:\/\/montacargasventayrenta.com\/?post_type=product&#038;p=11964"},"modified":"2023-05-26T17:30:33","modified_gmt":"2023-05-26T17:30:33","slug":"cbd20-490","status":"publish","type":"product","link":"https:\/\/optimizacion-online.info\/mtr\/producto\/cbd20-490\/","title":{"rendered":"CBD20-490"},"content":{"rendered":"<p>\u2022 Alta velocidad de marcha 11km\/h.<br \/>\n\u2022 EPS-Mute, ahorro de energ\u00eda, m\u00e1s ligero.<br \/>\n\u2022 Sistema de conducci\u00f3n de CA: bajo nivel de ruido, silencioso, sin escobillas de carb\u00f3n y sin mantenimiento.<br \/>\n\u2022 Elevaci\u00f3n el\u00e9ctrica: el interruptor de l\u00edmite de electricidad r\u00e1pido y eficiente es est\u00e1ndar.<br \/>\n\u2022 Controlador OAC: continuo, potencia fuerte, protecci\u00f3n autom\u00e1tica m\u00faltiple.<br \/>\n\u2022 Excelente dise\u00f1o: entra y sale f\u00e1cilmente de la bandeja doble.<br \/>\n\u2022 Intelligent Control-Curve se ralentiza autom\u00e1ticamente, m\u00e1s seguridad.<br \/>\n\u2022 M\u00e1s seguro Rodeado por media cabina, Cuida tu seguridad.<\/p>\n","protected":false},"excerpt":{"rendered":"<div id=\"1689700804\" class=\"u_1689700804 dmNewParagraph\" data-element-type=\"paragraph\" data-version=\"5\" data-binding=\"W3siYmluZGluZ05hbWUiOiJ0ZXh0IiwidmFsdWUiOiJkeW5hbWljX3BhZ2VfY29sbGVjdGlvbi5USVBPIn1d\" data-diy-text=\"\">Patines el\u00e9ctricos<\/div>\n<div id=\"1503534281\" class=\"u_1503534281 dmNewParagraph\" data-element-type=\"paragraph\" data-version=\"5\" data-binding=\"W3siYmluZGluZ05hbWUiOiJ0ZXh0IiwidmFsdWUiOiJkeW5hbWljX3BhZ2VfY29sbGVjdGlvbi5NQVJDQSJ9XQ==\" data-diy-text=\"\">CHL<\/div>\n","protected":false},"featured_media":11974,"comment_status":"closed","ping_status":"closed","template":"","meta":[],"product_brand":[],"product_cat":[400,392,329],"product_tag":[],"class_list":{"0":"post-11964","1":"product","2":"type-product","3":"status-publish","4":"has-post-thumbnail","6":"product_cat-patines-chl","7":"product_cat-chl","8":"product_cat-electricos-patines","10":"first","11":"instock","12":"shipping-taxable","13":"product-type-simple"},"_links":{"self":[{"href":"https:\/\/optimizacion-online.info\/mtr\/wp-json\/wp\/v2\/product\/11964","targetHints":{"allow":["GET"]}}],"collection":[{"href":"https:\/\/optimizacion-online.info\/mtr\/wp-json\/wp\/v2\/product"}],"about":[{"href":"https:\/\/optimizacion-online.info\/mtr\/wp-json\/wp\/v2\/types\/product"}],"replies":[{"embeddable":true,"href":"https:\/\/optimizacion-online.info\/mtr\/wp-json\/wp\/v2\/comments?post=11964"}],"wp:featuredmedia":[{"embeddable":true,"href":"https:\/\/optimizacion-online.info\/mtr\/wp-json\/wp\/v2\/media\/11974"}],"wp:attachment":[{"href":"https:\/\/optimizacion-online.info\/mtr\/wp-json\/wp\/v2\/media?parent=11964"}],"wp:term":[{"taxonomy":"product_brand","embeddable":true,"href":"https:\/\/optimizacion-online.info\/mtr\/wp-json\/wp\/v2\/product_brand?post=11964"},{"taxonomy":"product_cat","embeddable":true,"href":"https:\/\/optimizacion-online.info\/mtr\/wp-json\/wp\/v2\/product_cat?post=11964"},{"taxonomy":"product_tag","embeddable":true,"href":"https:\/\/optimizacion-online.info\/mtr\/wp-json\/wp\/v2\/product_tag?post=11964"}],"curies":[{"name":"wp","href":"https:\/\/api.w.org\/{rel}","templated":true}]}}