{"id":11965,"date":"2023-03-22T10:21:17","date_gmt":"2023-03-22T10:21:17","guid":{"rendered":"https:\/\/montacargasventayrenta.com\/?post_type=product&#038;p=11965"},"modified":"2023-05-26T17:30:46","modified_gmt":"2023-05-26T17:30:46","slug":"cbd15-170j","status":"publish","type":"product","link":"https:\/\/optimizacion-online.info\/mtr\/producto\/cbd15-170j\/","title":{"rendered":"CBD15-170J"},"content":{"rendered":"<p>\u2022 El cami\u00f3n tiene una estructura compacta y es econ\u00f3mico.<br \/>\n\u2022 El motor de accionamiento de imanes permanentes ensamblado en el cami\u00f3n tiene una estructura simple y es f\u00e1cil de mantener.<br \/>\n\u2022 La regulaci\u00f3n de velocidad continua es f\u00e1cil de operar y mantener.<br \/>\n\u2022 El dise\u00f1o de tipo abierto de la bater\u00eda es f\u00e1cil de reemplazar.<br \/>\n\u2022 El cargador incorporado es una configuraci\u00f3n est\u00e1ndar.<br \/>\n\u2022 La bater\u00eda sin mantenimiento es segura y no contamina.<br \/>\n\u2022 El cami\u00f3n es compacto y adecuado para operaciones en espacios estrechos.<br \/>\n\u2022 Dise\u00f1o especial para horquillas dentro y fuera de tarimas de dos caras.<br \/>\n\u2022 El l\u00edmite autom\u00e1tico de elevaci\u00f3n es seguro y ahorra energ\u00eda.<br \/>\n\u2022 El dispositivo de marcha atr\u00e1s de emergencia y el interruptor de freno de emergencia tienen una configuraci\u00f3n est\u00e1ndar.<br \/>\n\u2022 El cami\u00f3n tiene un bajo nivel de ruido y un bajo consumo de energ\u00eda y solo se consumen 2 kw\/h de energ\u00eda al d\u00eda.<\/p>\n","protected":false},"excerpt":{"rendered":"<div id=\"1689700804\" class=\"u_1689700804 dmNewParagraph\" data-element-type=\"paragraph\" data-version=\"5\" data-binding=\"W3siYmluZGluZ05hbWUiOiJ0ZXh0IiwidmFsdWUiOiJkeW5hbWljX3BhZ2VfY29sbGVjdGlvbi5USVBPIn1d\" data-diy-text=\"\">Patines el\u00e9ctricos<\/div>\n<div id=\"1503534281\" class=\"u_1503534281 dmNewParagraph\" data-element-type=\"paragraph\" data-version=\"5\" data-binding=\"W3siYmluZGluZ05hbWUiOiJ0ZXh0IiwidmFsdWUiOiJkeW5hbWljX3BhZ2VfY29sbGVjdGlvbi5NQVJDQSJ9XQ==\" data-diy-text=\"\">CHL<\/div>\n","protected":false},"featured_media":11973,"comment_status":"closed","ping_status":"closed","template":"","meta":[],"product_brand":[],"product_cat":[400,392,329],"product_tag":[],"class_list":{"0":"post-11965","1":"product","2":"type-product","3":"status-publish","4":"has-post-thumbnail","6":"product_cat-patines-chl","7":"product_cat-chl","8":"product_cat-electricos-patines","10":"first","11":"instock","12":"shipping-taxable","13":"product-type-simple"},"_links":{"self":[{"href":"https:\/\/optimizacion-online.info\/mtr\/wp-json\/wp\/v2\/product\/11965","targetHints":{"allow":["GET"]}}],"collection":[{"href":"https:\/\/optimizacion-online.info\/mtr\/wp-json\/wp\/v2\/product"}],"about":[{"href":"https:\/\/optimizacion-online.info\/mtr\/wp-json\/wp\/v2\/types\/product"}],"replies":[{"embeddable":true,"href":"https:\/\/optimizacion-online.info\/mtr\/wp-json\/wp\/v2\/comments?post=11965"}],"wp:featuredmedia":[{"embeddable":true,"href":"https:\/\/optimizacion-online.info\/mtr\/wp-json\/wp\/v2\/media\/11973"}],"wp:attachment":[{"href":"https:\/\/optimizacion-online.info\/mtr\/wp-json\/wp\/v2\/media?parent=11965"}],"wp:term":[{"taxonomy":"product_brand","embeddable":true,"href":"https:\/\/optimizacion-online.info\/mtr\/wp-json\/wp\/v2\/product_brand?post=11965"},{"taxonomy":"product_cat","embeddable":true,"href":"https:\/\/optimizacion-online.info\/mtr\/wp-json\/wp\/v2\/product_cat?post=11965"},{"taxonomy":"product_tag","embeddable":true,"href":"https:\/\/optimizacion-online.info\/mtr\/wp-json\/wp\/v2\/product_tag?post=11965"}],"curies":[{"name":"wp","href":"https:\/\/api.w.org\/{rel}","templated":true}]}}