{"id":11966,"date":"2023-03-22T10:22:03","date_gmt":"2023-03-22T10:22:03","guid":{"rendered":"https:\/\/montacargasventayrenta.com\/?post_type=product&#038;p=11966"},"modified":"2023-05-26T17:31:21","modified_gmt":"2023-05-26T17:31:21","slug":"cbd20-25-30-470","status":"publish","type":"product","link":"https:\/\/optimizacion-online.info\/mtr\/producto\/cbd20-25-30-470\/","title":{"rendered":"CBD20 25 30-470"},"content":{"rendered":"<p>Configuraci\u00f3n y rendimiento<\/p>\n<p>\u2022 Direcci\u00f3n asistida electr\u00f3nica, ligera y silenciosa.<br \/>\n\u2022 Cuerpos flotantes de la unidad de accionamiento con dise\u00f1o patentado.<br \/>\n\u2022 Sistema de conducci\u00f3n OAC, sin escobillas de carb\u00f3n, sin mantenimiento.<br \/>\n\u2022 Controlador de conducci\u00f3n USA CURTIS.<br \/>\n\u2022 Sistema de frenado regenerativo electromagn\u00e9tico.<br \/>\n\u2022 L\u00edmite de elevaci\u00f3n autom\u00e1tico, prolonga la vida \u00fatil de la bater\u00eda y el motor.<br \/>\n\u2022 Bater\u00eda lateral, f\u00e1cil de reemplazar.<\/p>\n","protected":false},"excerpt":{"rendered":"<div id=\"1689700804\" class=\"u_1689700804 dmNewParagraph\" data-element-type=\"paragraph\" data-version=\"5\" data-binding=\"W3siYmluZGluZ05hbWUiOiJ0ZXh0IiwidmFsdWUiOiJkeW5hbWljX3BhZ2VfY29sbGVjdGlvbi5USVBPIn1d\" data-diy-text=\"\">Patines el\u00e9ctricos<\/div>\n<div id=\"1503534281\" class=\"u_1503534281 dmNewParagraph\" data-element-type=\"paragraph\" data-version=\"5\" data-binding=\"W3siYmluZGluZ05hbWUiOiJ0ZXh0IiwidmFsdWUiOiJkeW5hbWljX3BhZ2VfY29sbGVjdGlvbi5NQVJDQSJ9XQ==\" data-diy-text=\"\">CHL<\/div>\n","protected":false},"featured_media":11972,"comment_status":"closed","ping_status":"closed","template":"","meta":[],"product_brand":[],"product_cat":[400,392,329],"product_tag":[],"class_list":{"0":"post-11966","1":"product","2":"type-product","3":"status-publish","4":"has-post-thumbnail","6":"product_cat-patines-chl","7":"product_cat-chl","8":"product_cat-electricos-patines","10":"first","11":"instock","12":"shipping-taxable","13":"product-type-simple"},"_links":{"self":[{"href":"https:\/\/optimizacion-online.info\/mtr\/wp-json\/wp\/v2\/product\/11966","targetHints":{"allow":["GET"]}}],"collection":[{"href":"https:\/\/optimizacion-online.info\/mtr\/wp-json\/wp\/v2\/product"}],"about":[{"href":"https:\/\/optimizacion-online.info\/mtr\/wp-json\/wp\/v2\/types\/product"}],"replies":[{"embeddable":true,"href":"https:\/\/optimizacion-online.info\/mtr\/wp-json\/wp\/v2\/comments?post=11966"}],"wp:featuredmedia":[{"embeddable":true,"href":"https:\/\/optimizacion-online.info\/mtr\/wp-json\/wp\/v2\/media\/11972"}],"wp:attachment":[{"href":"https:\/\/optimizacion-online.info\/mtr\/wp-json\/wp\/v2\/media?parent=11966"}],"wp:term":[{"taxonomy":"product_brand","embeddable":true,"href":"https:\/\/optimizacion-online.info\/mtr\/wp-json\/wp\/v2\/product_brand?post=11966"},{"taxonomy":"product_cat","embeddable":true,"href":"https:\/\/optimizacion-online.info\/mtr\/wp-json\/wp\/v2\/product_cat?post=11966"},{"taxonomy":"product_tag","embeddable":true,"href":"https:\/\/optimizacion-online.info\/mtr\/wp-json\/wp\/v2\/product_tag?post=11966"}],"curies":[{"name":"wp","href":"https:\/\/api.w.org\/{rel}","templated":true}]}}