{"id":11982,"date":"2023-03-22T10:33:25","date_gmt":"2023-03-22T10:33:25","guid":{"rendered":"https:\/\/montacargasventayrenta.com\/?post_type=product&#038;p=11982"},"modified":"2023-03-22T10:33:25","modified_gmt":"2023-03-22T10:33:25","slug":"tractor-de-arrastre-1-5-6t-serie-g","status":"publish","type":"product","link":"https:\/\/optimizacion-online.info\/mtr\/producto\/tractor-de-arrastre-1-5-6t-serie-g\/","title":{"rendered":"Tractor de Arrastre 1.5-6t Serie G"},"content":{"rendered":"<p>El tractor el\u00e9ctrico de tipo CA de 1,5-6 t de la serie G, que tiene una apariencia popular y un rendimiento fiable, es una nueva generaci\u00f3n de tractores respetuosos con el medio ambiente. Con el principio de dise\u00f1o ergon\u00f3mico, se garantizan las comodidades de conducci\u00f3n al sentarse, el espacio de operaci\u00f3n y la protecci\u00f3n del medio ambiente.<\/p>\n<p>El cami\u00f3n de tres ruedas funciona con bater\u00eda. El volante es la rueda delantera y la rueda motriz es la rueda trasera. El controlador CURTIS importado con regulaci\u00f3n de velocidad continua est\u00e1 montado en el cami\u00f3n. El cami\u00f3n tiene bajo nivel de ruido, poderosa fuerza de tracci\u00f3n, operaci\u00f3n f\u00e1cil y direcci\u00f3n flexible.<\/p>\n","protected":false},"excerpt":{"rendered":"<div id=\"1689700804\" class=\"u_1689700804 dmNewParagraph\" data-element-type=\"paragraph\" data-version=\"5\" data-binding=\"W3siYmluZGluZ05hbWUiOiJ0ZXh0IiwidmFsdWUiOiJkeW5hbWljX3BhZ2VfY29sbGVjdGlvbi5USVBPIn1d\" data-diy-text=\"\">Tractores de Arrastre El\u00e9ctricos<\/div>\n<div id=\"1503534281\" class=\"u_1503534281 dmNewParagraph\" data-element-type=\"paragraph\" data-version=\"5\" data-binding=\"W3siYmluZGluZ05hbWUiOiJ0ZXh0IiwidmFsdWUiOiJkeW5hbWljX3BhZ2VfY29sbGVjdGlvbi5NQVJDQSJ9XQ==\" data-diy-text=\"\">CHL<\/div>\n","protected":false},"featured_media":12001,"comment_status":"closed","ping_status":"closed","template":"","meta":[],"product_brand":[],"product_cat":[401,392,402],"product_tag":[],"class_list":{"0":"post-11982","1":"product","2":"type-product","3":"status-publish","4":"has-post-thumbnail","6":"product_cat-tractores-electricos-tractores-de-litio","7":"product_cat-chl","8":"product_cat-tractores-electricos","10":"first","11":"instock","12":"shipping-taxable","13":"product-type-simple"},"_links":{"self":[{"href":"https:\/\/optimizacion-online.info\/mtr\/wp-json\/wp\/v2\/product\/11982","targetHints":{"allow":["GET"]}}],"collection":[{"href":"https:\/\/optimizacion-online.info\/mtr\/wp-json\/wp\/v2\/product"}],"about":[{"href":"https:\/\/optimizacion-online.info\/mtr\/wp-json\/wp\/v2\/types\/product"}],"replies":[{"embeddable":true,"href":"https:\/\/optimizacion-online.info\/mtr\/wp-json\/wp\/v2\/comments?post=11982"}],"wp:featuredmedia":[{"embeddable":true,"href":"https:\/\/optimizacion-online.info\/mtr\/wp-json\/wp\/v2\/media\/12001"}],"wp:attachment":[{"href":"https:\/\/optimizacion-online.info\/mtr\/wp-json\/wp\/v2\/media?parent=11982"}],"wp:term":[{"taxonomy":"product_brand","embeddable":true,"href":"https:\/\/optimizacion-online.info\/mtr\/wp-json\/wp\/v2\/product_brand?post=11982"},{"taxonomy":"product_cat","embeddable":true,"href":"https:\/\/optimizacion-online.info\/mtr\/wp-json\/wp\/v2\/product_cat?post=11982"},{"taxonomy":"product_tag","embeddable":true,"href":"https:\/\/optimizacion-online.info\/mtr\/wp-json\/wp\/v2\/product_tag?post=11982"}],"curies":[{"name":"wp","href":"https:\/\/api.w.org\/{rel}","templated":true}]}}