{"id":11987,"date":"2023-03-22T10:35:29","date_gmt":"2023-03-22T10:35:29","guid":{"rendered":"https:\/\/montacargasventayrenta.com\/?post_type=product&#038;p=11987"},"modified":"2023-03-22T10:35:29","modified_gmt":"2023-03-22T10:35:29","slug":"g-60","status":"publish","type":"product","link":"https:\/\/optimizacion-online.info\/mtr\/producto\/g-60\/","title":{"rendered":"G 60"},"content":{"rendered":"<p>El tractor con bater\u00eda de litio de 2-6 toneladas que tiene una apariencia popular y un rendimiento confiable es una nueva generaci\u00f3n de tractores amigables con el medio ambiente. Con el principio de dise\u00f1o ergon\u00f3mico, se garantizan las comodidades de conducci\u00f3n al sentarse, el espacio de operaci\u00f3n y la protecci\u00f3n del medio ambiente.<br \/>\nEl tractor funciona con bater\u00eda de litio. El volante es la rueda delantera y la rueda motriz es la rueda trasera. El controlador INMOTION importado con regulaci\u00f3n de velocidad continua se monta en el tractor. El tractor tiene bajo nivel de ruido, poderosa fuerza de tracci\u00f3n, operaci\u00f3n f\u00e1cil y direcci\u00f3n flexible.<\/p>\n","protected":false},"excerpt":{"rendered":"<div id=\"1689700804\" class=\"u_1689700804 dmNewParagraph\" data-element-type=\"paragraph\" data-version=\"5\" data-binding=\"W3siYmluZGluZ05hbWUiOiJ0ZXh0IiwidmFsdWUiOiJkeW5hbWljX3BhZ2VfY29sbGVjdGlvbi5USVBPIn1d\" data-diy-text=\"\">Tractores de Arrastre de Litio<\/div>\n<div id=\"1503534281\" class=\"u_1503534281 dmNewParagraph\" data-element-type=\"paragraph\" data-version=\"5\" data-binding=\"W3siYmluZGluZ05hbWUiOiJ0ZXh0IiwidmFsdWUiOiJkeW5hbWljX3BhZ2VfY29sbGVjdGlvbi5NQVJDQSJ9XQ==\" data-diy-text=\"\">CHL<\/div>\n","protected":false},"featured_media":11997,"comment_status":"closed","ping_status":"closed","template":"","meta":[],"product_brand":[],"product_cat":[403,392,401],"product_tag":[],"class_list":{"0":"post-11987","1":"product","2":"type-product","3":"status-publish","4":"has-post-thumbnail","6":"product_cat-tractores-de-litio","7":"product_cat-chl","8":"product_cat-tractores-electricos-tractores-de-litio","10":"first","11":"instock","12":"shipping-taxable","13":"product-type-simple"},"_links":{"self":[{"href":"https:\/\/optimizacion-online.info\/mtr\/wp-json\/wp\/v2\/product\/11987","targetHints":{"allow":["GET"]}}],"collection":[{"href":"https:\/\/optimizacion-online.info\/mtr\/wp-json\/wp\/v2\/product"}],"about":[{"href":"https:\/\/optimizacion-online.info\/mtr\/wp-json\/wp\/v2\/types\/product"}],"replies":[{"embeddable":true,"href":"https:\/\/optimizacion-online.info\/mtr\/wp-json\/wp\/v2\/comments?post=11987"}],"wp:featuredmedia":[{"embeddable":true,"href":"https:\/\/optimizacion-online.info\/mtr\/wp-json\/wp\/v2\/media\/11997"}],"wp:attachment":[{"href":"https:\/\/optimizacion-online.info\/mtr\/wp-json\/wp\/v2\/media?parent=11987"}],"wp:term":[{"taxonomy":"product_brand","embeddable":true,"href":"https:\/\/optimizacion-online.info\/mtr\/wp-json\/wp\/v2\/product_brand?post=11987"},{"taxonomy":"product_cat","embeddable":true,"href":"https:\/\/optimizacion-online.info\/mtr\/wp-json\/wp\/v2\/product_cat?post=11987"},{"taxonomy":"product_tag","embeddable":true,"href":"https:\/\/optimizacion-online.info\/mtr\/wp-json\/wp\/v2\/product_tag?post=11987"}],"curies":[{"name":"wp","href":"https:\/\/api.w.org\/{rel}","templated":true}]}}