{"id":11988,"date":"2023-03-22T10:35:52","date_gmt":"2023-03-22T10:35:52","guid":{"rendered":"https:\/\/montacargasventayrenta.com\/?post_type=product&#038;p=11988"},"modified":"2023-03-22T10:35:52","modified_gmt":"2023-03-22T10:35:52","slug":"2-6t","status":"publish","type":"product","link":"https:\/\/optimizacion-online.info\/mtr\/producto\/2-6t\/","title":{"rendered":"2-6t"},"content":{"rendered":"<p>\u2022 Alta eficiencia: eficiencia de carga superior al 95% que cumple con los requisitos de ahorro de energ\u00eda y reducci\u00f3n de emisiones.<br \/>\n\u2022 Rapidez: 100% de carga realizada en 2 horas a la mayor brevedad.<br \/>\n\u2022 Compatibilidad: compatibilidad de 48 v\/80 v que satisface la demanda de diferentes niveles de voltaje.<br \/>\n\u2022 Seguridad: protecci\u00f3n contra errores de conexi\u00f3n incorporada que ofrece autoaislamiento funci\u00f3n bajo falla. Perfecta alarma de autocomprobaci\u00f3n de fallas que facilita el mantenimiento de los usuarios.<\/p>\n","protected":false},"excerpt":{"rendered":"<div id=\"1689700804\" class=\"u_1689700804 dmNewParagraph\" data-element-type=\"paragraph\" data-version=\"5\" data-binding=\"W3siYmluZGluZ05hbWUiOiJ0ZXh0IiwidmFsdWUiOiJkeW5hbWljX3BhZ2VfY29sbGVjdGlvbi5USVBPIn1d\" data-diy-text=\"\">Tractores de Arrastre de Litio<\/div>\n<div id=\"1503534281\" class=\"u_1503534281 dmNewParagraph\" data-element-type=\"paragraph\" data-version=\"5\" data-binding=\"W3siYmluZGluZ05hbWUiOiJ0ZXh0IiwidmFsdWUiOiJkeW5hbWljX3BhZ2VfY29sbGVjdGlvbi5NQVJDQSJ9XQ==\" data-diy-text=\"\">CHL<\/div>\n","protected":false},"featured_media":11996,"comment_status":"closed","ping_status":"closed","template":"","meta":[],"product_brand":[],"product_cat":[403,392,401],"product_tag":[],"class_list":{"0":"post-11988","1":"product","2":"type-product","3":"status-publish","4":"has-post-thumbnail","6":"product_cat-tractores-de-litio","7":"product_cat-chl","8":"product_cat-tractores-electricos-tractores-de-litio","10":"first","11":"instock","12":"shipping-taxable","13":"product-type-simple"},"_links":{"self":[{"href":"https:\/\/optimizacion-online.info\/mtr\/wp-json\/wp\/v2\/product\/11988","targetHints":{"allow":["GET"]}}],"collection":[{"href":"https:\/\/optimizacion-online.info\/mtr\/wp-json\/wp\/v2\/product"}],"about":[{"href":"https:\/\/optimizacion-online.info\/mtr\/wp-json\/wp\/v2\/types\/product"}],"replies":[{"embeddable":true,"href":"https:\/\/optimizacion-online.info\/mtr\/wp-json\/wp\/v2\/comments?post=11988"}],"wp:featuredmedia":[{"embeddable":true,"href":"https:\/\/optimizacion-online.info\/mtr\/wp-json\/wp\/v2\/media\/11996"}],"wp:attachment":[{"href":"https:\/\/optimizacion-online.info\/mtr\/wp-json\/wp\/v2\/media?parent=11988"}],"wp:term":[{"taxonomy":"product_brand","embeddable":true,"href":"https:\/\/optimizacion-online.info\/mtr\/wp-json\/wp\/v2\/product_brand?post=11988"},{"taxonomy":"product_cat","embeddable":true,"href":"https:\/\/optimizacion-online.info\/mtr\/wp-json\/wp\/v2\/product_cat?post=11988"},{"taxonomy":"product_tag","embeddable":true,"href":"https:\/\/optimizacion-online.info\/mtr\/wp-json\/wp\/v2\/product_tag?post=11988"}],"curies":[{"name":"wp","href":"https:\/\/api.w.org\/{rel}","templated":true}]}}