{"id":11990,"date":"2023-03-22T10:36:39","date_gmt":"2023-03-22T10:36:39","guid":{"rendered":"https:\/\/montacargasventayrenta.com\/?post_type=product&#038;p=11990"},"modified":"2023-03-22T10:36:39","modified_gmt":"2023-03-22T10:36:39","slug":"3-4-5t","status":"publish","type":"product","link":"https:\/\/optimizacion-online.info\/mtr\/producto\/3-4-5t\/","title":{"rendered":"3-4.5t"},"content":{"rendered":"<p>Es una nueva generaci\u00f3n respetuosa con el medio ambiente, con una apariencia popular y un rendimiento confiable, el cami\u00f3n utilizado principalmente en operaciones de manejo de materiales dentro de la fabricaci\u00f3n de autom\u00f3viles y grandes empresas industriales es un equipo importante en la log\u00edstica regional. El volante y la rueda motriz es la rueda delantera. El controlador de tipo CA importado con regulaci\u00f3n de velocidad continua est\u00e1 montado en el tractor. El tractor tiene alta eficiencia energ\u00e9tica, bajo nivel de ruido, f\u00e1cil operaci\u00f3n y direcci\u00f3n flexible.<\/p>\n","protected":false},"excerpt":{"rendered":"<div id=\"1689700804\" class=\"u_1689700804 dmNewParagraph\" data-element-type=\"paragraph\" data-version=\"5\" data-binding=\"W3siYmluZGluZ05hbWUiOiJ0ZXh0IiwidmFsdWUiOiJkeW5hbWljX3BhZ2VfY29sbGVjdGlvbi5USVBPIn1d\" data-diy-text=\"\">Tractores de Arrastre de Litio<\/div>\n<div id=\"1503534281\" class=\"u_1503534281 dmNewParagraph\" data-element-type=\"paragraph\" data-version=\"5\" data-binding=\"W3siYmluZGluZ05hbWUiOiJ0ZXh0IiwidmFsdWUiOiJkeW5hbWljX3BhZ2VfY29sbGVjdGlvbi5NQVJDQSJ9XQ==\" data-diy-text=\"\">CHL<\/div>\n","protected":false},"featured_media":11997,"comment_status":"closed","ping_status":"closed","template":"","meta":[],"product_brand":[],"product_cat":[403,392,401],"product_tag":[],"class_list":{"0":"post-11990","1":"product","2":"type-product","3":"status-publish","4":"has-post-thumbnail","6":"product_cat-tractores-de-litio","7":"product_cat-chl","8":"product_cat-tractores-electricos-tractores-de-litio","10":"first","11":"instock","12":"shipping-taxable","13":"product-type-simple"},"_links":{"self":[{"href":"https:\/\/optimizacion-online.info\/mtr\/wp-json\/wp\/v2\/product\/11990","targetHints":{"allow":["GET"]}}],"collection":[{"href":"https:\/\/optimizacion-online.info\/mtr\/wp-json\/wp\/v2\/product"}],"about":[{"href":"https:\/\/optimizacion-online.info\/mtr\/wp-json\/wp\/v2\/types\/product"}],"replies":[{"embeddable":true,"href":"https:\/\/optimizacion-online.info\/mtr\/wp-json\/wp\/v2\/comments?post=11990"}],"wp:featuredmedia":[{"embeddable":true,"href":"https:\/\/optimizacion-online.info\/mtr\/wp-json\/wp\/v2\/media\/11997"}],"wp:attachment":[{"href":"https:\/\/optimizacion-online.info\/mtr\/wp-json\/wp\/v2\/media?parent=11990"}],"wp:term":[{"taxonomy":"product_brand","embeddable":true,"href":"https:\/\/optimizacion-online.info\/mtr\/wp-json\/wp\/v2\/product_brand?post=11990"},{"taxonomy":"product_cat","embeddable":true,"href":"https:\/\/optimizacion-online.info\/mtr\/wp-json\/wp\/v2\/product_cat?post=11990"},{"taxonomy":"product_tag","embeddable":true,"href":"https:\/\/optimizacion-online.info\/mtr\/wp-json\/wp\/v2\/product_tag?post=11990"}],"curies":[{"name":"wp","href":"https:\/\/api.w.org\/{rel}","templated":true}]}}