{"id":11992,"date":"2023-03-22T10:37:29","date_gmt":"2023-03-22T10:37:29","guid":{"rendered":"https:\/\/montacargasventayrenta.com\/?post_type=product&#038;p=11992"},"modified":"2023-03-22T10:37:29","modified_gmt":"2023-03-22T10:37:29","slug":"qyd20-30-45s","status":"publish","type":"product","link":"https:\/\/optimizacion-online.info\/mtr\/producto\/qyd20-30-45s\/","title":{"rendered":"QYD20 30 45S"},"content":{"rendered":"<p>Tiene una apariencia popular y un rendimiento confiable es una nueva generaci\u00f3n de tractores amigables con el medio ambiente. Con el principio de dise\u00f1o ergon\u00f3mico, se garantizan las comodidades de conducci\u00f3n al sentarse, el espacio de operaci\u00f3n y la protecci\u00f3n del medio ambiente.<\/p>\n","protected":false},"excerpt":{"rendered":"<div id=\"1689700804\" class=\"u_1689700804 dmNewParagraph\" data-element-type=\"paragraph\" data-version=\"5\" data-binding=\"W3siYmluZGluZ05hbWUiOiJ0ZXh0IiwidmFsdWUiOiJkeW5hbWljX3BhZ2VfY29sbGVjdGlvbi5USVBPIn1d\" data-diy-text=\"\">Tractores de Arrastre de Litio<\/div>\n<div id=\"1503534281\" class=\"u_1503534281 dmNewParagraph\" data-element-type=\"paragraph\" data-version=\"5\" data-binding=\"W3siYmluZGluZ05hbWUiOiJ0ZXh0IiwidmFsdWUiOiJkeW5hbWljX3BhZ2VfY29sbGVjdGlvbi5NQVJDQSJ9XQ==\" data-diy-text=\"\">CHL<\/div>\n","protected":false},"featured_media":11997,"comment_status":"closed","ping_status":"closed","template":"","meta":[],"product_brand":[],"product_cat":[401,392,403],"product_tag":[],"class_list":{"0":"post-11992","1":"product","2":"type-product","3":"status-publish","4":"has-post-thumbnail","6":"product_cat-tractores-electricos-tractores-de-litio","7":"product_cat-chl","8":"product_cat-tractores-de-litio","10":"first","11":"instock","12":"shipping-taxable","13":"product-type-simple"},"_links":{"self":[{"href":"https:\/\/optimizacion-online.info\/mtr\/wp-json\/wp\/v2\/product\/11992","targetHints":{"allow":["GET"]}}],"collection":[{"href":"https:\/\/optimizacion-online.info\/mtr\/wp-json\/wp\/v2\/product"}],"about":[{"href":"https:\/\/optimizacion-online.info\/mtr\/wp-json\/wp\/v2\/types\/product"}],"replies":[{"embeddable":true,"href":"https:\/\/optimizacion-online.info\/mtr\/wp-json\/wp\/v2\/comments?post=11992"}],"wp:featuredmedia":[{"embeddable":true,"href":"https:\/\/optimizacion-online.info\/mtr\/wp-json\/wp\/v2\/media\/11997"}],"wp:attachment":[{"href":"https:\/\/optimizacion-online.info\/mtr\/wp-json\/wp\/v2\/media?parent=11992"}],"wp:term":[{"taxonomy":"product_brand","embeddable":true,"href":"https:\/\/optimizacion-online.info\/mtr\/wp-json\/wp\/v2\/product_brand?post=11992"},{"taxonomy":"product_cat","embeddable":true,"href":"https:\/\/optimizacion-online.info\/mtr\/wp-json\/wp\/v2\/product_cat?post=11992"},{"taxonomy":"product_tag","embeddable":true,"href":"https:\/\/optimizacion-online.info\/mtr\/wp-json\/wp\/v2\/product_tag?post=11992"}],"curies":[{"name":"wp","href":"https:\/\/api.w.org\/{rel}","templated":true}]}}