{"id":4409,"date":"2018-11-13T00:51:44","date_gmt":"2018-11-13T00:51:44","guid":{"rendered":"https:\/\/montacargasventayrenta.com\/?post_type=product&#038;p=4409"},"modified":"2018-11-13T00:51:44","modified_gmt":"2018-11-13T00:51:44","slug":"jlg-plataforma-articulada1500-ajp","status":"publish","type":"product","link":"https:\/\/optimizacion-online.info\/mtr\/producto\/jlg-plataforma-articulada1500-ajp\/","title":{"rendered":"JLG Plataforma Articulada1500 AJP"},"content":{"rendered":"<p>El brazo gira vertical y horizontalmente para tener mejor acceso a los lugares de trabajo elevados<br \/>\nEleve m\u00e1s con la capacidad l\u00edder en su clase<br \/>\nVelocidad de elevaci\u00f3n r\u00e1pida \u2013 use m\u00e1s de su tiempo trabajando y menos tiempo posicion\u00e1ndose<br \/>\nNo se necesita permiso de carga con exceso de dimensiones (se requiere permiso de sobrepeso para el transporte por carretera)<\/p>\n<table class=\"excel1\" border=\"1\" cellspacing=\"0\" cellpadding=\"0\">\n<colgroup>\n<col width=\"308\">\n<col width=\"354\"><\/colgroup>\n<tbody>\n<tr>\n<td class=\"excel5\" colspan=\"2\" width=\"662\" height=\"24\">Fuente de alimentaci\u00f3n<\/td>\n<\/tr>\n<tr>\n<td class=\"excel2\" width=\"308\" height=\"21\">Alimentaci\u00f3n auxiliar<\/td>\n<td class=\"excel6\" width=\"354\">12 Volts DC<\/td>\n<\/tr>\n<tr>\n<td class=\"excel3\" width=\"308\" height=\"21\">Capacidad \u2013 Tanque de combustible<\/td>\n<td class=\"excel7\" width=\"354\">170.34 L \/ 45 gal.<\/td>\n<\/tr>\n<tr>\n<td class=\"excel2\" width=\"308\" height=\"21\">Tipo de motor \u2013 Di\u00e9sel<\/td>\n<td class=\"excel6\" width=\"354\">Deutz TCD 3.6 T4F 99.8 Hp<\/td>\n<\/tr>\n<tr>\n<td class=\"excel3\" width=\"308\" height=\"21\">Tipo de motor \u2013 Di\u00e9sel \u2013 LRC<\/td>\n<td class=\"excel7\" width=\"354\">Deutz TCD 3.6 T4F 99.8 Hp<\/td>\n<\/tr>\n<tr>\n<td class=\"excel4\" height=\"20\">&nbsp;<\/td>\n<td class=\"excel8\">&nbsp;<\/td>\n<\/tr>\n<tr>\n<td class=\"excel5\" colspan=\"2\" width=\"662\" height=\"24\">Datos de desempe\u00f1o<\/td>\n<\/tr>\n<tr>\n<td class=\"excel2\" width=\"308\" height=\"21\">Oscilaci\u00f3n del eje<\/td>\n<td class=\"excel6\" width=\"354\">0.3 m \/ 1 ft<\/td>\n<\/tr>\n<tr>\n<td class=\"excel3\" width=\"308\" height=\"35\">Velocidad de conducci\u00f3n \u2013 Doble tracci\u00f3n (4WD)<\/td>\n<td class=\"excel7\" width=\"354\">4.51 km\/h \/ 3 mph<\/td>\n<\/tr>\n<tr>\n<td class=\"excel2\" width=\"308\" height=\"21\">Capacidad en pendientes \u2013 Doble tracci\u00f3n<\/td>\n<td class=\"excel9\" width=\"354\">40%<\/td>\n<\/tr>\n<tr>\n<td class=\"excel3\" width=\"308\" height=\"21\">Capacidad de la plataforma \u2013 Restringida<\/td>\n<td class=\"excel7\" width=\"354\">453.59 kg \/ 1000 lb<\/td>\n<\/tr>\n<tr>\n<td class=\"excel2\" width=\"308\" height=\"21\">Capacidad de la plataforma \u2013 No restringida<\/td>\n<td class=\"excel6\" width=\"354\">272.16 kg \/ 600 lb<\/td>\n<\/tr>\n<tr>\n<td class=\"excel3\" width=\"308\" height=\"21\">Giro<\/td>\n<td class=\"excel7\" width=\"354\">360 Degrees<\/td>\n<\/tr>\n<tr>\n<td class=\"excel2\" width=\"308\" height=\"21\">Tipo de giro<\/td>\n<td class=\"excel6\" width=\"354\">Continuo<\/td>\n<\/tr>\n<tr>\n<td class=\"excel3\" width=\"308\" height=\"21\">Radio de giro \u2013 Exterior (ejes extendidos)<\/td>\n<td class=\"excel7\" width=\"354\">6.6 m \/ 21 ft 8 in.<\/td>\n<\/tr>\n<tr>\n<td class=\"excel2\" width=\"308\" height=\"21\">Radio de giro \u2013 Exterior (ejes replegados)<\/td>\n<td class=\"excel6\" width=\"354\">9.53 m \/ 31 ft 3 in.<\/td>\n<\/tr>\n<tr>\n<td height=\"20\">&nbsp;<\/td>\n<td class=\"excel8\">&nbsp;<\/td>\n<\/tr>\n<tr>\n<td class=\"excel5\" colspan=\"2\" width=\"662\" height=\"24\">Datos dimensionales<\/td>\n<\/tr>\n<tr>\n<td class=\"excel2\" width=\"308\" height=\"21\">Espacio libre al suelo<\/td>\n<td class=\"excel6\" width=\"354\">0.3 m \/ 1 ft<\/td>\n<\/tr>\n<tr>\n<td class=\"excel3\" width=\"308\" height=\"21\">Ancho de la m\u00e1quina<\/td>\n<td class=\"excel7\" width=\"354\">2.48 m \/ 8 ft 2 in.<\/td>\n<\/tr>\n<tr>\n<td class=\"excel2\" width=\"308\" height=\"21\">Dimensi\u00f3n A de la plataforma<\/td>\n<td class=\"excel6\" width=\"354\">0.91 m \/ 3 ft<\/td>\n<\/tr>\n<tr>\n<td class=\"excel3\" width=\"308\" height=\"21\">Dimensi\u00f3n B de la plataforma<\/td>\n<td class=\"excel7\" width=\"354\">2.44 m \/ 8 ft<\/td>\n<\/tr>\n<tr>\n<td class=\"excel2\" width=\"308\" height=\"21\">Altura de la plataforma<\/td>\n<td class=\"excel6\" width=\"354\">45.72 m \/ 150 ft<\/td>\n<\/tr>\n<tr>\n<td class=\"excel3\" width=\"308\" height=\"21\">Altura de la m\u00e1quina<\/td>\n<td class=\"excel7\" width=\"354\">3.1 m \/ 10 ft 2 in.<\/td>\n<\/tr>\n<tr>\n<td class=\"excel2\" width=\"308\" height=\"21\">Oscilaci\u00f3n posterior<\/td>\n<td class=\"excel6\" width=\"354\">0.74 m \/ 2 ft 5 in.<\/td>\n<\/tr>\n<tr>\n<td class=\"excel3\" width=\"308\" height=\"21\">Tama\u00f1o de llantas<\/td>\n<td class=\"excel7\" width=\"354\">445\/50D710 24 Ply FF<\/td>\n<\/tr>\n<tr>\n<td class=\"excel2\" width=\"308\" height=\"21\">Alturas<\/td>\n<td class=\"excel6\" width=\"354\">12.09 m \/ 39 ft 8 in.<\/td>\n<\/tr>\n<tr>\n<td height=\"20\">&nbsp;<\/td>\n<td class=\"excel8\">&nbsp;<\/td>\n<\/tr>\n<tr>\n<td class=\"excel5\" colspan=\"2\" width=\"662\" height=\"24\">Especificaciones de alcance<\/td>\n<\/tr>\n<tr>\n<td class=\"excel2\" width=\"308\" height=\"21\">Rotaci\u00f3n del brazo horizontal<\/td>\n<td class=\"excel6\" width=\"354\">125 Degrees<\/td>\n<\/tr>\n<tr>\n<td class=\"excel3\" width=\"308\" height=\"21\">Altura de la plataforma<\/td>\n<td class=\"excel7\" width=\"354\">45.72 m \/ 150 ft<\/td>\n<\/tr>\n<tr>\n<td class=\"excel2\" width=\"308\" height=\"21\">Altura arriba y sobre<\/td>\n<td class=\"excel6\" width=\"354\">18.29 m \/ 60 ft<\/td>\n<\/tr>\n<tr>\n<td class=\"excel3\" width=\"308\" height=\"21\">Altura de trabajo<\/td>\n<td class=\"excel7\" width=\"354\">47.55 m \/ 156 ft<\/td>\n<\/tr>\n<tr>\n<td height=\"20\">&nbsp;<\/td>\n<td class=\"excel8\">&nbsp;<\/td>\n<\/tr>\n<tr>\n<td class=\"excel5\" colspan=\"2\" width=\"662\" height=\"24\">Especificaciones generales<\/td>\n<\/tr>\n<tr>\n<td class=\"excel2\" width=\"308\" height=\"21\">Capacidad \u2013 Dep\u00f3sito hidr\u00e1ulico<\/td>\n<td class=\"excel6\" width=\"354\">352.04 L \/ 93 gal.<\/td>\n<\/tr>\n<tr>\n<td class=\"excel3\" width=\"308\" height=\"21\">Peso de la m\u00e1quina<\/td>\n<td class=\"excel7\" width=\"354\">26036.20 kg \/ 57400 lb<\/td>\n<\/tr>\n<tr>\n<td class=\"excel2\" width=\"308\" height=\"21\">Maximum-Ground-Bearing-Pressure<\/td>\n<td class=\"excel6\" width=\"354\">8.40 Kg\/cm2 \/ 120 psi<\/td>\n<\/tr>\n<tr>\n<td height=\"20\">&nbsp;<\/td>\n<td class=\"excel8\">&nbsp;<\/td>\n<\/tr>\n<\/tbody>\n<\/table>\n","protected":false},"excerpt":{"rendered":"<p>Este es el elevador de pluma articulada m\u00e1s alto del mundo. Su alcance superior y velocidad de elevaci\u00f3n lo hace de los l\u00edderes en la industria.<\/p>\n<p>Key Specs<br \/>\nAltura de la plataforma: 45.72 m \/ 150 ft<br \/>\nCapacidad de la plataforma \u2013 Restringida : 453.59 kg \/ 1000 lb<br \/>\nCapacidad de la plataforma \u2013 No restringida : 272.16 kg \/ 600 lb<\/p>\n","protected":false},"featured_media":4426,"comment_status":"closed","ping_status":"closed","template":"","meta":[],"product_brand":[],"product_cat":[319,338,336,320],"product_tag":[],"class_list":{"0":"post-4409","1":"product","2":"type-product","3":"status-publish","4":"has-post-thumbnail","6":"product_cat-elevadores","7":"product_cat-jlg","8":"product_cat-marcas","9":"product_cat-motorizados-de-pluma","11":"first","12":"instock","13":"shipping-taxable","14":"product-type-simple"},"_links":{"self":[{"href":"https:\/\/optimizacion-online.info\/mtr\/wp-json\/wp\/v2\/product\/4409","targetHints":{"allow":["GET"]}}],"collection":[{"href":"https:\/\/optimizacion-online.info\/mtr\/wp-json\/wp\/v2\/product"}],"about":[{"href":"https:\/\/optimizacion-online.info\/mtr\/wp-json\/wp\/v2\/types\/product"}],"replies":[{"embeddable":true,"href":"https:\/\/optimizacion-online.info\/mtr\/wp-json\/wp\/v2\/comments?post=4409"}],"wp:featuredmedia":[{"embeddable":true,"href":"https:\/\/optimizacion-online.info\/mtr\/wp-json\/wp\/v2\/media\/4426"}],"wp:attachment":[{"href":"https:\/\/optimizacion-online.info\/mtr\/wp-json\/wp\/v2\/media?parent=4409"}],"wp:term":[{"taxonomy":"product_brand","embeddable":true,"href":"https:\/\/optimizacion-online.info\/mtr\/wp-json\/wp\/v2\/product_brand?post=4409"},{"taxonomy":"product_cat","embeddable":true,"href":"https:\/\/optimizacion-online.info\/mtr\/wp-json\/wp\/v2\/product_cat?post=4409"},{"taxonomy":"product_tag","embeddable":true,"href":"https:\/\/optimizacion-online.info\/mtr\/wp-json\/wp\/v2\/product_tag?post=4409"}],"curies":[{"name":"wp","href":"https:\/\/api.w.org\/{rel}","templated":true}]}}