{"id":4416,"date":"2018-11-13T01:23:32","date_gmt":"2018-11-13T01:23:32","guid":{"rendered":"https:\/\/montacargasventayrenta.com\/?post_type=product&#038;p=4416"},"modified":"2018-11-13T01:23:32","modified_gmt":"2018-11-13T01:23:32","slug":"jlg-plataforma-articulada-740-aj","status":"publish","type":"product","link":"https:\/\/optimizacion-online.info\/mtr\/producto\/jlg-plataforma-articulada-740-aj\/","title":{"rendered":"JLG Plataforma Articulada 740 AJ"},"content":{"rendered":"<p>Caracter\u00edsticas clave<br \/>\nEspec\u00edficamente fabricado para trabajar en las aeronaves de la actualidad<br \/>\nCon el sistema de prevenci\u00f3n de ca\u00eddas, usted puede salir de la plataforma y desplazarse 270 grados alrededor de ella dentro de un radio de 1.8 m (6 pies)<br \/>\nEl brazo articulado le permite alcanzar todas las superficies externas de cualquier aeronave fabricada en la actualidad<\/p>\n<table cellspacing=\"0\" cellpadding=\"0\">\n<colgroup>\n<col width=\"375\">\n<col width=\"256\"><\/colgroup>\n<tbody>\n<tr>\n<td colspan=\"2\" bgcolor=\"#CCCCCC\" width=\"631\" height=\"24\">Fuente de alimentaci\u00f3n<\/td>\n<\/tr>\n<tr>\n<td width=\"375\" height=\"20\">Alimentaci\u00f3n auxiliar<\/td>\n<td width=\"256\">12 Volts DC<\/td>\n<\/tr>\n<tr>\n<td width=\"375\" height=\"20\">Capacidad \u2013 Tanque de combustible<\/td>\n<td width=\"256\">151 L \/ 40 gal.<\/td>\n<\/tr>\n<tr>\n<td width=\"375\" height=\"20\">Tipo de motor \u2013 Di\u00e9sel \u2013 LRC<\/td>\n<td width=\"256\">Deutz D2011L04 w\/EGR 46 kW 61.6 hp<\/td>\n<\/tr>\n<tr>\n<td width=\"375\" height=\"20\">Tipo de motor \u2013 Combustible doble<\/td>\n<td width=\"256\">GM Vortec 3000 MPR 61 kW 82 hp<\/td>\n<\/tr>\n<tr>\n<td height=\"24\">&nbsp;<\/td>\n<td>&nbsp;<\/td>\n<\/tr>\n<tr>\n<td colspan=\"2\" bgcolor=\"#CCCCCC\" width=\"631\" height=\"24\">Datos de desempe\u00f1o<\/td>\n<\/tr>\n<tr>\n<td width=\"375\" height=\"24\">Oscilaci\u00f3n del eje<\/td>\n<td width=\"256\">0 cm \/ 0 in.<\/td>\n<\/tr>\n<tr>\n<td width=\"375\" height=\"20\">Velocidad de conducci\u00f3n \u2013 Doble tracci\u00f3n (4WD)<\/td>\n<td width=\"256\">4.80 km\/h \/ 2.98 mph<\/td>\n<\/tr>\n<tr>\n<td width=\"375\" height=\"20\">Capacidad en pendientes \u2013 Doble tracci\u00f3n<\/td>\n<td width=\"256\">45%<\/td>\n<\/tr>\n<tr>\n<td width=\"375\" height=\"20\">Capacidad de la plataforma \u2013 No restringida<\/td>\n<td width=\"256\">230 kg \/ 507 lb<\/td>\n<\/tr>\n<tr>\n<td width=\"375\" height=\"20\">Giro<\/td>\n<td width=\"256\">360 Degrees<\/td>\n<\/tr>\n<tr>\n<td width=\"375\" height=\"20\">Tipo de giro<\/td>\n<td width=\"256\">Continuo<\/td>\n<\/tr>\n<tr>\n<td width=\"375\" height=\"20\">Radio de giro \u2013 Exterior (doble tracci\u00f3n)<\/td>\n<td width=\"256\">4.42 m \/ 15 ft<\/td>\n<\/tr>\n<tr>\n<td height=\"20\">&nbsp;<\/td>\n<td>&nbsp;<\/td>\n<\/tr>\n<tr>\n<td colspan=\"2\" bgcolor=\"#CCCCCC\" width=\"631\" height=\"24\">Datos dimensionales<\/td>\n<\/tr>\n<tr>\n<td width=\"375\" height=\"24\">Espacio libre al suelo<\/td>\n<td width=\"256\">0.3 m \/ 1 ft<\/td>\n<\/tr>\n<tr>\n<td width=\"375\" height=\"20\">Altura de la m\u00e1quina<\/td>\n<td width=\"256\">3 m \/ 10 ft<\/td>\n<\/tr>\n<tr>\n<td width=\"375\" height=\"24\">Longitud de la m\u00e1quina<\/td>\n<td width=\"256\">11.13 m \/ 37 ft<\/td>\n<\/tr>\n<tr>\n<td width=\"375\" height=\"24\">Ancho de la m\u00e1quina<\/td>\n<td width=\"256\">2.49 m \/ 8 ft<\/td>\n<\/tr>\n<tr>\n<td width=\"375\" height=\"20\">Dimensi\u00f3n A de la plataforma<\/td>\n<td width=\"256\">0.91 m \/ 3 ft<\/td>\n<\/tr>\n<tr>\n<td width=\"375\" height=\"20\">Dimensi\u00f3n B de la plataforma<\/td>\n<td width=\"256\">1.83 m \/ 6 ft<\/td>\n<\/tr>\n<tr>\n<td width=\"375\" height=\"20\">Altura de la plataforma<\/td>\n<td width=\"256\">22.55 m \/ 74 ft<\/td>\n<\/tr>\n<tr>\n<td width=\"375\" height=\"20\">Oscilaci\u00f3n posterior<\/td>\n<td width=\"256\">0.76 m \/ 2 ft 6 in.<\/td>\n<\/tr>\n<tr>\n<td width=\"375\" height=\"34\">Tama\u00f1o de llantas<\/td>\n<td width=\"256\">445\/55D19.5 Banda de rodamiento ancha con tacos rellena con espuma<\/td>\n<\/tr>\n<tr>\n<td height=\"20\">&nbsp;<\/td>\n<td>&nbsp;<\/td>\n<\/tr>\n<tr>\n<td colspan=\"2\" bgcolor=\"#CCCCCC\" width=\"631\" height=\"24\">Especificaciones de alcance<\/td>\n<\/tr>\n<tr>\n<td width=\"375\" height=\"24\">Rotaci\u00f3n del brazo horizontal<\/td>\n<td width=\"256\">0 Degrees<\/td>\n<\/tr>\n<tr>\n<td width=\"375\" height=\"24\">Alcance horizontal<\/td>\n<td width=\"256\">15.80 m \/ 52 ft<\/td>\n<\/tr>\n<tr>\n<td width=\"375\" height=\"24\">Altura de la plataforma<\/td>\n<td width=\"256\">22.55 m \/ 74 ft<\/td>\n<\/tr>\n<tr>\n<td width=\"375\" height=\"24\">Altura arriba y sobre<\/td>\n<td width=\"256\">7.64 m \/ 25 ft<\/td>\n<\/tr>\n<tr>\n<td width=\"375\" height=\"20\">Rotaci\u00f3n de brazo vertical<\/td>\n<td width=\"256\">130 Degrees<\/td>\n<\/tr>\n<tr>\n<td height=\"20\">&nbsp;<\/td>\n<td>&nbsp;<\/td>\n<\/tr>\n<tr>\n<td colspan=\"2\" bgcolor=\"#CCCCCC\" width=\"631\" height=\"24\">Especificaciones generales<\/td>\n<\/tr>\n<tr>\n<td width=\"375\" height=\"24\">Capacidad \u2013 Dep\u00f3sito hidr\u00e1ulico<\/td>\n<td width=\"256\">151 L \/ 40 gal.<\/td>\n<\/tr>\n<tr>\n<td width=\"375\" height=\"24\">Presi\u00f3n de apoyo sobre el suelo<\/td>\n<td width=\"256\">5.90 Kg\/cm2<\/td>\n<\/tr>\n<tr>\n<td width=\"375\" height=\"24\">Peso de la m\u00e1quina<\/td>\n<td width=\"256\">16420 kg \/ 36200 lb<\/td>\n<\/tr>\n<\/tbody>\n<\/table>\n","protected":false},"excerpt":{"rendered":"<p>Fabricado espec\u00edficamente para el trabajo en aeronaves, el 740AJ tiene un brazo articulado para acceder a todas las superficies externas de cualquier aeronave. El exclusivo sistema de prevenci\u00f3n de ca\u00eddas y las opciones como la plataforma Soft Touch hacen de este equipo la opci\u00f3n ideal para el mantenimiento de aeronaves.<\/p>\n<p>Key Specs<br \/>\nAlcance horizontal : 15.80 m \/ 52 ft<br \/>\nCapacidad de la plataforma \u2013 No restringida : 230 kg \/ 507 lb<br \/>\nAltura de la plataforma: 22.55 m \/ 74 ft<\/p>\n","protected":false},"featured_media":4441,"comment_status":"closed","ping_status":"closed","template":"","meta":[],"product_brand":[],"product_cat":[319,338,336,320],"product_tag":[],"class_list":{"0":"post-4416","1":"product","2":"type-product","3":"status-publish","4":"has-post-thumbnail","6":"product_cat-elevadores","7":"product_cat-jlg","8":"product_cat-marcas","9":"product_cat-motorizados-de-pluma","11":"first","12":"instock","13":"shipping-taxable","14":"product-type-simple"},"_links":{"self":[{"href":"https:\/\/optimizacion-online.info\/mtr\/wp-json\/wp\/v2\/product\/4416","targetHints":{"allow":["GET"]}}],"collection":[{"href":"https:\/\/optimizacion-online.info\/mtr\/wp-json\/wp\/v2\/product"}],"about":[{"href":"https:\/\/optimizacion-online.info\/mtr\/wp-json\/wp\/v2\/types\/product"}],"replies":[{"embeddable":true,"href":"https:\/\/optimizacion-online.info\/mtr\/wp-json\/wp\/v2\/comments?post=4416"}],"wp:featuredmedia":[{"embeddable":true,"href":"https:\/\/optimizacion-online.info\/mtr\/wp-json\/wp\/v2\/media\/4441"}],"wp:attachment":[{"href":"https:\/\/optimizacion-online.info\/mtr\/wp-json\/wp\/v2\/media?parent=4416"}],"wp:term":[{"taxonomy":"product_brand","embeddable":true,"href":"https:\/\/optimizacion-online.info\/mtr\/wp-json\/wp\/v2\/product_brand?post=4416"},{"taxonomy":"product_cat","embeddable":true,"href":"https:\/\/optimizacion-online.info\/mtr\/wp-json\/wp\/v2\/product_cat?post=4416"},{"taxonomy":"product_tag","embeddable":true,"href":"https:\/\/optimizacion-online.info\/mtr\/wp-json\/wp\/v2\/product_tag?post=4416"}],"curies":[{"name":"wp","href":"https:\/\/api.w.org\/{rel}","templated":true}]}}