{"id":4417,"date":"2018-11-13T01:25:07","date_gmt":"2018-11-13T01:25:07","guid":{"rendered":"https:\/\/montacargasventayrenta.com\/?post_type=product&#038;p=4417"},"modified":"2018-11-13T01:25:07","modified_gmt":"2018-11-13T01:25:07","slug":"plataforma-articulada-jlg-800-aj","status":"publish","type":"product","link":"https:\/\/optimizacion-online.info\/mtr\/producto\/plataforma-articulada-jlg-800-aj\/","title":{"rendered":"Plataforma Articulada JLG 800 AJ"},"content":{"rendered":"<p>Caracter\u00edsticas clave<br \/>\nObtenga el alcance extra y la versatilidad que necesita con la mejor curva de alcance de la industria<br \/>\nCon la estaci\u00f3n de trabajo en los accesorios Sky\u00ae, tendr\u00e1 todo lo que necesita para realizar el trabajo<br \/>\nEl sistema electr\u00f3nico de dise\u00f1o avanzado reduce sus costos aumentando el ahorro de combustible y reduciendo las emisiones<br \/>\nEl dise\u00f1o del brazo QuikStick\u00aepatentado de JLG reduce significativamente los tiempos de ciclo de ascenso\/descenso<br \/>\nAlcance de primera categor\u00eda que permite mejorar la productividad<br \/>\nOpciones de accesorios Workstation in the Sky\u2122 disponibles para ayudar a hacer el trabajo<\/p>\n<table cellspacing=\"0\" cellpadding=\"0\">\n<tbody>\n<tr>\n<td colspan=\"2\" bgcolor=\"#CCCCCC\" width=\"631\" height=\"24\">Fuente de alimentaci\u00f3n<\/td>\n<\/tr>\n<tr>\n<td width=\"375\" height=\"20\">Alimentaci\u00f3n auxiliar<\/td>\n<td width=\"256\">12 Volts DC<\/td>\n<\/tr>\n<tr>\n<td width=\"375\" height=\"20\">Capacidad \u2013 Tanque de combustible<\/td>\n<td width=\"256\">151 L \/ 40 gal.<\/td>\n<\/tr>\n<tr>\n<td width=\"375\" height=\"20\">Tipo de motor \u2013 Di\u00e9sel \u2013 LRC<\/td>\n<td width=\"256\">Deutz D2011L04 w\/EGR 46 kW 61.6 hp<\/td>\n<\/tr>\n<tr>\n<td width=\"375\" height=\"20\">Tipo de motor \u2013 Combustible doble<\/td>\n<td width=\"256\">GM Vortec 3000 MPR 61 kW 82 hp<\/td>\n<\/tr>\n<tr>\n<td height=\"24\">&nbsp;<\/td>\n<td>&nbsp;<\/td>\n<\/tr>\n<tr>\n<td colspan=\"2\" bgcolor=\"#CCCCCC\" width=\"631\" height=\"24\">Datos de desempe\u00f1o<\/td>\n<\/tr>\n<tr>\n<td width=\"375\" height=\"24\">Oscilaci\u00f3n del eje<\/td>\n<td width=\"256\">0.2 m \/ 8 in.<\/td>\n<\/tr>\n<tr>\n<td width=\"375\" height=\"34\">Velocidad de conducci\u00f3n \u2013 Tracci\u00f3n en dos ruedas (2WD)<\/td>\n<td width=\"256\">4.80 km\/h \/ 2.98 mph<\/td>\n<\/tr>\n<tr>\n<td width=\"375\" height=\"20\">Velocidad de conducci\u00f3n \u2013 Doble tracci\u00f3n (4WD)<\/td>\n<td width=\"256\">4.80 km\/h \/ 2.98 mph<\/td>\n<\/tr>\n<tr>\n<td width=\"375\" height=\"20\">Capacidad en pendientes \u2013 Tracci\u00f3n en dos ruedas<\/td>\n<td width=\"256\">30%<\/td>\n<\/tr>\n<tr>\n<td width=\"375\" height=\"20\">Capacidad en pendientes \u2013 Doble tracci\u00f3n<\/td>\n<td width=\"256\">45%<\/td>\n<\/tr>\n<tr>\n<td width=\"375\" height=\"20\">Capacidad de la plataforma \u2013 No restringida<\/td>\n<td width=\"256\">230 kg \/ 507 lb<\/td>\n<\/tr>\n<tr>\n<td width=\"375\" height=\"20\">Giro<\/td>\n<td width=\"256\">360 Degrees<\/td>\n<\/tr>\n<tr>\n<td width=\"375\" height=\"20\">Tipo de giro<\/td>\n<td width=\"256\">Continuo<\/td>\n<\/tr>\n<tr>\n<td width=\"375\" height=\"24\">Radio de giro \u2013 Exterior (tracci\u00f3n en dos ruedas)<\/td>\n<td width=\"256\">6.86 m \/ 23 ft<\/td>\n<\/tr>\n<tr>\n<td width=\"375\" height=\"24\">Radio de giro \u2013 Exterior (doble tracci\u00f3n)<\/td>\n<td width=\"256\">4.42 m \/ 15 ft<\/td>\n<\/tr>\n<tr>\n<td height=\"20\">&nbsp;<\/td>\n<td>&nbsp;<\/td>\n<\/tr>\n<tr>\n<td colspan=\"2\" bgcolor=\"#CCCCCC\" width=\"631\" height=\"24\">Datos dimensionales<\/td>\n<\/tr>\n<tr>\n<td width=\"375\" height=\"24\">Espacio libre al suelo<\/td>\n<td width=\"256\">0.3 m \/ 1 ft<\/td>\n<\/tr>\n<tr>\n<td width=\"375\" height=\"20\">Altura de la m\u00e1quina<\/td>\n<td width=\"256\">3 m \/ 10 ft<\/td>\n<\/tr>\n<tr>\n<td width=\"375\" height=\"20\">Longitud de la m\u00e1quina<\/td>\n<td width=\"256\">11.12 m \/ 36 ft<\/td>\n<\/tr>\n<tr>\n<td width=\"375\" height=\"20\">Ancho de la m\u00e1quina<\/td>\n<td width=\"256\">2.49 m \/ 8 ft<\/td>\n<\/tr>\n<tr>\n<td width=\"375\" height=\"20\">Dimensi\u00f3n A de la plataforma<\/td>\n<td width=\"256\">0.91 m \/ 3 ft<\/td>\n<\/tr>\n<tr>\n<td width=\"375\" height=\"20\">Dimensi\u00f3n B de la plataforma<\/td>\n<td width=\"256\">2.44 m \/ 8 ft<\/td>\n<\/tr>\n<tr>\n<td width=\"375\" height=\"20\">Altura de la plataforma<\/td>\n<td width=\"256\">24.46 m \/ 80 ft<\/td>\n<\/tr>\n<tr>\n<td width=\"375\" height=\"24\">Oscilaci\u00f3n posterior<\/td>\n<td width=\"256\">0.76 m \/ 2 ft 6 in.<\/td>\n<\/tr>\n<tr>\n<td width=\"375\" height=\"24\">Tama\u00f1o de llantas<\/td>\n<td width=\"256\">18 x 19.5 Banda ancha de rodamiento con tacos<\/td>\n<\/tr>\n<tr>\n<td height=\"24\">&nbsp;<\/td>\n<td>&nbsp;<\/td>\n<\/tr>\n<tr>\n<td colspan=\"2\" bgcolor=\"#CCCCCC\" width=\"631\" height=\"24\">Especificaciones de alcance<\/td>\n<\/tr>\n<tr>\n<td width=\"375\" height=\"24\">Rotaci\u00f3n del brazo horizontal<\/td>\n<td width=\"256\">0 Degrees<\/td>\n<\/tr>\n<tr>\n<td width=\"375\" height=\"20\">Alcance horizontal<\/td>\n<td width=\"256\">15.74 m \/ 52 ft<\/td>\n<\/tr>\n<tr>\n<td width=\"375\" height=\"20\">Altura de la plataforma<\/td>\n<td width=\"256\">24.46 m \/ 80 ft<\/td>\n<\/tr>\n<tr>\n<td width=\"375\" height=\"24\">Altura arriba y sobre<\/td>\n<td width=\"256\">9.78 m \/ 32 ft<\/td>\n<\/tr>\n<tr>\n<td width=\"375\" height=\"24\">Rotaci\u00f3n de brazo vertical<\/td>\n<td width=\"256\">130 Degrees<\/td>\n<\/tr>\n<tr>\n<td height=\"24\">&nbsp;<\/td>\n<td>&nbsp;<\/td>\n<\/tr>\n<tr>\n<td colspan=\"2\" bgcolor=\"#CCCCCC\" width=\"631\" height=\"24\">Especificaciones generales<\/td>\n<\/tr>\n<tr>\n<td width=\"375\" height=\"24\">Capacidad \u2013 Dep\u00f3sito hidr\u00e1ulico<\/td>\n<td width=\"256\">261 L \/ 69 gal.<\/td>\n<\/tr>\n<tr>\n<td width=\"375\" height=\"20\">Presi\u00f3n de apoyo sobre el suelo<\/td>\n<td width=\"256\">5.40 Kg\/cm2<\/td>\n<\/tr>\n<tr>\n<td width=\"375\" height=\"20\">Peso de la m\u00e1quina<\/td>\n<td width=\"256\">15558 kg \/ 34300 lb<\/td>\n<\/tr>\n<\/tbody>\n<\/table>\n","protected":false},"excerpt":{"rendered":"<p>Ya sea que se vaya a desplazar en o fuera del terreno irregular, la Serie 800 le permitir\u00e1 elevarse m\u00e1s y llegar a su trabajo con mayor rapidez. Nuestra exclusiva pluma QuikStik\u00ae le lleva desde el piso hasta 24.38 m (80 pies) en menos de 50 segundos. Y con la mejor curva de alcance de la industria, 9.75 m (32 pies) de altura y 16.15 m (53 pies) de extensi\u00f3n, no hay ning\u00fan obst\u00e1culo que no pueda superar.<\/p>\n<p>Key Specs<br \/>\nAlcance horizontal : 15.74 m \/ 52 ft<br \/>\nCapacidad de la plataforma \u2013 No restringida : 230 kg \/ 507 lb<br \/>\nAltura de la plataforma: 24.46 m \/ 80 ft<\/p>\n","protected":false},"featured_media":4422,"comment_status":"closed","ping_status":"closed","template":"","meta":[],"product_brand":[],"product_cat":[319,338,336,320],"product_tag":[],"class_list":{"0":"post-4417","1":"product","2":"type-product","3":"status-publish","4":"has-post-thumbnail","6":"product_cat-elevadores","7":"product_cat-jlg","8":"product_cat-marcas","9":"product_cat-motorizados-de-pluma","11":"first","12":"instock","13":"shipping-taxable","14":"product-type-simple"},"_links":{"self":[{"href":"https:\/\/optimizacion-online.info\/mtr\/wp-json\/wp\/v2\/product\/4417","targetHints":{"allow":["GET"]}}],"collection":[{"href":"https:\/\/optimizacion-online.info\/mtr\/wp-json\/wp\/v2\/product"}],"about":[{"href":"https:\/\/optimizacion-online.info\/mtr\/wp-json\/wp\/v2\/types\/product"}],"replies":[{"embeddable":true,"href":"https:\/\/optimizacion-online.info\/mtr\/wp-json\/wp\/v2\/comments?post=4417"}],"wp:featuredmedia":[{"embeddable":true,"href":"https:\/\/optimizacion-online.info\/mtr\/wp-json\/wp\/v2\/media\/4422"}],"wp:attachment":[{"href":"https:\/\/optimizacion-online.info\/mtr\/wp-json\/wp\/v2\/media?parent=4417"}],"wp:term":[{"taxonomy":"product_brand","embeddable":true,"href":"https:\/\/optimizacion-online.info\/mtr\/wp-json\/wp\/v2\/product_brand?post=4417"},{"taxonomy":"product_cat","embeddable":true,"href":"https:\/\/optimizacion-online.info\/mtr\/wp-json\/wp\/v2\/product_cat?post=4417"},{"taxonomy":"product_tag","embeddable":true,"href":"https:\/\/optimizacion-online.info\/mtr\/wp-json\/wp\/v2\/product_tag?post=4417"}],"curies":[{"name":"wp","href":"https:\/\/api.w.org\/{rel}","templated":true}]}}