{"id":4419,"date":"2018-11-13T01:32:51","date_gmt":"2018-11-13T01:32:51","guid":{"rendered":"https:\/\/montacargasventayrenta.com\/?post_type=product&#038;p=4419"},"modified":"2018-11-13T01:32:51","modified_gmt":"2018-11-13T01:32:51","slug":"jlg-plataforma-articulada-pluma-ultra-1250-ajp","status":"publish","type":"product","link":"https:\/\/optimizacion-online.info\/mtr\/producto\/jlg-plataforma-articulada-pluma-ultra-1250-ajp\/","title":{"rendered":"JLG Plataforma Articulada Pluma Ultra 1250 AJP"},"content":{"rendered":"<p>Caracter\u00edsticas clave<br \/>\nDesde el piso hasta 36.57 m (120 pies) en 95 segundos<br \/>\nEl acero resistente de 7,031 kg\/cm\u00b2 (100,000 psi) y una capacidad doble de 454\/227 kg (1,000\/500 lb) le proporcionan capacidad y estabilidad<br \/>\nEl dise\u00f1o del brazo QuikStick\u00aepatentado de JLG reduce significativamente los tiempos de ciclo de ascenso\/descenso<br \/>\nTracci\u00f3n en las cuatro ruedas y direcci\u00f3n en las cuatro ruedas m\u00e1s eje oscilante que ofrecen una movilidad excelente en el lugar de trabajo<br \/>\nLa capacidad de la plataforma dual con un m\u00e1ximo de 450 kg disponible proporciona una mayor versatilidad y productividad<\/p>\n<table cellspacing=\"0\" cellpadding=\"0\">\n<tbody>\n<tr>\n<td colspan=\"2\" bgcolor=\"#CCCCCC\" width=\"631\" height=\"24\">Fuente de alimentaci\u00f3n<\/td>\n<\/tr>\n<tr>\n<td width=\"375\" height=\"20\">Alimentaci\u00f3n auxiliar<\/td>\n<td width=\"256\">12 Volts DC<\/td>\n<\/tr>\n<tr>\n<td width=\"375\" height=\"20\">Capacidad \u2013 Tanque de combustible<\/td>\n<td width=\"256\">117 L \/ 31 gal.<\/td>\n<\/tr>\n<tr>\n<td width=\"375\" height=\"20\">Tipo de motor \u2013 Di\u00e9sel \u2013 LRC<\/td>\n<td width=\"256\">Deutz TD2011L4 56 kW 75 hp<\/td>\n<\/tr>\n<tr>\n<td height=\"20\">&nbsp;<\/td>\n<td>&nbsp;<\/td>\n<\/tr>\n<tr>\n<td colspan=\"2\" bgcolor=\"#CCCCCC\" width=\"631\" height=\"24\">Datos de desempe\u00f1o<\/td>\n<\/tr>\n<tr>\n<td width=\"375\" height=\"20\">Oscilaci\u00f3n del eje<\/td>\n<td width=\"256\">0.3 m \/ 1 ft<\/td>\n<\/tr>\n<tr>\n<td width=\"375\" height=\"20\">Velocidad de conducci\u00f3n \u2013 Doble tracci\u00f3n (4WD)<\/td>\n<td width=\"256\">5.20 km\/h \/ 3.23 mph<\/td>\n<\/tr>\n<tr>\n<td width=\"375\" height=\"20\">Capacidad en pendientes \u2013 Doble tracci\u00f3n<\/td>\n<td width=\"256\">45%<\/td>\n<\/tr>\n<tr>\n<td width=\"375\" height=\"20\">Capacidad de la plataforma \u2013 Restringida<\/td>\n<td width=\"256\">450 kg \/ 992 lb<\/td>\n<\/tr>\n<tr>\n<td width=\"375\" height=\"20\">Capacidad de la plataforma \u2013 No restringida<\/td>\n<td width=\"256\">230 kg \/ 507 lb<\/td>\n<\/tr>\n<tr>\n<td width=\"375\" height=\"20\">Giro<\/td>\n<td width=\"256\">360 Degrees<\/td>\n<\/tr>\n<tr>\n<td width=\"375\" height=\"20\">Tipo de giro<\/td>\n<td width=\"256\">Continuo<\/td>\n<\/tr>\n<tr>\n<td width=\"375\" height=\"20\">Radio de giro \u2013 Exterior (ejes extendidos)<\/td>\n<td width=\"256\">5.89 m \/ 19 ft<\/td>\n<\/tr>\n<tr>\n<td width=\"375\" height=\"20\">Radio de giro \u2013 Exterior (ejes replegados)<\/td>\n<td width=\"256\">6.86 m \/ 23 ft<\/td>\n<\/tr>\n<tr>\n<td height=\"20\">&nbsp;<\/td>\n<td>&nbsp;<\/td>\n<\/tr>\n<tr>\n<td colspan=\"2\" bgcolor=\"#CCCCCC\" width=\"631\" height=\"24\">Datos dimensionales<\/td>\n<\/tr>\n<tr>\n<td width=\"375\" height=\"20\">Espacio libre al suelo<\/td>\n<td width=\"256\">0.3 m \/ 1 ft<\/td>\n<\/tr>\n<tr>\n<td width=\"375\" height=\"20\">Altura de la m\u00e1quina<\/td>\n<td width=\"256\">3.05 m \/ 10 ft<\/td>\n<\/tr>\n<tr>\n<td width=\"375\" height=\"20\">Longitud de la m\u00e1quina<\/td>\n<td width=\"256\">14.48 m \/ 48 ft<\/td>\n<\/tr>\n<tr>\n<td width=\"375\" height=\"20\">Ancho de la m\u00e1quina<\/td>\n<td width=\"256\">2.49 m \/ 8 ft<\/td>\n<\/tr>\n<tr>\n<td width=\"375\" height=\"20\">Ancho de la m\u00e1quina \u2013 Ejes extendidos<\/td>\n<td width=\"256\">3.81 m \/ 13 ft<\/td>\n<\/tr>\n<tr>\n<td width=\"375\" height=\"20\">Longitud de la m\u00e1quina \u2013 Durante el transporte<\/td>\n<td width=\"256\">11.46 m \/ 38 ft<\/td>\n<\/tr>\n<tr>\n<td width=\"375\" height=\"20\">Dimensi\u00f3n A de la plataforma<\/td>\n<td width=\"256\">0.91 m \/ 3 ft<\/td>\n<\/tr>\n<tr>\n<td width=\"375\" height=\"20\">Dimensi\u00f3n B de la plataforma<\/td>\n<td width=\"256\">2.44 m \/ 8 ft<\/td>\n<\/tr>\n<tr>\n<td width=\"375\" height=\"20\">Altura de la plataforma<\/td>\n<td width=\"256\">38.30 m \/ 126 ft<\/td>\n<\/tr>\n<tr>\n<td width=\"375\" height=\"20\">Oscilaci\u00f3n posterior<\/td>\n<td width=\"256\">0.91 m \/ 3 ft<\/td>\n<\/tr>\n<tr>\n<td width=\"375\" height=\"20\">Tama\u00f1o de llantas<\/td>\n<td width=\"256\">445\/50D710 Rellena-con espuma<\/td>\n<\/tr>\n<tr>\n<td height=\"20\">&nbsp;<\/td>\n<td>&nbsp;<\/td>\n<\/tr>\n<tr>\n<td colspan=\"2\" bgcolor=\"#CCCCCC\" width=\"631\" height=\"24\">Especificaciones de alcance<\/td>\n<\/tr>\n<tr>\n<td width=\"375\" height=\"20\">Rotaci\u00f3n del brazo horizontal<\/td>\n<td width=\"256\">125 Degrees<\/td>\n<\/tr>\n<tr>\n<td width=\"375\" height=\"20\">Alcance horizontal<\/td>\n<td width=\"256\">19.25 m \/ 63 ft<\/td>\n<\/tr>\n<tr>\n<td width=\"375\" height=\"20\">Altura de la plataforma<\/td>\n<td width=\"256\">38.30 m \/ 126 ft<\/td>\n<\/tr>\n<tr>\n<td width=\"375\" height=\"20\">Altura arriba y sobre<\/td>\n<td width=\"256\">18.44 m \/ 60 ft<\/td>\n<\/tr>\n<tr>\n<td width=\"375\" height=\"20\">Rotaci\u00f3n de brazo vertical<\/td>\n<td width=\"256\">130 Degrees<\/td>\n<\/tr>\n<tr>\n<td height=\"20\">&nbsp;<\/td>\n<td>&nbsp;<\/td>\n<\/tr>\n<tr>\n<td colspan=\"2\" bgcolor=\"#CCCCCC\" width=\"631\" height=\"24\">Especificaciones generales<\/td>\n<\/tr>\n<tr>\n<td width=\"375\" height=\"20\">Capacidad \u2013 Dep\u00f3sito hidr\u00e1ulico<\/td>\n<td width=\"256\">200.63 L \/ 53 gal.<\/td>\n<\/tr>\n<tr>\n<td width=\"375\" height=\"20\">Presi\u00f3n de apoyo sobre el suelo<\/td>\n<td width=\"256\">7.03 Kg\/cm2<\/td>\n<\/tr>\n<tr>\n<td width=\"375\" height=\"20\">Peso de la m\u00e1quina<\/td>\n<td width=\"256\">19958 kg \/ 44000 lb<\/td>\n<\/tr>\n<\/tbody>\n<\/table>\n","protected":false},"excerpt":{"rendered":"<p>Para trabajos grandes que exigen altura y alcance, la exclusiva pluma QuikStik del 1250AJP le permite trasladarse desde la elevaci\u00f3n total hasta el suelo en 115 segundos, para alcanzar la m\u00e1xima productividad. El 1250AJP ofrece una movilidad sorprendente, un radio de giro estrecho y direcci\u00f3n en cangrejo, en un paquete de tama\u00f1o extremo con un eje oscilante est\u00e1ndar, para obtener una mejor tracci\u00f3n sobre superficies irregulares.<br \/>\nKey Specs<br \/>\nAlcance horizontal : 19.25 m \/ 63 ft<br \/>\nCapacidad de la plataforma \u2013 Restringida : 450 kg \/ 992 lb<br \/>\nCapacidad de la plataforma \u2013 No restringida : 230 kg \/ 507 lb<br \/>\nAltura de la plataforma: 38.30 m \/ 126 ft<\/p>\n","protected":false},"featured_media":4423,"comment_status":"closed","ping_status":"closed","template":"","meta":[],"product_brand":[],"product_cat":[319,338,336,320],"product_tag":[],"class_list":{"0":"post-4419","1":"product","2":"type-product","3":"status-publish","4":"has-post-thumbnail","6":"product_cat-elevadores","7":"product_cat-jlg","8":"product_cat-marcas","9":"product_cat-motorizados-de-pluma","11":"first","12":"instock","13":"shipping-taxable","14":"product-type-simple"},"_links":{"self":[{"href":"https:\/\/optimizacion-online.info\/mtr\/wp-json\/wp\/v2\/product\/4419","targetHints":{"allow":["GET"]}}],"collection":[{"href":"https:\/\/optimizacion-online.info\/mtr\/wp-json\/wp\/v2\/product"}],"about":[{"href":"https:\/\/optimizacion-online.info\/mtr\/wp-json\/wp\/v2\/types\/product"}],"replies":[{"embeddable":true,"href":"https:\/\/optimizacion-online.info\/mtr\/wp-json\/wp\/v2\/comments?post=4419"}],"wp:featuredmedia":[{"embeddable":true,"href":"https:\/\/optimizacion-online.info\/mtr\/wp-json\/wp\/v2\/media\/4423"}],"wp:attachment":[{"href":"https:\/\/optimizacion-online.info\/mtr\/wp-json\/wp\/v2\/media?parent=4419"}],"wp:term":[{"taxonomy":"product_brand","embeddable":true,"href":"https:\/\/optimizacion-online.info\/mtr\/wp-json\/wp\/v2\/product_brand?post=4419"},{"taxonomy":"product_cat","embeddable":true,"href":"https:\/\/optimizacion-online.info\/mtr\/wp-json\/wp\/v2\/product_cat?post=4419"},{"taxonomy":"product_tag","embeddable":true,"href":"https:\/\/optimizacion-online.info\/mtr\/wp-json\/wp\/v2\/product_tag?post=4419"}],"curies":[{"name":"wp","href":"https:\/\/api.w.org\/{rel}","templated":true}]}}