{"id":4463,"date":"2018-11-13T03:41:55","date_gmt":"2018-11-13T03:41:55","guid":{"rendered":"https:\/\/montacargasventayrenta.com\/?post_type=product&#038;p=4463"},"modified":"2018-11-13T03:41:55","modified_gmt":"2018-11-13T03:41:55","slug":"jlg-elevador-de-pluma-telescopica-860sj","status":"publish","type":"product","link":"https:\/\/optimizacion-online.info\/mtr\/producto\/jlg-elevador-de-pluma-telescopica-860sj\/","title":{"rendered":"JLG Elevador de pluma telesc\u00f3pica 860SJ"},"content":{"rendered":"<p>Caracter\u00edsticas clave<br \/>\nAlcance la elevaci\u00f3n total en menos de 70 segundos<br \/>\nEl Sistema electr\u00f3nico de dise\u00f1o avanzado reduce sus costos aumentando el ahorro de combustible y reduciendo las emisiones<\/p>\n<table cellspacing=\"0\" cellpadding=\"0\">\n<tbody>\n<tr>\n<td colspan=\"2\" bgcolor=\"#CCCCCC\" width=\"631\" height=\"24\">Fuente de alimentaci\u00f3n<\/td>\n<\/tr>\n<tr>\n<td width=\"375\" height=\"20\">Alimentaci\u00f3n auxiliar<\/td>\n<td width=\"256\">12 Volts DC<\/td>\n<\/tr>\n<tr>\n<td width=\"375\" height=\"20\">Capacidad \u2013 Tanque de combustible<\/td>\n<td width=\"256\">117 L \/ 31 gal.<\/td>\n<\/tr>\n<tr>\n<td width=\"375\" height=\"20\">Tipo de motor \u2013 Di\u00e9sel \u2013 LRC<\/td>\n<td width=\"256\">Deutz D2011 L04 w\/EGR 46 kW 61.6 hp<\/td>\n<\/tr>\n<tr>\n<td width=\"375\" height=\"20\">Tipo de motor \u2013 Combustible doble<\/td>\n<td width=\"256\">GM Vortec 3000 MPFI 61 kW 82 hp<\/td>\n<\/tr>\n<tr>\n<td height=\"24\">&nbsp;<\/td>\n<td>&nbsp;<\/td>\n<\/tr>\n<tr>\n<td colspan=\"2\" bgcolor=\"#CCCCCC\" width=\"631\" height=\"24\">Datos de desempe\u00f1o<\/td>\n<\/tr>\n<tr>\n<td width=\"375\" height=\"24\">Oscilaci\u00f3n del eje<\/td>\n<td width=\"256\">0.2 m \/ 8 in.<\/td>\n<\/tr>\n<tr>\n<td width=\"375\" height=\"34\">Velocidad de conducci\u00f3n \u2013 Tracci\u00f3n en dos ruedas (2WD)<\/td>\n<td width=\"256\">5.60 km\/h \/ 3.48 mph<\/td>\n<\/tr>\n<tr>\n<td width=\"375\" height=\"20\">Velocidad de conducci\u00f3n \u2013 Doble tracci\u00f3n (4WD)<\/td>\n<td width=\"256\">5.60 km\/h \/ 3.48 mph<\/td>\n<\/tr>\n<tr>\n<td width=\"375\" height=\"20\">Capacidad en pendientes \u2013 Tracci\u00f3n en dos ruedas<\/td>\n<td width=\"256\">30%<\/td>\n<\/tr>\n<tr>\n<td width=\"375\" height=\"20\">Capacidad en pendientes \u2013 Doble tracci\u00f3n<\/td>\n<td width=\"256\">45%<\/td>\n<\/tr>\n<tr>\n<td width=\"375\" height=\"20\">Capacidad de la plataforma \u2013 Restringida<\/td>\n<td width=\"256\">340 kg \/ 750 lb<\/td>\n<\/tr>\n<tr>\n<td width=\"375\" height=\"20\">Capacidad de la plataforma \u2013 No restringida<\/td>\n<td width=\"256\">230 kg \/ 507 lb<\/td>\n<\/tr>\n<tr>\n<td width=\"375\" height=\"20\">Giro<\/td>\n<td width=\"256\">360 Degrees<\/td>\n<\/tr>\n<tr>\n<td width=\"375\" height=\"24\">Tipo de giro<\/td>\n<td width=\"256\">Continuo<\/td>\n<\/tr>\n<tr>\n<td width=\"375\" height=\"24\">Radio de giro \u2013 Exterior (tracci\u00f3n en dos ruedas)<\/td>\n<td width=\"256\">6.86 m \/ 23 ft<\/td>\n<\/tr>\n<tr>\n<td height=\"20\">&nbsp;<\/td>\n<td>&nbsp;<\/td>\n<\/tr>\n<tr>\n<td colspan=\"2\" bgcolor=\"#CCCCCC\" width=\"631\" height=\"24\">Datos dimensionales<\/td>\n<\/tr>\n<tr>\n<td width=\"375\" height=\"24\">Espacio libre al suelo<\/td>\n<td width=\"256\">0.3 m \/ 1 ft<\/td>\n<\/tr>\n<tr>\n<td width=\"375\" height=\"20\">Altura de la m\u00e1quina<\/td>\n<td width=\"256\">3.05 m \/ 10 ft<\/td>\n<\/tr>\n<tr>\n<td width=\"375\" height=\"20\">Longitud de la m\u00e1quina<\/td>\n<td width=\"256\">12.19 m \/ 40 ft<\/td>\n<\/tr>\n<tr>\n<td width=\"375\" height=\"20\">Ancho de la m\u00e1quina<\/td>\n<td width=\"256\">2.49 m \/ 8 ft<\/td>\n<\/tr>\n<tr>\n<td width=\"375\" height=\"20\">Dimensi\u00f3n A de la plataforma<\/td>\n<td width=\"256\">0.91 m \/ 3 ft<\/td>\n<\/tr>\n<tr>\n<td width=\"375\" height=\"20\">Dimensi\u00f3n B de la plataforma<\/td>\n<td width=\"256\">2.44 m \/ 8 ft<\/td>\n<\/tr>\n<tr>\n<td width=\"375\" height=\"20\">Altura de la plataforma<\/td>\n<td width=\"256\">26.21 m \/ 86 ft<\/td>\n<\/tr>\n<tr>\n<td width=\"375\" height=\"24\">Oscilaci\u00f3n posterior<\/td>\n<td width=\"256\">1.42 m \/ 5 ft<\/td>\n<\/tr>\n<tr>\n<td width=\"375\" height=\"24\">Tama\u00f1o de llantas<\/td>\n<td width=\"256\">15-625 Pnuematic<\/td>\n<\/tr>\n<tr>\n<td height=\"24\">&nbsp;<\/td>\n<td>&nbsp;<\/td>\n<\/tr>\n<tr>\n<td colspan=\"2\" bgcolor=\"#CCCCCC\" width=\"631\" height=\"24\">Especificaciones de alcance<\/td>\n<\/tr>\n<tr>\n<td width=\"375\" height=\"24\">Rotaci\u00f3n del brazo horizontal<\/td>\n<td width=\"256\">0 Degrees<\/td>\n<\/tr>\n<tr>\n<td width=\"375\" height=\"20\">Alcance horizontal<\/td>\n<td width=\"256\">22.86 m \/ 75 ft<\/td>\n<\/tr>\n<tr>\n<td width=\"375\" height=\"20\">Altura de la plataforma<\/td>\n<td width=\"256\">26.21 m \/ 86 ft<\/td>\n<\/tr>\n<tr>\n<td width=\"375\" height=\"24\">Rotaci\u00f3n de brazo vertical<\/td>\n<td width=\"256\">130 Degrees<\/td>\n<\/tr>\n<tr>\n<td height=\"24\">&nbsp;<\/td>\n<td>&nbsp;<\/td>\n<\/tr>\n<tr>\n<td colspan=\"2\" bgcolor=\"#CCCCCC\" width=\"631\" height=\"24\">Especificaciones generales<\/td>\n<\/tr>\n<tr>\n<td width=\"375\" height=\"24\">Capacidad \u2013 Dep\u00f3sito hidr\u00e1ulico<\/td>\n<td width=\"256\">235 L \/ 62 gal.<\/td>\n<\/tr>\n<tr>\n<td width=\"375\" height=\"24\">Presi\u00f3n de apoyo sobre el suelo<\/td>\n<td width=\"256\">5.69 Kg\/cm2<\/td>\n<\/tr>\n<tr>\n<td width=\"375\" height=\"20\">Peso de la m\u00e1quina<\/td>\n<td width=\"256\">16511 kg \/ 36401 lb<\/td>\n<\/tr>\n<tr>\n<td width=\"375\" height=\"20\">&nbsp;<\/td>\n<\/tr>\n<\/tbody>\n<\/table>\n","protected":false},"excerpt":{"rendered":"<p>P\u00f3ngase a trabajar con mayor rapidez con la Serie 800: su estructura estrecha permite configurarla m\u00e1s r\u00e1pidamente y alcanza una altura de 24.38 m (80 pies) en menos de 67 segundos.<\/p>\n<p>Key Specs<br \/>\nAlcance horizontal : 22.86 m \/ 75 ft<br \/>\nCapacidad de la plataforma \u2013 Restringida : 340 kg \/ 750 lb<br \/>\nCapacidad de la plataforma \u2013 No restringida : 230 kg \/ 507 lb<br \/>\nAltura de la plataforma: 26.21 m \/ 86 ft<\/p>\n","protected":false},"featured_media":4502,"comment_status":"closed","ping_status":"closed","template":"","meta":[],"product_brand":[],"product_cat":[319,338,336,320],"product_tag":[],"class_list":{"0":"post-4463","1":"product","2":"type-product","3":"status-publish","4":"has-post-thumbnail","6":"product_cat-elevadores","7":"product_cat-jlg","8":"product_cat-marcas","9":"product_cat-motorizados-de-pluma","11":"first","12":"instock","13":"shipping-taxable","14":"product-type-simple"},"_links":{"self":[{"href":"https:\/\/optimizacion-online.info\/mtr\/wp-json\/wp\/v2\/product\/4463","targetHints":{"allow":["GET"]}}],"collection":[{"href":"https:\/\/optimizacion-online.info\/mtr\/wp-json\/wp\/v2\/product"}],"about":[{"href":"https:\/\/optimizacion-online.info\/mtr\/wp-json\/wp\/v2\/types\/product"}],"replies":[{"embeddable":true,"href":"https:\/\/optimizacion-online.info\/mtr\/wp-json\/wp\/v2\/comments?post=4463"}],"wp:featuredmedia":[{"embeddable":true,"href":"https:\/\/optimizacion-online.info\/mtr\/wp-json\/wp\/v2\/media\/4502"}],"wp:attachment":[{"href":"https:\/\/optimizacion-online.info\/mtr\/wp-json\/wp\/v2\/media?parent=4463"}],"wp:term":[{"taxonomy":"product_brand","embeddable":true,"href":"https:\/\/optimizacion-online.info\/mtr\/wp-json\/wp\/v2\/product_brand?post=4463"},{"taxonomy":"product_cat","embeddable":true,"href":"https:\/\/optimizacion-online.info\/mtr\/wp-json\/wp\/v2\/product_cat?post=4463"},{"taxonomy":"product_tag","embeddable":true,"href":"https:\/\/optimizacion-online.info\/mtr\/wp-json\/wp\/v2\/product_tag?post=4463"}],"curies":[{"name":"wp","href":"https:\/\/api.w.org\/{rel}","templated":true}]}}