{"id":4467,"date":"2018-11-13T03:56:07","date_gmt":"2018-11-13T03:56:07","guid":{"rendered":"https:\/\/montacargasventayrenta.com\/?post_type=product&#038;p=4467"},"modified":"2018-11-13T03:56:07","modified_gmt":"2018-11-13T03:56:07","slug":"jlg-elevador-de-pluma-telescopica-de-la-serie-ultra-1850sj","status":"publish","type":"product","link":"https:\/\/optimizacion-online.info\/mtr\/producto\/jlg-elevador-de-pluma-telescopica-de-la-serie-ultra-1850sj\/","title":{"rendered":"JLG Elevador de pluma telesc\u00f3pica de la Serie Ultra 1850SJ"},"content":{"rendered":"<p>Caracter\u00edsticas clave<br \/>\nMucho m\u00e1s r\u00e1pido a su altura m\u00e1xima<br \/>\nNo se necesita permiso de carga con exceso de dimensiones (se requiere permiso de sobre peso para el transporte por carretera)<br \/>\nEl brazo telesc\u00f3pico proporciona 82,118 m\u00b3 de \u00e1rea de trabajo<br \/>\nLos ejes se extienden o retraen en alrededor de un minuto<\/p>\n<table cellspacing=\"0\" cellpadding=\"0\">\n<tbody>\n<tr>\n<td colspan=\"2\" bgcolor=\"#CCCCCC\" width=\"631\" height=\"24\">Fuente de alimentaci\u00f3n<\/td>\n<\/tr>\n<tr>\n<td width=\"375\" height=\"20\">Alimentaci\u00f3n auxiliar<\/td>\n<td width=\"256\">12 Volts DC<\/td>\n<\/tr>\n<tr>\n<td width=\"375\" height=\"20\">Capacidad \u2013 Tanque de combustible<\/td>\n<td width=\"256\">200 L \/ 53 gal.<\/td>\n<\/tr>\n<tr>\n<td width=\"375\" height=\"20\">Tipo de motor \u2013 Di\u00e9sel \u2013 HRC<\/td>\n<td width=\"256\">Deutz TD3.6L 99.8 HP<\/td>\n<\/tr>\n<tr>\n<td width=\"375\" height=\"20\">Tipo de motor \u2013 Di\u00e9sel \u2013 LRC<\/td>\n<td width=\"256\">Deutz TD3.6L 99.8 HP<\/td>\n<\/tr>\n<tr>\n<td height=\"24\">&nbsp;<\/td>\n<td>&nbsp;<\/td>\n<\/tr>\n<tr>\n<td colspan=\"2\" bgcolor=\"#CCCCCC\" width=\"631\" height=\"24\">Datos de desempe\u00f1o<\/td>\n<\/tr>\n<tr>\n<td width=\"375\" height=\"24\">Velocidad de conducci\u00f3n \u2013 Doble tracci\u00f3n (4WD)<\/td>\n<td width=\"256\">4.50 km\/h \/ 2.80 mph<\/td>\n<\/tr>\n<tr>\n<td width=\"375\" height=\"20\">Capacidad en pendientes \u2013 Doble tracci\u00f3n<\/td>\n<td width=\"256\">40%<\/td>\n<\/tr>\n<tr>\n<td width=\"375\" height=\"20\">Capacidad de la plataforma \u2013 Restringida<\/td>\n<td width=\"256\">454 kg \/ 1001 lb<\/td>\n<\/tr>\n<tr>\n<td width=\"375\" height=\"20\">Capacidad de la plataforma \u2013 No restringida<\/td>\n<td width=\"256\">230 kg \/ 507 lb<\/td>\n<\/tr>\n<tr>\n<td width=\"375\" height=\"20\">Giro<\/td>\n<td width=\"256\">360 Degrees<\/td>\n<\/tr>\n<tr>\n<td width=\"375\" height=\"20\">Tipo de giro<\/td>\n<td width=\"256\">Continuo<\/td>\n<\/tr>\n<tr>\n<td width=\"375\" height=\"20\">Radio de giro \u2013 Exterior (ejes extendidos)<\/td>\n<td width=\"256\">6.60 m \/ 22 ft<\/td>\n<\/tr>\n<tr>\n<td width=\"375\" height=\"20\">Radio de giro \u2013 Exterior (ejes replegados)<\/td>\n<td width=\"256\">9.52 m \/ 31 ft<\/td>\n<\/tr>\n<tr>\n<td height=\"24\">&nbsp;<\/td>\n<td>&nbsp;<\/td>\n<\/tr>\n<tr>\n<td colspan=\"2\" bgcolor=\"#CCCCCC\" width=\"631\" height=\"24\">Datos dimensionales<\/td>\n<\/tr>\n<tr>\n<td width=\"375\" height=\"20\">Espacio libre al suelo<\/td>\n<td width=\"256\">0.41 m \/ 1 ft 4 in.<\/td>\n<\/tr>\n<tr>\n<td width=\"375\" height=\"24\">Altura de la m\u00e1quina<\/td>\n<td width=\"256\">3.05 m \/ 10 ft<\/td>\n<\/tr>\n<tr>\n<td width=\"375\" height=\"24\">Longitud de la m\u00e1quina<\/td>\n<td width=\"256\">19.44 m \/ 64 ft<\/td>\n<\/tr>\n<tr>\n<td width=\"375\" height=\"20\">Longitud de la m\u00e1quina \u2013 Durante el transporte<\/td>\n<td width=\"256\">14.57 m \/ 48 ft<\/td>\n<\/tr>\n<tr>\n<td width=\"375\" height=\"20\">Ancho de la m\u00e1quina<\/td>\n<td width=\"256\">2.49 m \/ 8 ft<\/td>\n<\/tr>\n<tr>\n<td width=\"375\" height=\"20\">Ancho de la m\u00e1quina \u2013 Ejes extendidos<\/td>\n<td width=\"256\">5.04 m \/ 17 ft<\/td>\n<\/tr>\n<tr>\n<td width=\"375\" height=\"20\">Dimensi\u00f3n A de la plataforma<\/td>\n<td width=\"256\">0.91 m \/ 3 ft<\/td>\n<\/tr>\n<tr>\n<td width=\"375\" height=\"20\">Dimensi\u00f3n B de la plataforma<\/td>\n<td width=\"256\">2.44 m \/ 8 ft<\/td>\n<\/tr>\n<tr>\n<td width=\"375\" height=\"20\">Altura de la plataforma<\/td>\n<td width=\"256\">56.56 m \/ 186 ft<\/td>\n<\/tr>\n<tr>\n<td width=\"375\" height=\"24\">Oscilaci\u00f3n posterior<\/td>\n<td width=\"256\">2.32 m \/ 8 ft<\/td>\n<\/tr>\n<tr>\n<td width=\"375\" height=\"24\">Tama\u00f1o de llantas<\/td>\n<td width=\"256\">445\/50D710 Rellena con espuma<\/td>\n<\/tr>\n<tr>\n<td height=\"24\">&nbsp;<\/td>\n<td>&nbsp;<\/td>\n<\/tr>\n<tr>\n<td colspan=\"2\" bgcolor=\"#CCCCCC\" width=\"631\" height=\"24\">Especificaciones de alcance<\/td>\n<\/tr>\n<tr>\n<td width=\"375\" height=\"24\">Alcance horizontal<\/td>\n<td width=\"256\">24.38 m \/ 80 ft<\/td>\n<\/tr>\n<tr>\n<td width=\"375\" height=\"20\">Altura de la plataforma<\/td>\n<td width=\"256\">56.56 m \/ 186 ft<\/td>\n<\/tr>\n<tr>\n<td width=\"375\" height=\"20\">Rotaci\u00f3n de brazo vertical<\/td>\n<td width=\"256\">120 Degrees<\/td>\n<\/tr>\n<tr>\n<td height=\"24\">&nbsp;<\/td>\n<td>&nbsp;<\/td>\n<\/tr>\n<tr>\n<td colspan=\"2\" bgcolor=\"#CCCCCC\" width=\"631\" height=\"24\">Especificaciones generales<\/td>\n<\/tr>\n<tr>\n<td width=\"375\" height=\"24\">Capacidad \u2013 Dep\u00f3sito hidr\u00e1ulico<\/td>\n<td width=\"256\">284.28 L \/ 75 gal.<\/td>\n<\/tr>\n<tr>\n<td width=\"375\" height=\"24\">Presi\u00f3n de apoyo sobre el suelo<\/td>\n<td width=\"256\">8.41 Kg\/cm2<\/td>\n<\/tr>\n<tr>\n<td width=\"375\" height=\"24\">Peso de la m\u00e1quina<\/td>\n<td width=\"256\">27351 kg \/ 60299 lb<\/td>\n<\/tr>\n<\/tbody>\n<\/table>\n","protected":false},"excerpt":{"rendered":"<p>La Serie Ultra de JLG\u00ae tiene los intervalos de trabajo m\u00e1s grandes de la industria, con la mayor capacidad de plataforma y un \u00e1rea de trabajo hasta de 65,129 m\u00b3 (2.3 millones de pies\u00b3): casi el doble del \u00e1rea de trabajo que ofrecen los elevadores de pluma de otros fabricantes.<\/p>\n<p>Key Specs<br \/>\nAlcance horizontal : 24.38 m \/ 80 ft<br \/>\nCapacidad de la plataforma \u2013 Restringida : 454 kg \/ 1001 lb<br \/>\nCapacidad de la plataforma \u2013 No restringida : 230 kg \/ 507 lb<br \/>\nAltura de la plataforma: 56.56 m \/ 186 ft<\/p>\n","protected":false},"featured_media":4521,"comment_status":"closed","ping_status":"closed","template":"","meta":[],"product_brand":[],"product_cat":[319,338,336,320],"product_tag":[],"class_list":{"0":"post-4467","1":"product","2":"type-product","3":"status-publish","4":"has-post-thumbnail","6":"product_cat-elevadores","7":"product_cat-jlg","8":"product_cat-marcas","9":"product_cat-motorizados-de-pluma","11":"first","12":"instock","13":"shipping-taxable","14":"product-type-simple"},"_links":{"self":[{"href":"https:\/\/optimizacion-online.info\/mtr\/wp-json\/wp\/v2\/product\/4467","targetHints":{"allow":["GET"]}}],"collection":[{"href":"https:\/\/optimizacion-online.info\/mtr\/wp-json\/wp\/v2\/product"}],"about":[{"href":"https:\/\/optimizacion-online.info\/mtr\/wp-json\/wp\/v2\/types\/product"}],"replies":[{"embeddable":true,"href":"https:\/\/optimizacion-online.info\/mtr\/wp-json\/wp\/v2\/comments?post=4467"}],"wp:featuredmedia":[{"embeddable":true,"href":"https:\/\/optimizacion-online.info\/mtr\/wp-json\/wp\/v2\/media\/4521"}],"wp:attachment":[{"href":"https:\/\/optimizacion-online.info\/mtr\/wp-json\/wp\/v2\/media?parent=4467"}],"wp:term":[{"taxonomy":"product_brand","embeddable":true,"href":"https:\/\/optimizacion-online.info\/mtr\/wp-json\/wp\/v2\/product_brand?post=4467"},{"taxonomy":"product_cat","embeddable":true,"href":"https:\/\/optimizacion-online.info\/mtr\/wp-json\/wp\/v2\/product_cat?post=4467"},{"taxonomy":"product_tag","embeddable":true,"href":"https:\/\/optimizacion-online.info\/mtr\/wp-json\/wp\/v2\/product_tag?post=4467"}],"curies":[{"name":"wp","href":"https:\/\/api.w.org\/{rel}","templated":true}]}}