{"id":4530,"date":"2018-11-13T05:32:34","date_gmt":"2018-11-13T05:32:34","guid":{"rendered":"https:\/\/montacargasventayrenta.com\/?post_type=product&#038;p=4530"},"modified":"2018-11-22T21:22:45","modified_gmt":"2018-11-22T21:22:45","slug":"jlg-elevador-de-tijera-motorizado-260mrt","status":"publish","type":"product","link":"https:\/\/optimizacion-online.info\/mtr\/producto\/jlg-elevador-de-tijera-motorizado-260mrt\/","title":{"rendered":"JLG Elevador de tijera motorizado 260MRT"},"content":{"rendered":"<p>El chasis estrecho de 1.75 m (69 pulg.) cabe en espacios en los que otros elevadores de tijera no caben<br \/>\nPlataforma de trabajo m\u00e1s amplia con una capacidad de 567 kg (1,250 lb) para ofrecer m\u00e1s productividad<br \/>\nLa tracci\u00f3n a las cuatro ruedas est\u00e1ndar y la capacidad para subir pendientes con inclinaciones de hasta 35% lo mantendr\u00e1n en movimiento<\/p>\n<table cellspacing=\"0\" cellpadding=\"0\">\n<colgroup>\n<col width=\"243\">\n<col width=\"256\"><\/colgroup>\n<tbody>\n<tr>\n<td colspan=\"2\" bgcolor=\"#CCCCCC\" width=\"499\" height=\"24\">Fuente de alimentaci\u00f3n<\/td>\n<\/tr>\n<tr>\n<td width=\"243\" height=\"20\">Tipo de motor \u2013 Di\u00e9sel \u2013 LRC<\/td>\n<td width=\"256\">Kubota 17.5 kW 23.5 hp (Di\u00e9sel)<\/td>\n<\/tr>\n<tr>\n<td width=\"243\" height=\"34\">Tipo de motor \u2013 Combustible doble<\/td>\n<td width=\"256\">Kubota 18.2 kW 24.5 hp (Combustible Dual)<\/td>\n<\/tr>\n<tr>\n<td width=\"243\" height=\"34\">Capacidad del tanque de combustible \u2013 Di\u00e9sel<\/td>\n<td width=\"256\">28.39 L \/ 7 gal.<\/td>\n<\/tr>\n<tr>\n<td height=\"20\">&nbsp;<\/td>\n<td>&nbsp;<\/td>\n<\/tr>\n<tr>\n<td colspan=\"2\" bgcolor=\"#CCCCCC\" width=\"499\" height=\"24\">Especificaciones generales<\/td>\n<\/tr>\n<tr>\n<td width=\"243\" height=\"34\">Frenos<\/td>\n<td width=\"256\">Aplicaci\u00f3n por resorte, Liberaci\u00f3n hidr\u00e1ulica<\/td>\n<\/tr>\n<tr>\n<td width=\"243\" height=\"20\">Capacidad \u2013 Dep\u00f3sito hidr\u00e1ulico<\/td>\n<td width=\"256\">57 L \/ 15 gal.<\/td>\n<\/tr>\n<tr>\n<td width=\"243\" height=\"20\">Presi\u00f3n de apoyo sobre el suelo<\/td>\n<td width=\"256\">2.30 Kg\/cm2<\/td>\n<\/tr>\n<tr>\n<td width=\"243\" height=\"24\">Peso de la m\u00e1quina<\/td>\n<td width=\"256\">3338 kg \/ 7359 lb<\/td>\n<\/tr>\n<tr>\n<td height=\"20\">&nbsp;<\/td>\n<td>&nbsp;<\/td>\n<\/tr>\n<tr>\n<td colspan=\"2\" bgcolor=\"#CCCCCC\" width=\"499\" height=\"24\">Datos de desempe\u00f1o<\/td>\n<\/tr>\n<tr>\n<td width=\"243\" height=\"34\">Velocidad de conducci\u00f3n \u2013 Plataforma elevada<\/td>\n<td width=\"256\">0.80 km\/h \/ 0.50 mph<\/td>\n<\/tr>\n<tr>\n<td width=\"243\" height=\"34\">Velocidad de conducci\u00f3n \u2013 Plataforma bajada<\/td>\n<td width=\"256\">5.60 km\/h \/ 3.48 mph<\/td>\n<\/tr>\n<tr>\n<td width=\"243\" height=\"34\">Capacidad en pendientes \u2013 Doble tracci\u00f3n<\/td>\n<td width=\"256\">35%<\/td>\n<\/tr>\n<tr>\n<td width=\"243\" height=\"20\">Tiempo de levantamiento<\/td>\n<td width=\"256\">27 sec.<\/td>\n<\/tr>\n<tr>\n<td width=\"243\" height=\"20\">Tiempo de descenso<\/td>\n<td width=\"256\">21 sec.<\/td>\n<\/tr>\n<tr>\n<td width=\"243\" height=\"20\">Altura m\u00e1xima de conducci\u00f3n<\/td>\n<td width=\"256\">7.92 m \/ 26 ft<\/td>\n<\/tr>\n<tr>\n<td width=\"243\" height=\"20\">Capacidad de la plataforma<\/td>\n<td width=\"256\">567 kg \/ 1250 lb<\/td>\n<\/tr>\n<tr>\n<td width=\"243\" height=\"34\">Capacit\u00e0 della piattaforma \u2013 Estensione<\/td>\n<td width=\"256\">136 kg \/ 300 lb<\/td>\n<\/tr>\n<tr>\n<td width=\"243\" height=\"20\">Radio de giro \u2013 Exterior<\/td>\n<td width=\"256\">4.39 m \/ 14 ft<\/td>\n<\/tr>\n<tr>\n<td height=\"24\">&nbsp;<\/td>\n<td>&nbsp;<\/td>\n<\/tr>\n<tr>\n<td colspan=\"2\" bgcolor=\"#CCCCCC\" width=\"499\" height=\"24\">Datos dimensionales<\/td>\n<\/tr>\n<tr>\n<td width=\"243\" height=\"20\">Espacio libre al suelo<\/td>\n<td width=\"256\">0.2 m \/ 8 in.<\/td>\n<\/tr>\n<tr>\n<td width=\"243\" height=\"20\">Altura de la m\u00e1quina<\/td>\n<td width=\"256\">2.37 m \/ 8 ft<\/td>\n<\/tr>\n<tr>\n<td width=\"243\" height=\"34\">Altura de la m\u00e1quina \u2013 Rieles plegados<\/td>\n<td width=\"256\">1.96 m \/ 6 ft<\/td>\n<\/tr>\n<tr>\n<td width=\"243\" height=\"20\">Longitud de la m\u00e1quina<\/td>\n<td width=\"256\">2.67 m \/ 9 ft<\/td>\n<\/tr>\n<tr>\n<td width=\"243\" height=\"20\">Ancho de la m\u00e1quina<\/td>\n<td width=\"256\">1.75 m \/ 6 ft<\/td>\n<\/tr>\n<tr>\n<td width=\"243\" height=\"20\">Dimensi\u00f3n A de la plataforma<\/td>\n<td width=\"256\">1.65 m \/ 5 ft<\/td>\n<\/tr>\n<tr>\n<td width=\"243\" height=\"20\">Dimensi\u00f3n B de la plataforma<\/td>\n<td width=\"256\">2.59 m \/ 8 ft<\/td>\n<\/tr>\n<tr>\n<td width=\"243\" height=\"34\">Longitud de extensi\u00f3n de la plataforma<\/td>\n<td width=\"256\">1.22 m \/ 4 ft<\/td>\n<\/tr>\n<tr>\n<td width=\"243\" height=\"20\">Altura de la plataforma<\/td>\n<td width=\"256\">7.92 m \/ 26 ft<\/td>\n<\/tr>\n<tr>\n<td width=\"243\" height=\"20\">Altura de la plataforma \u2013 Bajada<\/td>\n<td width=\"256\">1.26 m \/ 4 ft<\/td>\n<\/tr>\n<tr>\n<td width=\"243\" height=\"34\">Altura del barandal de la plataforma<\/td>\n<td width=\"256\">1.10 m \/ 4 ft<\/td>\n<\/tr>\n<tr>\n<td width=\"243\" height=\"20\">Tama\u00f1o de llantas<\/td>\n<td width=\"256\">26 x 12 Banda de rodamiento con tacos<\/td>\n<\/tr>\n<tr>\n<td width=\"243\" height=\"20\">Distancia entre ejes<\/td>\n<td width=\"256\">1.98 m \/ 6 ft<\/td>\n<\/tr>\n<tr>\n<td height=\"24\">&nbsp;<\/td>\n<td>&nbsp;<\/td>\n<\/tr>\n<tr>\n<td colspan=\"2\" bgcolor=\"#CCCCCC\" width=\"499\" height=\"24\">Especificaciones de alcance<\/td>\n<\/tr>\n<tr>\n<td width=\"243\" height=\"20\">Altura de la plataforma<\/td>\n<td width=\"256\">7.92 m \/ 26 ft<\/td>\n<\/tr>\n<tr>\n<td width=\"243\" height=\"20\">Altura de trabajo<\/td>\n<td width=\"256\">9.92 m \/ 33 ft<\/td>\n<\/tr>\n<\/tbody>\n<\/table>\n","protected":false},"excerpt":{"rendered":"<p>Los elevadores de tijera motorizados de JLG\u00ae se escogen para aplicaciones que requieren m\u00e1s espacio de trabajo y mayor capacidad de elevaci\u00f3n. Tanto la serie RT como el modelo MRT ofrecen una mayor superficie de trabajo y generalmente m\u00e1s capacidad de carga que los elevadores de pluma. Ambos ofrecen un desempe\u00f1o excepcional en cuanto a maniobrabilidad en el terreno y capacidad para subir pendientes, lo que facilita las maniobras en los sitios de trabajo m\u00e1s dif\u00edciles.<\/p>\n<p>Key Specs<br \/>\nAncho de la m\u00e1quina : 1.75 m \/ 6 ft<br \/>\nCapacidad de la plataforma : 567 kg \/ 1250 lb<br \/>\nAltura de la plataforma: 7.92 m \/ 26 ft<\/p>\n","protected":false},"featured_media":4572,"comment_status":"closed","ping_status":"closed","template":"","meta":[],"product_brand":[],"product_cat":[316,319,338,336,314,321],"product_tag":[],"class_list":{"0":"post-4530","1":"product","2":"type-product","3":"status-publish","4":"has-post-thumbnail","6":"product_cat-elevadoras-de-tijera","7":"product_cat-elevadores","8":"product_cat-jlg","9":"product_cat-marcas","10":"product_cat-plataformas","11":"product_cat-tijera","13":"first","14":"instock","15":"shipping-taxable","16":"product-type-simple"},"_links":{"self":[{"href":"https:\/\/optimizacion-online.info\/mtr\/wp-json\/wp\/v2\/product\/4530","targetHints":{"allow":["GET"]}}],"collection":[{"href":"https:\/\/optimizacion-online.info\/mtr\/wp-json\/wp\/v2\/product"}],"about":[{"href":"https:\/\/optimizacion-online.info\/mtr\/wp-json\/wp\/v2\/types\/product"}],"replies":[{"embeddable":true,"href":"https:\/\/optimizacion-online.info\/mtr\/wp-json\/wp\/v2\/comments?post=4530"}],"wp:featuredmedia":[{"embeddable":true,"href":"https:\/\/optimizacion-online.info\/mtr\/wp-json\/wp\/v2\/media\/4572"}],"wp:attachment":[{"href":"https:\/\/optimizacion-online.info\/mtr\/wp-json\/wp\/v2\/media?parent=4530"}],"wp:term":[{"taxonomy":"product_brand","embeddable":true,"href":"https:\/\/optimizacion-online.info\/mtr\/wp-json\/wp\/v2\/product_brand?post=4530"},{"taxonomy":"product_cat","embeddable":true,"href":"https:\/\/optimizacion-online.info\/mtr\/wp-json\/wp\/v2\/product_cat?post=4530"},{"taxonomy":"product_tag","embeddable":true,"href":"https:\/\/optimizacion-online.info\/mtr\/wp-json\/wp\/v2\/product_tag?post=4530"}],"curies":[{"name":"wp","href":"https:\/\/api.w.org\/{rel}","templated":true}]}}