{"id":4575,"date":"2018-11-13T05:38:55","date_gmt":"2018-11-13T05:38:55","guid":{"rendered":"https:\/\/montacargasventayrenta.com\/?post_type=product&#038;p=4575"},"modified":"2018-11-22T21:22:56","modified_gmt":"2018-11-22T21:22:56","slug":"jlg-elevador-electrico-de-tijera-4045r","status":"publish","type":"product","link":"https:\/\/optimizacion-online.info\/mtr\/producto\/jlg-elevador-electrico-de-tijera-4045r\/","title":{"rendered":"JLG Elevador el\u00e9ctrico de Tijera 4045R"},"content":{"rendered":"<p>Su reducido ancho de 1.14 m (45 pulg.): uno de los m\u00e1s angostos de su clase, permite usarlo en pasillos de bodegas y centros de distribuci\u00f3n<br \/>\nDise\u00f1o simplificado y confiable: el sistema simple de protecci\u00f3n contra baches tiene menos partes m\u00f3viles para reducir las llamadas de servicio<br \/>\nFabricaci\u00f3n robusta para alquiler: la plataforma fabricada completamente de acero y las bandejas de componentes de acero le permiten satisfacer las exigencias de los sitios de trabajo m\u00e1s dif\u00edciles<\/p>\n<table class=\"excel25\" border=\"1\" cellspacing=\"0\" cellpadding=\"0\">\n<colgroup>\n<col width=\"255\">\n<col width=\"279\"><\/colgroup>\n<tbody>\n<tr>\n<td class=\"excel28\" colspan=\"2\" width=\"534\" height=\"24\">Fuente de alimentaci\u00f3n<\/td>\n<\/tr>\n<tr>\n<td class=\"excel26\" width=\"255\" height=\"21\">Bater\u00edas<\/td>\n<td class=\"excel29\" width=\"279\">4 x 12v 150 amp-hr<\/td>\n<\/tr>\n<tr>\n<td class=\"excel27\" width=\"255\" height=\"21\">Cargador<\/td>\n<td class=\"excel30\" width=\"279\">27 amp High Frequency Charger<\/td>\n<\/tr>\n<tr>\n<td height=\"20\">&nbsp;<\/td>\n<td class=\"excel31\">&nbsp;<\/td>\n<\/tr>\n<tr>\n<td class=\"excel28\" colspan=\"2\" width=\"534\" height=\"24\">Especificaciones generales<\/td>\n<\/tr>\n<tr>\n<td class=\"excel26\" width=\"255\" height=\"21\">Frenos<\/td>\n<td class=\"excel29\" width=\"279\">Multi-Disc Friction (Hydraulic)<\/td>\n<\/tr>\n<tr>\n<td class=\"excel27\" width=\"255\" height=\"21\">Capacidad \u2013 Dep\u00f3sito hidr\u00e1ulico<\/td>\n<td class=\"excel30\" width=\"279\">30 L \/ 8 gal.<\/td>\n<\/tr>\n<tr>\n<td class=\"excel26\" width=\"255\" height=\"21\">Bomba hidr\u00e1ulica<\/td>\n<td class=\"excel29\" width=\"279\">Engranaje Desplazamiento Fijo<\/td>\n<\/tr>\n<tr>\n<td class=\"excel27\" width=\"255\" height=\"21\">Peso de la m\u00e1quina<\/td>\n<td class=\"excel30\" width=\"279\">3175 kg \/ 7000 lb<\/td>\n<\/tr>\n<tr>\n<td class=\"excel26\" width=\"255\" height=\"21\">Peso de la m\u00e1quina<\/td>\n<td class=\"excel29\" width=\"279\">3175 kg \/ 7000 lb<\/td>\n<\/tr>\n<tr>\n<td class=\"excel27\" width=\"255\" height=\"21\">Maximum-Ground-Bearing-Pressure<\/td>\n<td class=\"excel30\" width=\"279\">9000 Kg\/cm2<\/td>\n<\/tr>\n<tr>\n<td height=\"20\">&nbsp;<\/td>\n<td class=\"excel31\">&nbsp;<\/td>\n<\/tr>\n<tr>\n<td class=\"excel28\" colspan=\"2\" width=\"534\" height=\"24\">Datos de desempe\u00f1o<\/td>\n<\/tr>\n<tr>\n<td class=\"excel26\" width=\"255\" height=\"24\">Velocidad de conducci\u00f3n \u2013 Plataforma elevada<\/td>\n<td class=\"excel29\" width=\"279\">0.80 km\/h \/ 0 mph<\/td>\n<\/tr>\n<tr>\n<td class=\"excel27\" width=\"255\" height=\"35\">Velocidad de conducci\u00f3n \u2013 Plataforma bajada<\/td>\n<td class=\"excel30\" width=\"279\">3.22 km\/h \/ 2 mph<\/td>\n<\/tr>\n<tr>\n<td class=\"excel26\" width=\"255\" height=\"21\">Sistema de propulsi\u00f3n<\/td>\n<td class=\"excel29\" width=\"279\">Hydraulic Front Wheel<\/td>\n<\/tr>\n<tr>\n<td class=\"excel27\" width=\"255\" height=\"21\">Capacidad en pendientes<\/td>\n<td class=\"excel32\" width=\"279\">25%<\/td>\n<\/tr>\n<tr>\n<td class=\"excel26\" width=\"255\" height=\"21\">Tiempo de levantamiento<\/td>\n<td class=\"excel29\" width=\"279\">68 sec.<\/td>\n<\/tr>\n<tr>\n<td class=\"excel27\" width=\"255\" height=\"21\">Tiempo de descenso<\/td>\n<td class=\"excel30\" width=\"279\">41 sec.<\/td>\n<\/tr>\n<tr>\n<td class=\"excel26\" width=\"255\" height=\"35\">Capacit\u00e0 della piattaforma \u2013 Estensione<\/td>\n<td class=\"excel29\" width=\"279\">113 kg \/ 249 lb<\/td>\n<\/tr>\n<tr>\n<td class=\"excel27\" width=\"255\" height=\"21\">Radio de giro \u2013 Exterior<\/td>\n<td class=\"excel30\" width=\"279\">2.54 m \/ 8 ft<\/td>\n<\/tr>\n<tr>\n<td height=\"20\">&nbsp;<\/td>\n<td class=\"excel31\">&nbsp;<\/td>\n<\/tr>\n<tr>\n<td class=\"excel28\" colspan=\"2\" width=\"534\" height=\"24\">Datos dimensionales<\/td>\n<\/tr>\n<tr>\n<td class=\"excel26\" width=\"255\" height=\"21\">Espacio libre al suelo<\/td>\n<td class=\"excel29\" width=\"279\">0.12 m \/ 0 ft<\/td>\n<\/tr>\n<tr>\n<td class=\"excel27\" width=\"255\" height=\"35\">Altura de la m\u00e1quina \u2013 Rieles plegados<\/td>\n<td class=\"excel30\" width=\"279\">1.92 m \/ 6 ft<\/td>\n<\/tr>\n<tr>\n<td class=\"excel26\" width=\"255\" height=\"24\">Longitud de la m\u00e1quina<\/td>\n<td class=\"excel29\" width=\"279\">2.71 m \/ 9 ft<\/td>\n<\/tr>\n<tr>\n<td class=\"excel27\" width=\"255\" height=\"24\">Ancho de la m\u00e1quina<\/td>\n<td class=\"excel30\" width=\"279\">1.14 m \/ 4 ft<\/td>\n<\/tr>\n<tr>\n<td class=\"excel26\" width=\"255\" height=\"35\">Longitud de extensi\u00f3n de la plataforma<\/td>\n<td class=\"excel29\" width=\"279\">0.91 m \/ 3 ft<\/td>\n<\/tr>\n<tr>\n<td class=\"excel27\" width=\"255\" height=\"21\">Altura de la plataforma \u2013 Bajada<\/td>\n<td class=\"excel30\" width=\"279\">1.40 m \/ 5 ft<\/td>\n<\/tr>\n<tr>\n<td class=\"excel26\" width=\"255\" height=\"21\">Altura del barandal de la plataforma<\/td>\n<td class=\"excel29\" width=\"279\">1.13 m \/ 4 ft<\/td>\n<\/tr>\n<tr>\n<td class=\"excel27\" width=\"255\" height=\"21\">Tama\u00f1o de llantas<\/td>\n<td class=\"excel30\" width=\"279\">323 x 100<\/td>\n<\/tr>\n<tr>\n<td class=\"excel26\" width=\"255\" height=\"21\">Distancia entre ejes<\/td>\n<td class=\"excel29\" width=\"279\">2.03 m \/ 7 ft<\/td>\n<\/tr>\n<tr>\n<td height=\"20\">&nbsp;<\/td>\n<td class=\"excel31\">&nbsp;<\/td>\n<\/tr>\n<tr>\n<td class=\"excel28\" colspan=\"2\" width=\"534\" height=\"24\">Especificaciones de alcance<\/td>\n<\/tr>\n<tr>\n<td class=\"excel26\" width=\"255\" height=\"21\">Altura de trabajo<\/td>\n<td class=\"excel29\" width=\"279\">13.96 m \/ 46 ft<\/td>\n<\/tr>\n<\/tbody>\n<\/table>\n","protected":false},"excerpt":{"rendered":"<p>Key Specs<br \/>\nAncho de la m\u00e1quina : 1.14 m \/ 4 ft<br \/>\nAltura de trabajo : 13.96 m \/ 46 ft<\/p>\n","protected":false},"featured_media":4531,"comment_status":"closed","ping_status":"closed","template":"","meta":[],"product_brand":[],"product_cat":[316,319,338,336,314,321],"product_tag":[],"class_list":{"0":"post-4575","1":"product","2":"type-product","3":"status-publish","4":"has-post-thumbnail","6":"product_cat-elevadoras-de-tijera","7":"product_cat-elevadores","8":"product_cat-jlg","9":"product_cat-marcas","10":"product_cat-plataformas","11":"product_cat-tijera","13":"first","14":"instock","15":"shipping-taxable","16":"product-type-simple"},"_links":{"self":[{"href":"https:\/\/optimizacion-online.info\/mtr\/wp-json\/wp\/v2\/product\/4575","targetHints":{"allow":["GET"]}}],"collection":[{"href":"https:\/\/optimizacion-online.info\/mtr\/wp-json\/wp\/v2\/product"}],"about":[{"href":"https:\/\/optimizacion-online.info\/mtr\/wp-json\/wp\/v2\/types\/product"}],"replies":[{"embeddable":true,"href":"https:\/\/optimizacion-online.info\/mtr\/wp-json\/wp\/v2\/comments?post=4575"}],"wp:featuredmedia":[{"embeddable":true,"href":"https:\/\/optimizacion-online.info\/mtr\/wp-json\/wp\/v2\/media\/4531"}],"wp:attachment":[{"href":"https:\/\/optimizacion-online.info\/mtr\/wp-json\/wp\/v2\/media?parent=4575"}],"wp:term":[{"taxonomy":"product_brand","embeddable":true,"href":"https:\/\/optimizacion-online.info\/mtr\/wp-json\/wp\/v2\/product_brand?post=4575"},{"taxonomy":"product_cat","embeddable":true,"href":"https:\/\/optimizacion-online.info\/mtr\/wp-json\/wp\/v2\/product_cat?post=4575"},{"taxonomy":"product_tag","embeddable":true,"href":"https:\/\/optimizacion-online.info\/mtr\/wp-json\/wp\/v2\/product_tag?post=4575"}],"curies":[{"name":"wp","href":"https:\/\/api.w.org\/{rel}","templated":true}]}}