{"id":4577,"date":"2018-11-13T06:15:30","date_gmt":"2018-11-13T06:15:30","guid":{"rendered":"https:\/\/montacargasventayrenta.com\/?post_type=product&#038;p=4577"},"modified":"2018-11-22T21:23:05","modified_gmt":"2018-11-22T21:23:05","slug":"jlg-elevador-electrico-de-tijera-2632es","status":"publish","type":"product","link":"https:\/\/optimizacion-online.info\/mtr\/producto\/jlg-elevador-electrico-de-tijera-2632es\/","title":{"rendered":"JLG Elevador el\u00e9ctrico de Tijera 2632ES"},"content":{"rendered":"<p>Funcionamiento m\u00e1s limpio y silencioso para diferentes ambientes.<br \/>\nLa propulsi\u00f3n el\u00e9ctrica y los componentes integrados, con solo dos mangueras y cuatro conexiones hidr\u00e1ulicas en toda la m\u00e1quina, le mantendr\u00e1n mayor tiempo en el trabajo y reducir\u00e1n sus costos de operaci\u00f3n al disminuir la posibilidad de fugas y llamadas de servicio.<br \/>\nSu ancho reducido le permite pasar por la mayor\u00eda de las puertas est\u00e1ndar y pasillos estrechos.<br \/>\nProporciona 200% m\u00e1s duraci\u00f3n de la bater\u00eda*<\/p>\n<table class=\"excel9\" border=\"1\" cellspacing=\"0\" cellpadding=\"0\">\n<tbody>\n<tr>\n<td class=\"excel12\" colspan=\"2\" width=\"468\" height=\"24\">Fuente de alimentaci\u00f3n<\/td>\n<\/tr>\n<tr>\n<td class=\"excel10\" width=\"189\" height=\"21\">Bater\u00edas<\/td>\n<td class=\"excel13\" width=\"279\">4 x 6V, 220 A-h<\/td>\n<\/tr>\n<tr>\n<td class=\"excel11\" width=\"189\" height=\"21\">Cargador<\/td>\n<td class=\"excel14\" width=\"279\">20 A autom\u00e1tico<\/td>\n<\/tr>\n<tr>\n<td height=\"20\">&nbsp;<\/td>\n<td class=\"excel15\">&nbsp;<\/td>\n<\/tr>\n<tr>\n<td class=\"excel12\" colspan=\"2\" width=\"468\" height=\"24\">Especificaciones generales<\/td>\n<\/tr>\n<tr>\n<td class=\"excel10\" width=\"189\" height=\"21\">Frenos<\/td>\n<td class=\"excel13\" width=\"279\">Automatic Friction \u2013 Front<\/td>\n<\/tr>\n<tr>\n<td class=\"excel11\" width=\"189\" height=\"35\">Capacidad \u2013 Dep\u00f3sito hidr\u00e1ulico<\/td>\n<td class=\"excel14\" width=\"279\">10.60 L \/ 3 gal.<\/td>\n<\/tr>\n<tr>\n<td class=\"excel10\" width=\"189\" height=\"21\">Ground-Bearing-Pressure<\/td>\n<td class=\"excel13\" width=\"279\">6.14 Kg\/cm2<\/td>\n<\/tr>\n<tr>\n<td class=\"excel11\" width=\"189\" height=\"21\">Bomba hidr\u00e1ulica<\/td>\n<td class=\"excel14\" width=\"279\">Engranaje Desplazamiento Fijo<\/td>\n<\/tr>\n<tr>\n<td class=\"excel10\" width=\"189\" height=\"21\">Peso de la m\u00e1quina<\/td>\n<td class=\"excel13\" width=\"279\">2103 kg \/ 4636 lb<\/td>\n<\/tr>\n<tr>\n<td class=\"excel11\" width=\"189\" height=\"21\">Peso de la m\u00e1quina<\/td>\n<td class=\"excel14\" width=\"279\">2103 kg \/ 4636 lb<\/td>\n<\/tr>\n<tr>\n<td class=\"excel10\" width=\"189\" height=\"21\">Peso de la m\u00e1quina<\/td>\n<td class=\"excel13\" width=\"279\">2135 kg \/ 4707 lb<\/td>\n<\/tr>\n<tr>\n<td height=\"20\">&nbsp;<\/td>\n<td class=\"excel15\">&nbsp;<\/td>\n<\/tr>\n<tr>\n<td class=\"excel12\" colspan=\"2\" width=\"468\" height=\"24\">Datos de desempe\u00f1o<\/td>\n<\/tr>\n<tr>\n<td class=\"excel10\" width=\"189\" height=\"35\">Velocidad de conducci\u00f3n \u2013 Plataforma elevada<\/td>\n<td class=\"excel13\" width=\"279\">0.80 km\/h \/ 0 mph<\/td>\n<\/tr>\n<tr>\n<td class=\"excel11\" width=\"189\" height=\"35\">Velocidad de conducci\u00f3n \u2013 Plataforma bajada<\/td>\n<td class=\"excel14\" width=\"279\">4.40 km\/h \/ 3 mph<\/td>\n<\/tr>\n<tr>\n<td class=\"excel10\" width=\"189\" height=\"21\">Sistema de propulsi\u00f3n<\/td>\n<td class=\"excel13\" width=\"279\">24V El\u00e9ctrica<\/td>\n<\/tr>\n<tr>\n<td class=\"excel11\" width=\"189\" height=\"21\">Capacidad en pendientes<\/td>\n<td class=\"excel16\" width=\"279\">25%<\/td>\n<\/tr>\n<tr>\n<td class=\"excel10\" width=\"189\" height=\"21\">Tiempo de levantamiento<\/td>\n<td class=\"excel13\" width=\"279\">40 sec.<\/td>\n<\/tr>\n<tr>\n<td class=\"excel11\" width=\"189\" height=\"21\">Tiempo de descenso<\/td>\n<td class=\"excel14\" width=\"279\">40 sec.<\/td>\n<\/tr>\n<tr>\n<td class=\"excel10\" width=\"189\" height=\"35\">Altura m\u00e1xima de conducci\u00f3n<\/td>\n<td class=\"excel13\" width=\"279\">7.77 m \/ 25 ft<\/td>\n<\/tr>\n<tr>\n<td class=\"excel11\" width=\"189\" height=\"35\">Capacit\u00e0 della piattaforma \u2013 Estensione<\/td>\n<td class=\"excel14\" width=\"279\">120 kg \/ 265 lb<\/td>\n<\/tr>\n<tr>\n<td class=\"excel10\" width=\"189\" height=\"35\">Capacidad de la plataforma \u2013 Restringida<\/td>\n<td class=\"excel13\" width=\"279\">360 kg \/ 794 lb<\/td>\n<\/tr>\n<tr>\n<td class=\"excel11\" width=\"189\" height=\"52\">Capacidad de la plataforma \u2013 No restringida<\/td>\n<td class=\"excel14\" width=\"279\">230 kg \/ 507 lb<\/td>\n<\/tr>\n<tr>\n<td class=\"excel10\" width=\"189\" height=\"21\">Radio de giro \u2013 Exterior<\/td>\n<td class=\"excel13\" width=\"279\">2.06 m \/ 7 ft<\/td>\n<\/tr>\n<tr>\n<td height=\"24\">&nbsp;<\/td>\n<td class=\"excel15\">&nbsp;<\/td>\n<\/tr>\n<tr>\n<td class=\"excel12\" colspan=\"2\" width=\"468\" height=\"24\">Datos dimensionales<\/td>\n<\/tr>\n<tr>\n<td class=\"excel10\" width=\"189\" height=\"21\">Espacio libre al suelo<\/td>\n<td class=\"excel13\" width=\"279\">0.09 m \/ 4 in.<\/td>\n<\/tr>\n<tr>\n<td class=\"excel11\" width=\"189\" height=\"21\">Altura de la m\u00e1quina<\/td>\n<td class=\"excel14\" width=\"279\">2.33 m \/ 8 ft<\/td>\n<\/tr>\n<tr>\n<td class=\"excel10\" width=\"189\" height=\"35\">Altura de la m\u00e1quina \u2013 Rieles plegados<\/td>\n<td class=\"excel13\" width=\"279\">1.98 m \/ 6 ft<\/td>\n<\/tr>\n<tr>\n<td class=\"excel11\" width=\"189\" height=\"21\">Longitud de la m\u00e1quina<\/td>\n<td class=\"excel14\" width=\"279\">2.30 m \/ 8 ft<\/td>\n<\/tr>\n<tr>\n<td class=\"excel10\" width=\"189\" height=\"21\">Ancho de la m\u00e1quina<\/td>\n<td class=\"excel13\" width=\"279\">0.81 m \/ 3 ft<\/td>\n<\/tr>\n<tr>\n<td class=\"excel11\" width=\"189\" height=\"35\">Dimensi\u00f3n A de la plataforma<\/td>\n<td class=\"excel14\" width=\"279\">0.76 m \/ 2 ft<\/td>\n<\/tr>\n<tr>\n<td class=\"excel10\" width=\"189\" height=\"35\">Dimensi\u00f3n B de la plataforma<\/td>\n<td class=\"excel13\" width=\"279\">2.30 m \/ 8 ft<\/td>\n<\/tr>\n<tr>\n<td class=\"excel11\" width=\"189\" height=\"35\">Longitud de extensi\u00f3n de la plataforma<\/td>\n<td class=\"excel14\" width=\"279\">0.90 m \/ 3 ft<\/td>\n<\/tr>\n<tr>\n<td class=\"excel10\" width=\"189\" height=\"21\">Altura de la plataforma<\/td>\n<td class=\"excel13\" width=\"279\">7.77 m \/ 25 ft<\/td>\n<\/tr>\n<tr>\n<td class=\"excel11\" width=\"189\" height=\"35\">Altura de la plataforma \u2013 Bajada<\/td>\n<td class=\"excel14\" width=\"279\">1.23 m \/ 4 ft<\/td>\n<\/tr>\n<tr>\n<td class=\"excel10\" width=\"189\" height=\"35\">Altura del barandal de la plataforma<\/td>\n<td class=\"excel13\" width=\"279\">1.10 m \/ 4 ft<\/td>\n<\/tr>\n<tr>\n<td class=\"excel11\" width=\"189\" height=\"21\">Tama\u00f1o de llantas<\/td>\n<td class=\"excel14\" width=\"279\">41 x 12.5 cm<\/td>\n<\/tr>\n<tr>\n<td class=\"excel10\" width=\"189\" height=\"21\">Distancia entre ejes<\/td>\n<td class=\"excel13\" width=\"279\">1.88 m \/ 6 ft<\/td>\n<\/tr>\n<tr>\n<td height=\"24\">&nbsp;<\/td>\n<td class=\"excel15\">&nbsp;<\/td>\n<\/tr>\n<tr>\n<td class=\"excel12\" colspan=\"2\" width=\"468\" height=\"24\">Especificaciones de alcance<\/td>\n<\/tr>\n<tr>\n<td class=\"excel10\" width=\"189\" height=\"21\">Altura de la plataforma<\/td>\n<td class=\"excel13\" width=\"279\">7.77 m \/ 25 ft<\/td>\n<\/tr>\n<tr>\n<td class=\"excel11\" width=\"189\" height=\"21\">Altura de trabajo<\/td>\n<td class=\"excel14\" width=\"279\">9.77 m \/ 32 ft<\/td>\n<\/tr>\n<\/tbody>\n<\/table>\n","protected":false},"excerpt":{"rendered":"<p>Key Specs<br \/>\nAncho de la m\u00e1quina : 0.81 m \/ 3 ft<br \/>\nAltura de la plataforma: 7.77 m \/ 25 ft<br \/>\nAltura de trabajo : 9.77 m \/ 32 ft<\/p>\n","protected":false},"featured_media":4536,"comment_status":"closed","ping_status":"closed","template":"","meta":[],"product_brand":[],"product_cat":[316,319,338,336,314,321],"product_tag":[],"class_list":{"0":"post-4577","1":"product","2":"type-product","3":"status-publish","4":"has-post-thumbnail","6":"product_cat-elevadoras-de-tijera","7":"product_cat-elevadores","8":"product_cat-jlg","9":"product_cat-marcas","10":"product_cat-plataformas","11":"product_cat-tijera","13":"first","14":"instock","15":"shipping-taxable","16":"product-type-simple"},"_links":{"self":[{"href":"https:\/\/optimizacion-online.info\/mtr\/wp-json\/wp\/v2\/product\/4577","targetHints":{"allow":["GET"]}}],"collection":[{"href":"https:\/\/optimizacion-online.info\/mtr\/wp-json\/wp\/v2\/product"}],"about":[{"href":"https:\/\/optimizacion-online.info\/mtr\/wp-json\/wp\/v2\/types\/product"}],"replies":[{"embeddable":true,"href":"https:\/\/optimizacion-online.info\/mtr\/wp-json\/wp\/v2\/comments?post=4577"}],"wp:featuredmedia":[{"embeddable":true,"href":"https:\/\/optimizacion-online.info\/mtr\/wp-json\/wp\/v2\/media\/4536"}],"wp:attachment":[{"href":"https:\/\/optimizacion-online.info\/mtr\/wp-json\/wp\/v2\/media?parent=4577"}],"wp:term":[{"taxonomy":"product_brand","embeddable":true,"href":"https:\/\/optimizacion-online.info\/mtr\/wp-json\/wp\/v2\/product_brand?post=4577"},{"taxonomy":"product_cat","embeddable":true,"href":"https:\/\/optimizacion-online.info\/mtr\/wp-json\/wp\/v2\/product_cat?post=4577"},{"taxonomy":"product_tag","embeddable":true,"href":"https:\/\/optimizacion-online.info\/mtr\/wp-json\/wp\/v2\/product_tag?post=4577"}],"curies":[{"name":"wp","href":"https:\/\/api.w.org\/{rel}","templated":true}]}}