{"id":4579,"date":"2018-11-13T06:25:25","date_gmt":"2018-11-13T06:25:25","guid":{"rendered":"https:\/\/montacargasventayrenta.com\/?post_type=product&#038;p=4579"},"modified":"2018-11-22T21:23:30","modified_gmt":"2018-11-22T21:23:30","slug":"jlg-elevador-electrico-de-tijera-3369le","status":"publish","type":"product","link":"https:\/\/optimizacion-online.info\/mtr\/producto\/jlg-elevador-electrico-de-tijera-3369le\/","title":{"rendered":"JLG Elevador el\u00e9ctrico de tijera 3369LE"},"content":{"rendered":"<p>Desempe\u00f1o superior sobre losas o fuera de ellas<br \/>\nLas llantas para terreno accidentado le llevan a cualquier lugar que desee ir<br \/>\nCon los gatos hidr\u00e1ulicos de nivelaci\u00f3n, el terreno irregular no es ning\u00fan problema<br \/>\nDuplique el ciclo de servicio de los elevadores de tijera para que pueda permanecer m\u00e1s tiempo en el trabajo<\/p>\n<table cellspacing=\"0\" cellpadding=\"0\">\n<tbody>\n<tr>\n<td colspan=\"2\" width=\"482\" height=\"37\">Fuente de alimentaci\u00f3n<\/td>\n<\/tr>\n<tr>\n<td width=\"236\" height=\"20\">Bater\u00edas<\/td>\n<td width=\"246\">8 x 6V, 370 A-h<\/td>\n<\/tr>\n<tr>\n<td width=\"236\" height=\"20\">Cargador<\/td>\n<td width=\"246\">20 A SCR Autom\u00e1tico<\/td>\n<\/tr>\n<tr>\n<td colspan=\"2\" width=\"482\" height=\"40\">Especificaciones generales<\/td>\n<\/tr>\n<tr>\n<td width=\"236\" height=\"34\">Frenos<\/td>\n<td width=\"246\">Discos aplicados por resorte Liberaci\u00f3n hidr\u00e1ulica<\/td>\n<\/tr>\n<tr>\n<td width=\"236\" height=\"20\">Capacidad \u2013 Dep\u00f3sito hidr\u00e1ulico<\/td>\n<td width=\"246\">32 L \/ 8 gal.<\/td>\n<\/tr>\n<tr>\n<td width=\"236\" height=\"20\">Presi\u00f3n de apoyo sobre el suelo<\/td>\n<td width=\"246\">4 Kg\/cm2<\/td>\n<\/tr>\n<tr>\n<td width=\"236\" height=\"20\">Bomba hidr\u00e1ulica<\/td>\n<td width=\"246\">Bomba de engranajes de secci\u00f3n \u00fanica<\/td>\n<\/tr>\n<tr>\n<td width=\"236\" height=\"20\">Peso de la m\u00e1quina<\/td>\n<td width=\"246\">4427 kg \/ 9760 lb<\/td>\n<\/tr>\n<tr>\n<td colspan=\"2\" width=\"482\" height=\"44\">Datos de desempe\u00f1o<\/td>\n<\/tr>\n<tr>\n<td width=\"236\" height=\"34\">Velocidad de conducci\u00f3n \u2013 Plataforma elevada<\/td>\n<td width=\"246\">0.80 km\/h \/ 0.50 mph<\/td>\n<\/tr>\n<tr>\n<td width=\"236\" height=\"34\">Velocidad de conducci\u00f3n \u2013 Plataforma bajada<\/td>\n<td width=\"246\">4.80 km\/h \/ 2.98 mph<\/td>\n<\/tr>\n<tr>\n<td width=\"236\" height=\"34\">Capacidad en pendientes \u2013 Tracci\u00f3n en dos ruedas<\/td>\n<td align=\"right\" width=\"246\">35%<\/td>\n<\/tr>\n<tr>\n<td width=\"236\" height=\"34\">Capacidad en pendientes \u2013 Doble tracci\u00f3n<\/td>\n<td align=\"right\" width=\"246\">45%<\/td>\n<\/tr>\n<tr>\n<td width=\"236\" height=\"20\">Tiempo de levantamiento<\/td>\n<td width=\"246\">38 sec.<\/td>\n<\/tr>\n<tr>\n<td width=\"236\" height=\"20\">Tiempo de descenso<\/td>\n<td width=\"246\">42 sec.<\/td>\n<\/tr>\n<tr>\n<td width=\"236\" height=\"20\">Altura m\u00e1xima de conducci\u00f3n<\/td>\n<td width=\"246\">10.06 m \/ 33 ft<\/td>\n<\/tr>\n<tr>\n<td width=\"236\" height=\"20\">M\u00e1xima altura de levantamiento<\/td>\n<td width=\"246\">10.06 m \/ 33 ft<\/td>\n<\/tr>\n<tr>\n<td width=\"236\" height=\"20\">Capacidad de la plataforma<\/td>\n<td width=\"246\">450 kg \/ 992 lb<\/td>\n<\/tr>\n<tr>\n<td width=\"236\" height=\"34\">Capacit\u00e0 della piattaforma \u2013 Estensione<\/td>\n<td width=\"246\">120 kg \/ 265 lb<\/td>\n<\/tr>\n<tr>\n<td width=\"236\" height=\"20\">Radio de giro \u2013 Exterior<\/td>\n<td width=\"246\">4.88 m \/ 16 ft<\/td>\n<\/tr>\n<tr>\n<td colspan=\"2\" width=\"482\" height=\"44\">Datos dimensionales<\/td>\n<\/tr>\n<tr>\n<td width=\"236\" height=\"20\">Espacio libre al suelo<\/td>\n<td width=\"246\">0.2 m \/ 8 in.<\/td>\n<\/tr>\n<tr>\n<td width=\"236\" height=\"20\">Altura de la m\u00e1quina<\/td>\n<td width=\"246\">2.79 m \/ 9 ft<\/td>\n<\/tr>\n<tr>\n<td width=\"236\" height=\"34\">Altura de la m\u00e1quina \u2013 Rieles plegados<\/td>\n<td width=\"246\">1.98 m \/ 6 ft<\/td>\n<\/tr>\n<tr>\n<td width=\"236\" height=\"20\">Longitud de la m\u00e1quina<\/td>\n<td width=\"246\">3.15 m \/ 10 ft<\/td>\n<\/tr>\n<tr>\n<td width=\"236\" height=\"20\">Ancho de la m\u00e1quina<\/td>\n<td width=\"246\">1.75 m \/ 6 ft<\/td>\n<\/tr>\n<tr>\n<td width=\"236\" height=\"20\">Dimensi\u00f3n A de la plataforma<\/td>\n<td width=\"246\">1.65 m \/ 5 ft<\/td>\n<\/tr>\n<tr>\n<td width=\"236\" height=\"20\">Dimensi\u00f3n B de la plataforma<\/td>\n<td width=\"246\">2.92 m \/ 10 ft<\/td>\n<\/tr>\n<tr>\n<td width=\"236\" height=\"34\">Longitud de extensi\u00f3n de la plataforma<\/td>\n<td width=\"246\">0.91 m \/ 3 ft<\/td>\n<\/tr>\n<tr>\n<td width=\"236\" height=\"20\">Altura de la plataforma<\/td>\n<td width=\"246\">10.06 m \/ 33 ft<\/td>\n<\/tr>\n<tr>\n<td width=\"236\" height=\"20\">Altura de la plataforma \u2013 Bajada<\/td>\n<td width=\"246\">1.69 m \/ 6 ft<\/td>\n<\/tr>\n<tr>\n<td width=\"236\" height=\"34\">Altura del barandal de la plataforma<\/td>\n<td width=\"246\">1.10 m \/ 4 ft<\/td>\n<\/tr>\n<tr>\n<td width=\"236\" height=\"20\">Tama\u00f1o de llantas<\/td>\n<td width=\"246\">240\/55 x 17.5 No deja-marcas<\/td>\n<\/tr>\n<tr>\n<td width=\"236\" height=\"20\">Distancia entre ejes<\/td>\n<td width=\"246\">2.32 m \/ 8 ft<\/td>\n<\/tr>\n<tr>\n<td colspan=\"2\" width=\"482\" height=\"44\">Especificaciones de alcance<\/td>\n<\/tr>\n<tr>\n<td width=\"236\" height=\"20\">Altura de la plataforma<\/td>\n<td width=\"246\">10.06 m \/ 33 ft<\/td>\n<\/tr>\n<tr>\n<td width=\"236\" height=\"20\">Altura de trabajo<\/td>\n<td width=\"246\">12.06 m \/ 40 ft<\/td>\n<\/tr>\n<\/tbody>\n<\/table>\n","protected":false},"excerpt":{"rendered":"<p>Aumente su productividad con menos recargas y m\u00e1s tiempo de actividad con los elevadores el\u00e9ctricos de tijera de JLG\u00ae. Estas m\u00e1quinas est\u00e1n dise\u00f1adas para que usted tenga menos servicios programados, un \u00e1rea de trabajo m\u00e1s silenciosa, menos dependencia de los aceites hidr\u00e1ulicos y cero emisiones. Asimismo, los innovadores controles del operador y las dimensiones compactas hacen que esta serie sea extremadamente m\u00f3vil.<\/p>\n<p>La Serie LE ofrece un eje oscilante est\u00e1ndar; capacidad para subir pendientes con inclinaciones hasta del 35%; llantas resistentes todoterreno, rellenas de espuma y que no dejan marcas; y est\u00e1 disponible con tracci\u00f3n en todas las ruedas.<\/p>\n<p>Key Specs<br \/>\nAncho de la m\u00e1quina : 1.75 m \/ 6 ft<br \/>\nCapacidad de la plataforma : 450 kg \/ 992 lb<br \/>\nAltura de la plataforma: 10.06 m \/ 33 ft<\/p>\n","protected":false},"featured_media":4540,"comment_status":"closed","ping_status":"closed","template":"","meta":[],"product_brand":[],"product_cat":[316,319,338,336,314,321],"product_tag":[],"class_list":{"0":"post-4579","1":"product","2":"type-product","3":"status-publish","4":"has-post-thumbnail","6":"product_cat-elevadoras-de-tijera","7":"product_cat-elevadores","8":"product_cat-jlg","9":"product_cat-marcas","10":"product_cat-plataformas","11":"product_cat-tijera","13":"first","14":"instock","15":"shipping-taxable","16":"product-type-simple"},"_links":{"self":[{"href":"https:\/\/optimizacion-online.info\/mtr\/wp-json\/wp\/v2\/product\/4579","targetHints":{"allow":["GET"]}}],"collection":[{"href":"https:\/\/optimizacion-online.info\/mtr\/wp-json\/wp\/v2\/product"}],"about":[{"href":"https:\/\/optimizacion-online.info\/mtr\/wp-json\/wp\/v2\/types\/product"}],"replies":[{"embeddable":true,"href":"https:\/\/optimizacion-online.info\/mtr\/wp-json\/wp\/v2\/comments?post=4579"}],"wp:featuredmedia":[{"embeddable":true,"href":"https:\/\/optimizacion-online.info\/mtr\/wp-json\/wp\/v2\/media\/4540"}],"wp:attachment":[{"href":"https:\/\/optimizacion-online.info\/mtr\/wp-json\/wp\/v2\/media?parent=4579"}],"wp:term":[{"taxonomy":"product_brand","embeddable":true,"href":"https:\/\/optimizacion-online.info\/mtr\/wp-json\/wp\/v2\/product_brand?post=4579"},{"taxonomy":"product_cat","embeddable":true,"href":"https:\/\/optimizacion-online.info\/mtr\/wp-json\/wp\/v2\/product_cat?post=4579"},{"taxonomy":"product_tag","embeddable":true,"href":"https:\/\/optimizacion-online.info\/mtr\/wp-json\/wp\/v2\/product_tag?post=4579"}],"curies":[{"name":"wp","href":"https:\/\/api.w.org\/{rel}","templated":true}]}}