{"id":4584,"date":"2018-11-13T06:35:39","date_gmt":"2018-11-13T06:35:39","guid":{"rendered":"https:\/\/montacargasventayrenta.com\/?post_type=product&#038;p=4584"},"modified":"2018-11-22T21:24:24","modified_gmt":"2018-11-22T21:24:24","slug":"jlg-elevador-electrico-de-tijera-2646es","status":"publish","type":"product","link":"https:\/\/optimizacion-online.info\/mtr\/producto\/jlg-elevador-electrico-de-tijera-2646es\/","title":{"rendered":"JLG Elevador el\u00e9ctrico de tijera 2646ES"},"content":{"rendered":"<p>Funcionamiento m\u00e1s silencioso y m\u00e1s limpio para una variedad de ambientes<br \/>\nDirecci\u00f3n el\u00e9ctrica y componentes integrados con solo dos mangueras hidr\u00e1ulicas y cuatro accesorios hidr\u00e1ulicos en toda la m\u00e1quina que le mantendr\u00e1n en el trabajo durante m\u00e1s tiempo y disminuir\u00e1n sus costos de operaci\u00f3n al reducir las probabilidades de tener fugas o hacer llamadas de servicio<br \/>\nRadio de giro estrecho para tener una gran maniobrabilidad<\/p>\n<table cellspacing=\"0\" cellpadding=\"0\">\n<tbody>\n<tr>\n<td colspan=\"2\" width=\"553\" height=\"37\">Fuente de alimentaci\u00f3n<\/td>\n<\/tr>\n<tr>\n<td width=\"307\" height=\"37\">Bater\u00edas<\/td>\n<td width=\"246\">4 x 6V, 220 A-h<\/td>\n<\/tr>\n<tr>\n<td width=\"307\" height=\"33\">Cargador<\/td>\n<td width=\"246\">20 A autom\u00e1tico<\/td>\n<\/tr>\n<tr>\n<td height=\"41\">&nbsp;<\/td>\n<td>&nbsp;<\/td>\n<\/tr>\n<tr>\n<td colspan=\"2\" width=\"553\" height=\"40\">Especificaciones generales<\/td>\n<\/tr>\n<tr>\n<td width=\"307\" height=\"49\">Frenos<\/td>\n<td width=\"246\">El\u00e9ctrica, Fricci\u00f3n<\/td>\n<\/tr>\n<tr>\n<td width=\"307\" height=\"24\">Capacidad \u2013 Dep\u00f3sito hidr\u00e1ulico<\/td>\n<td width=\"246\">6.40 L \/ 2 gal.<\/td>\n<\/tr>\n<tr>\n<td width=\"307\" height=\"20\">Presi\u00f3n de apoyo sobre el suelo<\/td>\n<td width=\"246\">6.90 Kg\/cm2<\/td>\n<\/tr>\n<tr>\n<td width=\"307\" height=\"20\">Bomba hidr\u00e1ulica<\/td>\n<td width=\"246\">Engranaje Desplazamiento Fijo<\/td>\n<\/tr>\n<tr>\n<td width=\"307\" height=\"44\">Peso de la m\u00e1quina<\/td>\n<td width=\"246\">2257 kg \/ 4976 lb<\/td>\n<\/tr>\n<tr>\n<td height=\"20\">&nbsp;<\/td>\n<td>&nbsp;<\/td>\n<\/tr>\n<tr>\n<td colspan=\"2\" width=\"553\" height=\"42\">Datos de desempe\u00f1o<\/td>\n<\/tr>\n<tr>\n<td width=\"307\" height=\"34\">Velocidad de conducci\u00f3n \u2013 Plataforma elevada<\/td>\n<td width=\"246\">0.80 km\/h \/ 0.50 mph<\/td>\n<\/tr>\n<tr>\n<td width=\"307\" height=\"24\">Velocidad de conducci\u00f3n \u2013 Plataforma bajada<\/td>\n<td width=\"246\">4 km\/h \/ 2.49 mph<\/td>\n<\/tr>\n<tr>\n<td width=\"307\" height=\"20\">Capacidad en pendientes<\/td>\n<td align=\"right\" width=\"246\">25%<\/td>\n<\/tr>\n<tr>\n<td width=\"307\" height=\"20\">Tiempo de levantamiento<\/td>\n<td width=\"246\">40 sec.<\/td>\n<\/tr>\n<tr>\n<td width=\"307\" height=\"20\">Tiempo de descenso<\/td>\n<td width=\"246\">50 sec.<\/td>\n<\/tr>\n<tr>\n<td width=\"307\" height=\"20\">Altura m\u00e1xima de conducci\u00f3n<\/td>\n<td width=\"246\">7.92 m \/ 26 ft<\/td>\n<\/tr>\n<tr>\n<td width=\"307\" height=\"20\">M\u00e1xima altura de levantamiento<\/td>\n<td width=\"246\">7.92 m \/ 26 ft<\/td>\n<\/tr>\n<tr>\n<td width=\"307\" height=\"20\">Capacit\u00e0 della piattaforma \u2013 Estensione<\/td>\n<td width=\"246\">120 kg \/ 265 lb<\/td>\n<\/tr>\n<tr>\n<td width=\"307\" height=\"33\">Capacidad de la plataforma \u2013 No restringida<\/td>\n<td width=\"246\">450 kg \/ 992 lb<\/td>\n<\/tr>\n<tr>\n<td width=\"307\" height=\"20\">Radio de giro \u2013 Exterior<\/td>\n<td width=\"246\">2.41 m \/ 8 ft<\/td>\n<\/tr>\n<tr>\n<td height=\"20\">&nbsp;<\/td>\n<td>&nbsp;<\/td>\n<\/tr>\n<tr>\n<td colspan=\"2\" width=\"553\" height=\"56\">Datos dimensionales<\/td>\n<\/tr>\n<tr>\n<td width=\"307\" height=\"24\">Espacio libre al suelo<\/td>\n<td width=\"246\">0.13 m \/ 5 in.<\/td>\n<\/tr>\n<tr>\n<td width=\"307\" height=\"24\">Altura de la m\u00e1quina<\/td>\n<td width=\"246\">2.36 m \/ 8 ft<\/td>\n<\/tr>\n<tr>\n<td width=\"307\" height=\"20\">Altura de la m\u00e1quina \u2013 Rieles plegados<\/td>\n<td width=\"246\">1.97 m \/ 6 ft<\/td>\n<\/tr>\n<tr>\n<td width=\"307\" height=\"24\">Longitud de la m\u00e1quina<\/td>\n<td width=\"246\">2.50 m \/ 8 ft<\/td>\n<\/tr>\n<tr>\n<td width=\"307\" height=\"20\">Ancho de la m\u00e1quina<\/td>\n<td width=\"246\">1.17 m \/ 4 ft<\/td>\n<\/tr>\n<tr>\n<td width=\"307\" height=\"20\">Dimensi\u00f3n A de la plataforma<\/td>\n<td width=\"246\">1.12 m \/ 4 ft<\/td>\n<\/tr>\n<tr>\n<td width=\"307\" height=\"20\">Dimensi\u00f3n B de la plataforma<\/td>\n<td width=\"246\">2.50 m \/ 8 ft<\/td>\n<\/tr>\n<tr>\n<td width=\"307\" height=\"20\">Longitud de extensi\u00f3n de la plataforma<\/td>\n<td width=\"246\">1.27 m \/ 4 ft<\/td>\n<\/tr>\n<tr>\n<td width=\"307\" height=\"20\">Altura de la plataforma<\/td>\n<td width=\"246\">7.92 m \/ 26 ft<\/td>\n<\/tr>\n<tr>\n<td width=\"307\" height=\"44\">Altura de la plataforma \u2013 Bajada<\/td>\n<td width=\"246\">1.26 m \/ 4 ft<\/td>\n<\/tr>\n<tr>\n<td width=\"307\" height=\"20\">Altura del barandal de la plataforma<\/td>\n<td width=\"246\">1.10 m \/ 4 ft<\/td>\n<\/tr>\n<tr>\n<td width=\"307\" height=\"20\">Tama\u00f1o de llantas<\/td>\n<td width=\"246\">41 x 12.5 cm<\/td>\n<\/tr>\n<tr>\n<td width=\"307\" height=\"20\">Distancia entre ejes<\/td>\n<td width=\"246\">2.09 m \/ 7 ft<\/td>\n<\/tr>\n<tr>\n<td height=\"55\">&nbsp;<\/td>\n<td>&nbsp;<\/td>\n<\/tr>\n<tr>\n<td colspan=\"2\" width=\"553\" height=\"24\">Especificaciones de alcance<\/td>\n<\/tr>\n<tr>\n<td width=\"307\" height=\"24\">Altura de la plataforma<\/td>\n<td width=\"246\">7.92 m \/ 26 ft<\/td>\n<\/tr>\n<tr>\n<td width=\"307\" height=\"20\">Altura de trabajo<\/td>\n<td width=\"246\">9.92 m \/ 33 ft<\/td>\n<\/tr>\n<\/tbody>\n<\/table>\n","protected":false},"excerpt":{"rendered":"<p>Aumente su productividad con menos recargas y m\u00e1s tiempo de actividad con los elevadores el\u00e9ctricos de tijera de JLG\u00ae. Estas m\u00e1quinas est\u00e1n dise\u00f1adas para que usted tenga menos servicios programados, un \u00e1rea de trabajo m\u00e1s silenciosa, menos dependencia de los aceites hidr\u00e1ulicos y cero emisiones. Asimismo, los innovadores controles del operador y las dimensiones compactas hacen que esta serie sea extremadamente m\u00f3vil.<\/p>\n<p>La Serie ES ofrece el mejor desempe\u00f1o de la industria en el sitio de trabajo, con ciclos de servicio que duplican los de otros elevadores el\u00e9ctricos de tijera. Esto duplica el tiempo de operaci\u00f3n con una misma carga.<\/p>\n<p>Key Specs<br \/>\nAncho de la m\u00e1quina : 1.17 m \/ 4 ft<br \/>\nAltura de la plataforma: 7.92 m \/ 26 ft<\/p>\n","protected":false},"featured_media":4551,"comment_status":"closed","ping_status":"closed","template":"","meta":[],"product_brand":[],"product_cat":[316,319,338,336,314,321],"product_tag":[],"class_list":{"0":"post-4584","1":"product","2":"type-product","3":"status-publish","4":"has-post-thumbnail","6":"product_cat-elevadoras-de-tijera","7":"product_cat-elevadores","8":"product_cat-jlg","9":"product_cat-marcas","10":"product_cat-plataformas","11":"product_cat-tijera","13":"first","14":"instock","15":"shipping-taxable","16":"product-type-simple"},"_links":{"self":[{"href":"https:\/\/optimizacion-online.info\/mtr\/wp-json\/wp\/v2\/product\/4584","targetHints":{"allow":["GET"]}}],"collection":[{"href":"https:\/\/optimizacion-online.info\/mtr\/wp-json\/wp\/v2\/product"}],"about":[{"href":"https:\/\/optimizacion-online.info\/mtr\/wp-json\/wp\/v2\/types\/product"}],"replies":[{"embeddable":true,"href":"https:\/\/optimizacion-online.info\/mtr\/wp-json\/wp\/v2\/comments?post=4584"}],"wp:featuredmedia":[{"embeddable":true,"href":"https:\/\/optimizacion-online.info\/mtr\/wp-json\/wp\/v2\/media\/4551"}],"wp:attachment":[{"href":"https:\/\/optimizacion-online.info\/mtr\/wp-json\/wp\/v2\/media?parent=4584"}],"wp:term":[{"taxonomy":"product_brand","embeddable":true,"href":"https:\/\/optimizacion-online.info\/mtr\/wp-json\/wp\/v2\/product_brand?post=4584"},{"taxonomy":"product_cat","embeddable":true,"href":"https:\/\/optimizacion-online.info\/mtr\/wp-json\/wp\/v2\/product_cat?post=4584"},{"taxonomy":"product_tag","embeddable":true,"href":"https:\/\/optimizacion-online.info\/mtr\/wp-json\/wp\/v2\/product_tag?post=4584"}],"curies":[{"name":"wp","href":"https:\/\/api.w.org\/{rel}","templated":true}]}}