{"id":4587,"date":"2018-11-13T06:41:16","date_gmt":"2018-11-13T06:41:16","guid":{"rendered":"https:\/\/montacargasventayrenta.com\/?post_type=product&#038;p=4587"},"modified":"2018-11-22T21:24:44","modified_gmt":"2018-11-22T21:24:44","slug":"jlg-elevador-electrico-de-tijera-3248rs","status":"publish","type":"product","link":"https:\/\/optimizacion-online.info\/mtr\/producto\/jlg-elevador-electrico-de-tijera-3248rs\/","title":{"rendered":"JLG Elevador el\u00e9ctrico de tijera 3248RS"},"content":{"rendered":"<p>La protecci\u00f3n pasiva contra baches elimina todas las piezas movibles del sistema de protecci\u00f3n contra baches, lo que reduce la necesidad de reparar o reemplazar<br \/>\nCapacidad para recorrer pendientes con inclinaciones de hasta 25%<br \/>\nControles del operador innovadores, similares a los de la Serie ES, y dimensiones compactas que permiten desplazarse por las entradas de puerta<br \/>\nLas zonas de almacenamiento de las bater\u00edas son f\u00e1cilmente accesibles y no tienen cajones que deban abrirse<br \/>\nLa propulsi\u00f3n el\u00e9ctrica directa ofrece ciclos de servicio l\u00edderes en la industria<br \/>\nLos puntos de fuga se minimizan con un dise\u00f1o que incluye 4 mangueras hidr\u00e1ulicas<\/p>\n<table cellspacing=\"0\" cellpadding=\"0\">\n<colgroup>\n<col width=\"307\">\n<col width=\"246\"><\/colgroup>\n<tbody>\n<tr>\n<td colspan=\"2\" width=\"553\" height=\"37\">Fuente de alimentaci\u00f3n<\/td>\n<\/tr>\n<tr>\n<td width=\"307\" height=\"37\">Bater\u00edas<\/td>\n<td width=\"246\">4 x 6V, 220 A-h<\/td>\n<\/tr>\n<tr>\n<td width=\"307\" height=\"33\">Cargador<\/td>\n<td width=\"246\">25 A<\/td>\n<\/tr>\n<tr>\n<td height=\"41\">&nbsp;<\/td>\n<td>&nbsp;<\/td>\n<\/tr>\n<tr>\n<td colspan=\"2\" width=\"553\" height=\"40\">Especificaciones generales<\/td>\n<\/tr>\n<tr>\n<td width=\"307\" height=\"49\">Frenos<\/td>\n<td width=\"246\">El\u00e9ctrica, Fricci\u00f3n<\/td>\n<\/tr>\n<tr>\n<td width=\"307\" height=\"24\">Capacidad \u2013 Dep\u00f3sito hidr\u00e1ulico<\/td>\n<td width=\"246\">9.01 L \/ 2 gal.<\/td>\n<\/tr>\n<tr>\n<td width=\"307\" height=\"20\">Presi\u00f3n de apoyo sobre el suelo<\/td>\n<td width=\"246\">6.30 Kg\/cm2 \/ 90 psi<\/td>\n<\/tr>\n<tr>\n<td width=\"307\" height=\"20\">Bomba hidr\u00e1ulica<\/td>\n<td width=\"246\">Engranaje Desplazamiento Fijo<\/td>\n<\/tr>\n<tr>\n<td width=\"307\" height=\"44\">Peso de la m\u00e1quina<\/td>\n<td width=\"246\">2744.23 kg \/ 6050 lb<\/td>\n<\/tr>\n<tr>\n<td height=\"20\">&nbsp;<\/td>\n<td>&nbsp;<\/td>\n<\/tr>\n<tr>\n<td colspan=\"2\" width=\"553\" height=\"42\">Datos de desempe\u00f1o<\/td>\n<\/tr>\n<tr>\n<td width=\"307\" height=\"34\">Velocidad de conducci\u00f3n \u2013 Plataforma elevada<\/td>\n<td width=\"246\">0.48 km\/h \/ 0.30 mph<\/td>\n<\/tr>\n<tr>\n<td width=\"307\" height=\"24\">Velocidad de conducci\u00f3n \u2013 Plataforma bajada<\/td>\n<td width=\"246\">4.02 km\/h \/ 2.50 mph<\/td>\n<\/tr>\n<tr>\n<td width=\"307\" height=\"20\">Capacidad en pendientes<\/td>\n<td align=\"right\" width=\"246\">25%<\/td>\n<\/tr>\n<tr>\n<td width=\"307\" height=\"20\">Tiempo de levantamiento<\/td>\n<td width=\"246\">60 sec.<\/td>\n<\/tr>\n<tr>\n<td width=\"307\" height=\"20\">Tiempo de descenso<\/td>\n<td width=\"246\">60 sec.<\/td>\n<\/tr>\n<tr>\n<td width=\"307\" height=\"20\">Altura m\u00e1xima de conducci\u00f3n<\/td>\n<td width=\"246\">9.75 m \/ 32 ft<\/td>\n<\/tr>\n<tr>\n<td width=\"307\" height=\"20\">M\u00e1xima altura de levantamiento<\/td>\n<td width=\"246\">9.75 m \/ 32 ft<\/td>\n<\/tr>\n<tr>\n<td width=\"307\" height=\"20\">Capacit\u00e0 della piattaforma \u2013 Estensione<\/td>\n<td width=\"246\">113.40 kg \/ 250 lb<\/td>\n<\/tr>\n<tr>\n<td width=\"307\" height=\"33\">Capacidad de la plataforma \u2013 No restringida<\/td>\n<td width=\"246\">319.78 kg \/ 705 lb<\/td>\n<\/tr>\n<tr>\n<td width=\"307\" height=\"20\">Radio de giro \u2013 Exterior<\/td>\n<td width=\"246\">3.18 m \/ 10 ft 5 in.<\/td>\n<\/tr>\n<tr>\n<td height=\"20\">&nbsp;<\/td>\n<td>&nbsp;<\/td>\n<\/tr>\n<tr>\n<td colspan=\"2\" width=\"553\" height=\"56\">Datos dimensionales<\/td>\n<\/tr>\n<tr>\n<td width=\"307\" height=\"24\">Espacio libre al suelo<\/td>\n<td width=\"246\">0.1 m \/ 4 in.<\/td>\n<\/tr>\n<tr>\n<td width=\"307\" height=\"24\">Altura de la m\u00e1quina<\/td>\n<td width=\"246\">2.41 m \/ 7 ft 11 in.<\/td>\n<\/tr>\n<tr>\n<td width=\"307\" height=\"20\">Altura de la m\u00e1quina \u2013 Rieles plegados<\/td>\n<td width=\"246\">1.98 m \/ 6 ft 6 in.<\/td>\n<\/tr>\n<tr>\n<td width=\"307\" height=\"24\">Longitud de la m\u00e1quina<\/td>\n<td width=\"246\">2.3 m \/ 7 ft 7 in.<\/td>\n<\/tr>\n<tr>\n<td width=\"307\" height=\"20\">Ancho de la m\u00e1quina<\/td>\n<td width=\"246\">1.22 m \/ 4 ft<\/td>\n<\/tr>\n<tr>\n<td width=\"307\" height=\"20\">Dimensi\u00f3n A de la plataforma<\/td>\n<td width=\"246\">2.15 m \/ 7 ft 1 in.<\/td>\n<\/tr>\n<tr>\n<td width=\"307\" height=\"20\">Dimensi\u00f3n B de la plataforma<\/td>\n<td width=\"246\">1.08 m \/ 3 ft 7 in.<\/td>\n<\/tr>\n<tr>\n<td width=\"307\" height=\"20\">Longitud de extensi\u00f3n de la plataforma<\/td>\n<td width=\"246\">0.91 m \/ 3 ft<\/td>\n<\/tr>\n<tr>\n<td width=\"307\" height=\"20\">Altura de la plataforma<\/td>\n<td width=\"246\">9.75 m \/ 32 ft<\/td>\n<\/tr>\n<tr>\n<td width=\"307\" height=\"44\">Altura de la plataforma \u2013 Bajada<\/td>\n<td width=\"246\">1.4 m \/ 4 ft 7 in.<\/td>\n<\/tr>\n<tr>\n<td width=\"307\" height=\"20\">Altura del barandal de la plataforma<\/td>\n<td width=\"246\">1.03 m \/ 3 ft 5 in.<\/td>\n<\/tr>\n<tr>\n<td width=\"307\" height=\"20\">Tama\u00f1o de llantas<\/td>\n<td width=\"246\">16 x 5 in<\/td>\n<\/tr>\n<tr>\n<td width=\"307\" height=\"20\">Distancia entre ejes<\/td>\n<td width=\"246\">1.85 m \/ 6 ft 1 in.<\/td>\n<\/tr>\n<tr>\n<td height=\"55\">&nbsp;<\/td>\n<td>&nbsp;<\/td>\n<\/tr>\n<tr>\n<td colspan=\"2\" width=\"553\" height=\"24\">Especificaciones de alcance<\/td>\n<\/tr>\n<tr>\n<td width=\"307\" height=\"24\">Altura de la plataforma<\/td>\n<td width=\"246\">9.75 m \/ 32 ft<\/td>\n<\/tr>\n<tr>\n<td width=\"307\" height=\"20\">Altura de trabajo<\/td>\n<td width=\"246\">11.58 m \/ 38 ft<\/td>\n<\/tr>\n<\/tbody>\n<\/table>\n","protected":false},"excerpt":{"rendered":"<p>Aumente su productividad con menos recargas y m\u00e1s tiempo de actividad con los elevadores el\u00e9ctricos de tijera de JLG\u00ae. Estas m\u00e1quinas est\u00e1n dise\u00f1adas para que usted tenga menos servicios programados, un \u00e1rea de trabajo m\u00e1s silenciosa, menos dependencia de los aceites hidr\u00e1ulicos y cero emisiones. Asimismo, los innovadores controles del operador y las dimensiones compactas hacen que esta serie sea extremadamente m\u00f3vil.<\/p>\n<p>La Serie RS es duradera y proporciona protecci\u00f3n pasiva contra baches para obtener un desempe\u00f1o sencillo y confiable con ciclos de servicio l\u00edderes en la industria y un bajo costo de propiedad.<\/p>\n<p>Key Specs<br \/>\nAncho de la m\u00e1quina : 1.22 m \/ 4 ft<br \/>\nAltura de la plataforma: 9.75 m \/ 32 ft<\/p>\n","protected":false},"featured_media":4560,"comment_status":"closed","ping_status":"closed","template":"","meta":[],"product_brand":[],"product_cat":[316,319,338,336,314,321],"product_tag":[],"class_list":{"0":"post-4587","1":"product","2":"type-product","3":"status-publish","4":"has-post-thumbnail","6":"product_cat-elevadoras-de-tijera","7":"product_cat-elevadores","8":"product_cat-jlg","9":"product_cat-marcas","10":"product_cat-plataformas","11":"product_cat-tijera","13":"first","14":"instock","15":"shipping-taxable","16":"product-type-simple"},"_links":{"self":[{"href":"https:\/\/optimizacion-online.info\/mtr\/wp-json\/wp\/v2\/product\/4587","targetHints":{"allow":["GET"]}}],"collection":[{"href":"https:\/\/optimizacion-online.info\/mtr\/wp-json\/wp\/v2\/product"}],"about":[{"href":"https:\/\/optimizacion-online.info\/mtr\/wp-json\/wp\/v2\/types\/product"}],"replies":[{"embeddable":true,"href":"https:\/\/optimizacion-online.info\/mtr\/wp-json\/wp\/v2\/comments?post=4587"}],"wp:featuredmedia":[{"embeddable":true,"href":"https:\/\/optimizacion-online.info\/mtr\/wp-json\/wp\/v2\/media\/4560"}],"wp:attachment":[{"href":"https:\/\/optimizacion-online.info\/mtr\/wp-json\/wp\/v2\/media?parent=4587"}],"wp:term":[{"taxonomy":"product_brand","embeddable":true,"href":"https:\/\/optimizacion-online.info\/mtr\/wp-json\/wp\/v2\/product_brand?post=4587"},{"taxonomy":"product_cat","embeddable":true,"href":"https:\/\/optimizacion-online.info\/mtr\/wp-json\/wp\/v2\/product_cat?post=4587"},{"taxonomy":"product_tag","embeddable":true,"href":"https:\/\/optimizacion-online.info\/mtr\/wp-json\/wp\/v2\/product_tag?post=4587"}],"curies":[{"name":"wp","href":"https:\/\/api.w.org\/{rel}","templated":true}]}}