{"id":4630,"date":"2018-11-13T07:19:24","date_gmt":"2018-11-13T07:19:24","guid":{"rendered":"https:\/\/montacargasventayrenta.com\/?post_type=product&#038;p=4630"},"modified":"2018-11-13T07:19:51","modified_gmt":"2018-11-13T07:19:51","slug":"jlg-pluma-sobre-orugas-compactas-x770aj","status":"publish","type":"product","link":"https:\/\/optimizacion-online.info\/mtr\/producto\/jlg-pluma-sobre-orugas-compactas-x770aj\/","title":{"rendered":"JLG Pluma sobre orugas compactas X770AJ"},"content":{"rendered":"<p>Control de la velocidad de la unidad para la operaci\u00f3n suave en una variedad de terrenos<br \/>\nCapacidad de la plataforma sin restricciones de 227 kg (500 lb)<br \/>\nV\u00e1lvula de regeneraci\u00f3n en el cilindro telesc\u00f3pico que produce un aumento del 50% en la velocidad<br \/>\nPasa por una puerta est\u00e1ndar<br \/>\nAutonivelaci\u00f3n en superficies irregulares<\/p>\n<table class=\"excel63\" border=\"1\" cellspacing=\"0\" cellpadding=\"0\">\n<colgroup>\n<col width=\"324\">\n<col width=\"279\"><\/colgroup>\n<tbody>\n<tr>\n<td class=\"excel66\" colspan=\"2\" width=\"603\" height=\"24\">Fuente de alimentaci\u00f3n<\/td>\n<\/tr>\n<tr>\n<td class=\"excel64\" width=\"324\" height=\"24\">Tipo de motor \u2013 Di\u00e9sel<\/td>\n<td class=\"excel67\" width=\"279\">Diesel Kubota D902 21.6 hp<\/td>\n<\/tr>\n<tr>\n<td class=\"excel65\" width=\"324\" height=\"21\">Tipo de motor \u2013 El\u00e9ctrico<\/td>\n<td class=\"excel68\" width=\"279\">100Ah 83V Lithium-Ion<\/td>\n<\/tr>\n<tr>\n<td class=\"excel64\" width=\"324\" height=\"35\">Capacidad del tanque de combustible \u2013 Di\u00e9sel<\/td>\n<td class=\"excel67\" width=\"279\">24.98 L \/ 7 gal.<\/td>\n<\/tr>\n<tr>\n<td height=\"20\">&nbsp;<\/td>\n<td class=\"excel69\">&nbsp;<\/td>\n<\/tr>\n<tr>\n<td class=\"excel66\" colspan=\"2\" width=\"603\" height=\"24\">Datos de desempe\u00f1o<\/td>\n<\/tr>\n<tr>\n<td class=\"excel64\" width=\"324\" height=\"21\">Capacidad en pendientes<\/td>\n<td class=\"excel70\" width=\"279\">28%<\/td>\n<\/tr>\n<tr>\n<td class=\"excel65\" width=\"324\" height=\"21\">Estabilizadores<\/td>\n<td class=\"excel68\" width=\"279\">S\u00ed<\/td>\n<\/tr>\n<tr>\n<td class=\"excel64\" width=\"324\" height=\"24\">Capacidad de la plataforma<\/td>\n<td class=\"excel67\" width=\"279\">226.80 kg \/ 500 lb<\/td>\n<\/tr>\n<tr>\n<td class=\"excel65\" width=\"324\" height=\"21\">Giro<\/td>\n<td class=\"excel68\" width=\"279\">360 Degrees<\/td>\n<\/tr>\n<tr>\n<td class=\"excel64\" width=\"324\" height=\"21\">Tipo de giro<\/td>\n<td class=\"excel67\" width=\"279\">No-Continuo<\/td>\n<\/tr>\n<tr>\n<td height=\"20\">&nbsp;<\/td>\n<td class=\"excel69\">&nbsp;<\/td>\n<\/tr>\n<tr>\n<td class=\"excel66\" colspan=\"2\" width=\"603\" height=\"24\">Datos dimensionales<\/td>\n<\/tr>\n<tr>\n<td class=\"excel64\" width=\"324\" height=\"24\">Altura de la m\u00e1quina<\/td>\n<td class=\"excel67\" width=\"279\">1.99 m \/ 6 ft 7 in.<\/td>\n<\/tr>\n<tr>\n<td class=\"excel65\" width=\"324\" height=\"24\">Longitud de la m\u00e1quina<\/td>\n<td class=\"excel68\" width=\"279\">6.32 m \/ 20 ft 9 in.<\/td>\n<\/tr>\n<tr>\n<td class=\"excel64\" width=\"324\" height=\"24\">Ancho de la m\u00e1quina<\/td>\n<td class=\"excel67\" width=\"279\">0.99 m \/ 3 ft 3 in.<\/td>\n<\/tr>\n<tr>\n<td class=\"excel65\" width=\"324\" height=\"24\">Longitud de la huella del estabilizador<\/td>\n<td class=\"excel68\" width=\"279\">4.27 m \/ 14 ft<\/td>\n<\/tr>\n<tr>\n<td class=\"excel64\" width=\"324\" height=\"21\">Ancho de la huella del estabilizador<\/td>\n<td class=\"excel67\" width=\"279\">4.11 m \/ 13 ft 6 in.<\/td>\n<\/tr>\n<tr>\n<td class=\"excel65\" width=\"324\" height=\"21\">Dimensi\u00f3n A de la plataforma<\/td>\n<td class=\"excel68\" width=\"279\">1.47 m \/ 4 ft 10 in.<\/td>\n<\/tr>\n<tr>\n<td class=\"excel64\" width=\"324\" height=\"21\">Dimensi\u00f3n B de la plataforma<\/td>\n<td class=\"excel67\" width=\"279\">0.76 m \/ 2 ft 6 in.<\/td>\n<\/tr>\n<tr>\n<td class=\"excel65\" width=\"324\" height=\"21\">Altura de la plataforma<\/td>\n<td class=\"excel68\" width=\"279\">23.6 m \/ 77 ft 5 in.<\/td>\n<\/tr>\n<tr>\n<td class=\"excel64\" width=\"324\" height=\"21\">Longitud de tracci\u00f3n<\/td>\n<td class=\"excel67\" width=\"279\">2.08 m \/ 6 ft 10 in.<\/td>\n<\/tr>\n<tr>\n<td height=\"24\">&nbsp;<\/td>\n<td class=\"excel69\">&nbsp;<\/td>\n<\/tr>\n<tr>\n<td class=\"excel66\" colspan=\"2\" width=\"603\" height=\"24\">Especificaciones de alcance<\/td>\n<\/tr>\n<tr>\n<td class=\"excel64\" width=\"324\" height=\"21\">Alcance horizontal<\/td>\n<td class=\"excel67\" width=\"279\">13.11 m \/ 43 ft<\/td>\n<\/tr>\n<tr>\n<td class=\"excel65\" width=\"324\" height=\"21\">Altura de la plataforma<\/td>\n<td class=\"excel68\" width=\"279\">23.6 m \/ 77 ft 5 in.<\/td>\n<\/tr>\n<tr>\n<td class=\"excel64\" width=\"324\" height=\"24\">Altura de trabajo<\/td>\n<td class=\"excel67\" width=\"279\">25.6 m \/ 84 ft<\/td>\n<\/tr>\n<tr>\n<td height=\"20\">&nbsp;<\/td>\n<td class=\"excel69\">&nbsp;<\/td>\n<\/tr>\n<tr>\n<td class=\"excel66\" colspan=\"2\" width=\"603\" height=\"24\">Especificaciones generales<\/td>\n<\/tr>\n<tr>\n<td class=\"excel64\" width=\"324\" height=\"24\">Ground-Bearing-Pressure<\/td>\n<td class=\"excel67\" width=\"279\">0.55 Kg\/cm2 \/ 8 psi<\/td>\n<\/tr>\n<tr>\n<td class=\"excel65\" width=\"324\" height=\"24\">Presi\u00f3n de apoyo sobre el suelo \u2013 Estabilizadores<\/td>\n<td class=\"excel68\" width=\"279\">4.57 Kg\/cm2 \/ 65 psi<\/td>\n<\/tr>\n<tr>\n<td class=\"excel64\" width=\"324\" height=\"21\">Peso de la m\u00e1quina<\/td>\n<td class=\"excel67\" width=\"279\">4383.97 kg \/ 9665 lb<\/td>\n<\/tr>\n<\/tbody>\n<\/table>\n","protected":false},"excerpt":{"rendered":"<p>Key Specs<br \/>\nAltura de la plataforma: 23.6 m \/ 77 ft 5 in.<br \/>\nAncho de la m\u00e1quina : 0.99 m \/ 3 ft 3 in.<br \/>\nCapacidad de la plataforma : 226.80 kg \/ 500 lb<\/p>\n","protected":false},"featured_media":4635,"comment_status":"closed","ping_status":"closed","template":"","meta":[],"product_brand":[],"product_cat":[322,319,338,336],"product_tag":[],"class_list":{"0":"post-4630","1":"product","2":"type-product","3":"status-publish","4":"has-post-thumbnail","6":"product_cat-electricos-e-hibridos-de-pluma","7":"product_cat-elevadores","8":"product_cat-jlg","9":"product_cat-marcas","11":"first","12":"instock","13":"shipping-taxable","14":"product-type-simple"},"_links":{"self":[{"href":"https:\/\/optimizacion-online.info\/mtr\/wp-json\/wp\/v2\/product\/4630","targetHints":{"allow":["GET"]}}],"collection":[{"href":"https:\/\/optimizacion-online.info\/mtr\/wp-json\/wp\/v2\/product"}],"about":[{"href":"https:\/\/optimizacion-online.info\/mtr\/wp-json\/wp\/v2\/types\/product"}],"replies":[{"embeddable":true,"href":"https:\/\/optimizacion-online.info\/mtr\/wp-json\/wp\/v2\/comments?post=4630"}],"wp:featuredmedia":[{"embeddable":true,"href":"https:\/\/optimizacion-online.info\/mtr\/wp-json\/wp\/v2\/media\/4635"}],"wp:attachment":[{"href":"https:\/\/optimizacion-online.info\/mtr\/wp-json\/wp\/v2\/media?parent=4630"}],"wp:term":[{"taxonomy":"product_brand","embeddable":true,"href":"https:\/\/optimizacion-online.info\/mtr\/wp-json\/wp\/v2\/product_brand?post=4630"},{"taxonomy":"product_cat","embeddable":true,"href":"https:\/\/optimizacion-online.info\/mtr\/wp-json\/wp\/v2\/product_cat?post=4630"},{"taxonomy":"product_tag","embeddable":true,"href":"https:\/\/optimizacion-online.info\/mtr\/wp-json\/wp\/v2\/product_tag?post=4630"}],"curies":[{"name":"wp","href":"https:\/\/api.w.org\/{rel}","templated":true}]}}