{"id":4631,"date":"2018-11-13T07:21:54","date_gmt":"2018-11-13T07:21:54","guid":{"rendered":"https:\/\/montacargasventayrenta.com\/?post_type=product&#038;p=4631"},"modified":"2018-11-13T07:21:54","modified_gmt":"2018-11-13T07:21:54","slug":"jlg-pluma-sobre-orugas-compactas-x430aj","status":"publish","type":"product","link":"https:\/\/optimizacion-online.info\/mtr\/producto\/jlg-pluma-sobre-orugas-compactas-x430aj\/","title":{"rendered":"JLG Pluma sobre orugas compactas X430AJ"},"content":{"rendered":"<p>El mejor en su clase: alcance horizontal excepcional con una capacidad de la plataforma sin restricciones de 227 kg (500 lb)<br \/>\nOperaci\u00f3n silenciosa y limpia: el sistema de potencia de iones de litio 2.0 es ecol\u00f3gico sin sacrificar el desempe\u00f1o<br \/>\nFacilidad de transporte: se puede levantar f\u00e1cilmente gracias a las cavidades y argollas de elevaci\u00f3n para montacargas o gr\u00faa<\/p>\n<p>&nbsp;<\/p>\n<table class=\"excel55\" border=\"1\" cellspacing=\"0\" cellpadding=\"0\">\n<colgroup>\n<col width=\"324\">\n<col width=\"279\"><\/colgroup>\n<tbody>\n<tr>\n<td class=\"excel58\" colspan=\"2\" width=\"603\" height=\"24\">Fuente de alimentaci\u00f3n<\/td>\n<\/tr>\n<tr>\n<td class=\"excel56\" width=\"324\" height=\"24\">Tipo de motor \u2013 El\u00e9ctrico<\/td>\n<td class=\"excel59\" width=\"279\">100Ah 36 V Lithium-Ion<\/td>\n<\/tr>\n<tr>\n<td class=\"excel57\" width=\"324\" height=\"21\">Tipo de motor \u2013 Gasolina<\/td>\n<td class=\"excel60\" width=\"279\">Honda iGX390<\/td>\n<\/tr>\n<tr>\n<td class=\"excel56\" width=\"324\" height=\"35\">Capacidad del tanque de combustible \u2013 Gasolina<\/td>\n<td class=\"excel59\" width=\"279\">5.30 L \/ 1 gal.<\/td>\n<\/tr>\n<tr>\n<td height=\"20\">&nbsp;<\/td>\n<td class=\"excel61\">&nbsp;<\/td>\n<\/tr>\n<tr>\n<td class=\"excel58\" colspan=\"2\" width=\"603\" height=\"24\">Datos de desempe\u00f1o<\/td>\n<\/tr>\n<tr>\n<td class=\"excel56\" width=\"324\" height=\"21\">Capacidad en pendientes<\/td>\n<td class=\"excel62\" width=\"279\">28%<\/td>\n<\/tr>\n<tr>\n<td class=\"excel57\" width=\"324\" height=\"21\">Capacidad de la plataforma<\/td>\n<td class=\"excel60\" width=\"279\">226.80 kg \/ 500 lb<\/td>\n<\/tr>\n<tr>\n<td class=\"excel56\" width=\"324\" height=\"24\">Capacidad de la plataforma \u2013 Restringida<\/td>\n<td class=\"excel59\" width=\"279\">226.80 kg \/ 500 lb<\/td>\n<\/tr>\n<tr>\n<td class=\"excel57\" width=\"324\" height=\"21\">Giro<\/td>\n<td class=\"excel60\" width=\"279\">360 Degrees<\/td>\n<\/tr>\n<tr>\n<td class=\"excel56\" width=\"324\" height=\"21\">Tipo de giro<\/td>\n<td class=\"excel59\" width=\"279\">No-Continuo<\/td>\n<\/tr>\n<tr>\n<td height=\"20\">&nbsp;<\/td>\n<td class=\"excel61\">&nbsp;<\/td>\n<\/tr>\n<tr>\n<td class=\"excel58\" colspan=\"2\" width=\"603\" height=\"24\">Datos dimensionales<\/td>\n<\/tr>\n<tr>\n<td class=\"excel56\" width=\"324\" height=\"24\">Altura de la m\u00e1quina<\/td>\n<td class=\"excel59\" width=\"279\">1.98 m \/ 6 ft 6 in.<\/td>\n<\/tr>\n<tr>\n<td class=\"excel57\" width=\"324\" height=\"24\">Longitud de la m\u00e1quina<\/td>\n<td class=\"excel60\" width=\"279\">4.01 m \/ 13 ft 2 in.<\/td>\n<\/tr>\n<tr>\n<td class=\"excel56\" width=\"324\" height=\"24\">Ancho de la m\u00e1quina<\/td>\n<td class=\"excel59\" width=\"279\">0.74 m \/ 2 ft 5 in.<\/td>\n<\/tr>\n<tr>\n<td class=\"excel57\" width=\"324\" height=\"24\">Longitud de la huella del estabilizador<\/td>\n<td class=\"excel60\" width=\"279\">2.79 m \/ 9 ft 2 in.<\/td>\n<\/tr>\n<tr>\n<td class=\"excel56\" width=\"324\" height=\"21\">Ancho de la huella del estabilizador<\/td>\n<td class=\"excel59\" width=\"279\">2.79 m \/ 9 ft 2 in.<\/td>\n<\/tr>\n<tr>\n<td class=\"excel57\" width=\"324\" height=\"21\">Dimensi\u00f3n A de la plataforma<\/td>\n<td class=\"excel60\" width=\"279\">1.47 m \/ 4 ft 10 in.<\/td>\n<\/tr>\n<tr>\n<td class=\"excel56\" width=\"324\" height=\"21\">Dimensi\u00f3n B de la plataforma<\/td>\n<td class=\"excel59\" width=\"279\">0.76 m \/ 2 ft 6 in.<\/td>\n<\/tr>\n<tr>\n<td class=\"excel57\" width=\"324\" height=\"21\">Longitud de tracci\u00f3n<\/td>\n<td class=\"excel60\" width=\"279\">1.24 m \/ 4 ft 1 in.<\/td>\n<\/tr>\n<tr>\n<td height=\"20\">&nbsp;<\/td>\n<td class=\"excel61\">&nbsp;<\/td>\n<\/tr>\n<tr>\n<td class=\"excel58\" colspan=\"2\" width=\"603\" height=\"24\">Especificaciones de alcance<\/td>\n<\/tr>\n<tr>\n<td class=\"excel56\" width=\"324\" height=\"24\">Alcance horizontal<\/td>\n<td class=\"excel59\" width=\"279\">6.58 m \/ 21 ft 7 in.<\/td>\n<\/tr>\n<tr>\n<td class=\"excel57\" width=\"324\" height=\"21\">Altura de trabajo<\/td>\n<td class=\"excel60\" width=\"279\">15.24 m \/ 50 ft<\/td>\n<\/tr>\n<tr>\n<td height=\"20\">&nbsp;<\/td>\n<td class=\"excel61\">&nbsp;<\/td>\n<\/tr>\n<tr>\n<td class=\"excel58\" colspan=\"2\" width=\"603\" height=\"24\">Especificaciones generales<\/td>\n<\/tr>\n<tr>\n<td class=\"excel56\" width=\"324\" height=\"35\">Presi\u00f3n de apoyo sobre el suelo \u2013 Estabilizadores<\/td>\n<td class=\"excel59\" width=\"279\">2.39 Kg\/cm2 \/ 34 psi<\/td>\n<\/tr>\n<tr>\n<td class=\"excel57\" width=\"324\" height=\"21\">Peso de la m\u00e1quina<\/td>\n<td class=\"excel60\" width=\"279\">1992.18 kg \/ 4392 lb<\/td>\n<\/tr>\n<\/tbody>\n<\/table>\n","protected":false},"excerpt":{"rendered":"<p>Key Specs<br \/>\nAncho de la m\u00e1quina : 0.74 m \/ 2 ft 5 in.<br \/>\nCapacidad de la plataforma : 226.80 kg \/ 500 lb<\/p>\n","protected":false},"featured_media":4640,"comment_status":"closed","ping_status":"closed","template":"","meta":[],"product_brand":[],"product_cat":[322,319,338,336],"product_tag":[],"class_list":{"0":"post-4631","1":"product","2":"type-product","3":"status-publish","4":"has-post-thumbnail","6":"product_cat-electricos-e-hibridos-de-pluma","7":"product_cat-elevadores","8":"product_cat-jlg","9":"product_cat-marcas","11":"first","12":"instock","13":"shipping-taxable","14":"product-type-simple"},"_links":{"self":[{"href":"https:\/\/optimizacion-online.info\/mtr\/wp-json\/wp\/v2\/product\/4631","targetHints":{"allow":["GET"]}}],"collection":[{"href":"https:\/\/optimizacion-online.info\/mtr\/wp-json\/wp\/v2\/product"}],"about":[{"href":"https:\/\/optimizacion-online.info\/mtr\/wp-json\/wp\/v2\/types\/product"}],"replies":[{"embeddable":true,"href":"https:\/\/optimizacion-online.info\/mtr\/wp-json\/wp\/v2\/comments?post=4631"}],"wp:featuredmedia":[{"embeddable":true,"href":"https:\/\/optimizacion-online.info\/mtr\/wp-json\/wp\/v2\/media\/4640"}],"wp:attachment":[{"href":"https:\/\/optimizacion-online.info\/mtr\/wp-json\/wp\/v2\/media?parent=4631"}],"wp:term":[{"taxonomy":"product_brand","embeddable":true,"href":"https:\/\/optimizacion-online.info\/mtr\/wp-json\/wp\/v2\/product_brand?post=4631"},{"taxonomy":"product_cat","embeddable":true,"href":"https:\/\/optimizacion-online.info\/mtr\/wp-json\/wp\/v2\/product_cat?post=4631"},{"taxonomy":"product_tag","embeddable":true,"href":"https:\/\/optimizacion-online.info\/mtr\/wp-json\/wp\/v2\/product_tag?post=4631"}],"curies":[{"name":"wp","href":"https:\/\/api.w.org\/{rel}","templated":true}]}}