{"id":4632,"date":"2018-11-13T07:23:47","date_gmt":"2018-11-13T07:23:47","guid":{"rendered":"https:\/\/montacargasventayrenta.com\/?post_type=product&#038;p=4632"},"modified":"2018-11-13T07:23:47","modified_gmt":"2018-11-13T07:23:47","slug":"jlg-pluma-sobre-orugas-compactas-x500aj","status":"publish","type":"product","link":"https:\/\/optimizacion-online.info\/mtr\/producto\/jlg-pluma-sobre-orugas-compactas-x500aj\/","title":{"rendered":"JLG Pluma sobre orugas compactas X500AJ"},"content":{"rendered":"<p>Control de la velocidad de la unidad para una operaci\u00f3n suave sobre una variedad de terrenos<br \/>\n227 kg (500 lb) de capacidad de la plataforma sin restricciones<br \/>\nV\u00e1lvula de regeneraci\u00f3n en el cilindro telesc\u00f3pico que resulta en un incremento del 50% de la velocidad<br \/>\nSe autonivela en superficies irregulares<br \/>\nCabe por una puerta est\u00e1ndar<\/p>\n<table cellspacing=\"0\" cellpadding=\"0\">\n<colgroup>\n<col width=\"235\">\n<col width=\"233\"><\/colgroup>\n<tbody>\n<tr>\n<td colspan=\"2\" width=\"468\" height=\"24\">Fuente de alimentaci\u00f3n<\/td>\n<\/tr>\n<tr>\n<td width=\"235\" height=\"20\">Tipo de motor \u2013 El\u00e9ctrico<\/td>\n<td width=\"233\">100Ah 48V Lithium-Ion<\/td>\n<\/tr>\n<tr>\n<td width=\"235\" height=\"20\">Tipo de motor \u2013 Gasolina<\/td>\n<td width=\"233\">440 cc Honda iGX440<\/td>\n<\/tr>\n<tr>\n<td width=\"235\" height=\"34\">Capacidad del tanque de combustible \u2013 Gasolina<\/td>\n<td width=\"233\">5.90 L \/ 2 gal.<\/td>\n<\/tr>\n<tr>\n<td height=\"20\">&nbsp;<\/td>\n<td>&nbsp;<\/td>\n<\/tr>\n<tr>\n<td colspan=\"2\" width=\"468\" height=\"24\">Datos de desempe\u00f1o<\/td>\n<\/tr>\n<tr>\n<td width=\"235\" height=\"20\">Capacidad en pendientes<\/td>\n<td width=\"233\">36%<\/td>\n<\/tr>\n<tr>\n<td width=\"235\" height=\"20\">Estabilizadores<\/td>\n<td width=\"233\">S\u00ed<\/td>\n<\/tr>\n<tr>\n<td width=\"235\" height=\"20\">Capacidad de la plataforma<\/td>\n<td width=\"233\">227 kg \/ 500 lb<\/td>\n<\/tr>\n<tr>\n<td width=\"235\" height=\"20\">Giro<\/td>\n<td width=\"233\">360 Degrees<\/td>\n<\/tr>\n<tr>\n<td width=\"235\" height=\"20\">Tipo de giro<\/td>\n<td width=\"233\">No-Continuo<\/td>\n<\/tr>\n<tr>\n<td height=\"20\">&nbsp;<\/td>\n<td>&nbsp;<\/td>\n<\/tr>\n<tr>\n<td colspan=\"2\" width=\"468\" height=\"24\">Datos dimensionales<\/td>\n<\/tr>\n<tr>\n<td width=\"235\" height=\"20\">Altura de la m\u00e1quina<\/td>\n<td width=\"233\">2 m \/ 7 ft<\/td>\n<\/tr>\n<tr>\n<td width=\"235\" height=\"20\">Longitud de la m\u00e1quina<\/td>\n<td width=\"233\">4.53 m \/ 15 ft<\/td>\n<\/tr>\n<tr>\n<td width=\"235\" height=\"20\">Ancho de la m\u00e1quina<\/td>\n<td width=\"233\">0.79 m \/ 3 ft<\/td>\n<\/tr>\n<tr>\n<td width=\"235\" height=\"34\">Longitud de la huella del estabilizador<\/td>\n<td width=\"233\">3.77 m \/ 12 ft<\/td>\n<\/tr>\n<tr>\n<td width=\"235\" height=\"34\">Ancho de la huella del estabilizador<\/td>\n<td width=\"233\">3.77 m \/ 12 ft<\/td>\n<\/tr>\n<tr>\n<td width=\"235\" height=\"20\">Dimensi\u00f3n A de la plataforma<\/td>\n<td width=\"233\">1.47 m \/ 5 ft<\/td>\n<\/tr>\n<tr>\n<td width=\"235\" height=\"20\">Dimensi\u00f3n B de la plataforma<\/td>\n<td width=\"233\">0.76 m \/ 2 ft<\/td>\n<\/tr>\n<tr>\n<td width=\"235\" height=\"20\">Altura de la plataforma<\/td>\n<td width=\"233\">14.95 m \/ 49 ft<\/td>\n<\/tr>\n<tr>\n<td width=\"235\" height=\"20\">Longitud de tracci\u00f3n<\/td>\n<td width=\"233\">1.24 m \/ 4 ft<\/td>\n<\/tr>\n<tr>\n<td height=\"20\">&nbsp;<\/td>\n<td>&nbsp;<\/td>\n<\/tr>\n<tr>\n<td colspan=\"2\" width=\"468\" height=\"24\">Especificaciones de alcance<\/td>\n<\/tr>\n<tr>\n<td width=\"235\" height=\"20\">Alcance horizontal<\/td>\n<td width=\"233\">7 m \/ 23 ft<\/td>\n<\/tr>\n<tr>\n<td width=\"235\" height=\"20\">Altura de la plataforma<\/td>\n<td width=\"233\">14.95 m \/ 49 ft<\/td>\n<\/tr>\n<tr>\n<td width=\"235\" height=\"20\">Rotaci\u00f3n de brazo vertical<\/td>\n<td width=\"233\">89 Degrees<\/td>\n<\/tr>\n<tr>\n<td height=\"20\">&nbsp;<\/td>\n<td>&nbsp;<\/td>\n<\/tr>\n<tr>\n<td colspan=\"2\" width=\"468\" height=\"24\">Especificaciones generales<\/td>\n<\/tr>\n<tr>\n<td width=\"235\" height=\"20\">Presi\u00f3n de apoyo sobre el suelo<\/td>\n<td width=\"233\">0.68 Kg\/cm2<\/td>\n<\/tr>\n<tr>\n<td width=\"235\" height=\"34\">Presi\u00f3n de apoyo sobre el suelo \u2013 Estabilizadores<\/td>\n<td width=\"233\">2.49 Kg\/cm2<\/td>\n<\/tr>\n<tr>\n<td width=\"235\" height=\"20\">Peso de la m\u00e1quina<\/td>\n<td width=\"233\">2300 kg \/ 5071 lb<\/td>\n<\/tr>\n<\/tbody>\n<\/table>\n","protected":false},"excerpt":{"rendered":"<p>Ahora puede ir a m\u00e1s lugares en el sitio de trabajo gracias al bajo peso y las bandas de rodamiento de hule de los elevadores de pluma. Estas m\u00e1quinas son amigables con el medio ambiente; cuentan con un motor el\u00e9ctrico est\u00e1ndar de corriente alterna, de gasolina, o di\u00e9sel o con un sistema el\u00e9ctrico de iones de litio opcional que no produce emisiones. Un tren de ruedas montado sobre bandas de rodamiento sube pendientes, y un chasis estrecho permite el acceso a trav\u00e9s de puertas, patios, entradas est\u00e1ndar y edificios p\u00fablicos.<\/p>\n<p>Key Specs<br \/>\nAncho de la m\u00e1quina : 0.79 m \/ 3 ft<br \/>\nCapacidad de la plataforma : 227 kg \/ 500 lb<br \/>\nAltura de la plataforma: 14.95 m \/ 49 ft<\/p>\n","protected":false},"featured_media":4644,"comment_status":"closed","ping_status":"closed","template":"","meta":[],"product_brand":[],"product_cat":[322,319,338,336],"product_tag":[],"class_list":{"0":"post-4632","1":"product","2":"type-product","3":"status-publish","4":"has-post-thumbnail","6":"product_cat-electricos-e-hibridos-de-pluma","7":"product_cat-elevadores","8":"product_cat-jlg","9":"product_cat-marcas","11":"first","12":"instock","13":"shipping-taxable","14":"product-type-simple"},"_links":{"self":[{"href":"https:\/\/optimizacion-online.info\/mtr\/wp-json\/wp\/v2\/product\/4632","targetHints":{"allow":["GET"]}}],"collection":[{"href":"https:\/\/optimizacion-online.info\/mtr\/wp-json\/wp\/v2\/product"}],"about":[{"href":"https:\/\/optimizacion-online.info\/mtr\/wp-json\/wp\/v2\/types\/product"}],"replies":[{"embeddable":true,"href":"https:\/\/optimizacion-online.info\/mtr\/wp-json\/wp\/v2\/comments?post=4632"}],"wp:featuredmedia":[{"embeddable":true,"href":"https:\/\/optimizacion-online.info\/mtr\/wp-json\/wp\/v2\/media\/4644"}],"wp:attachment":[{"href":"https:\/\/optimizacion-online.info\/mtr\/wp-json\/wp\/v2\/media?parent=4632"}],"wp:term":[{"taxonomy":"product_brand","embeddable":true,"href":"https:\/\/optimizacion-online.info\/mtr\/wp-json\/wp\/v2\/product_brand?post=4632"},{"taxonomy":"product_cat","embeddable":true,"href":"https:\/\/optimizacion-online.info\/mtr\/wp-json\/wp\/v2\/product_cat?post=4632"},{"taxonomy":"product_tag","embeddable":true,"href":"https:\/\/optimizacion-online.info\/mtr\/wp-json\/wp\/v2\/product_tag?post=4632"}],"curies":[{"name":"wp","href":"https:\/\/api.w.org\/{rel}","templated":true}]}}