{"id":4717,"date":"2018-11-13T07:30:45","date_gmt":"2018-11-13T07:30:45","guid":{"rendered":"https:\/\/montacargasventayrenta.com\/?post_type=product&#038;p=4717"},"modified":"2018-11-13T07:30:45","modified_gmt":"2018-11-13T07:30:45","slug":"jlg-elevador-de-pluma-articulada-h800aj","status":"publish","type":"product","link":"https:\/\/optimizacion-online.info\/mtr\/producto\/jlg-elevador-de-pluma-articulada-h800aj\/","title":{"rendered":"JLG Elevador de pluma articulada H800AJ"},"content":{"rendered":"<p>El mismo 800AJ con eficiente potencia h\u00edbrida: los componentes principales como el tren de transmisi\u00f3n, las piezas soldadas y los sistemas hidr\u00e1ulicos son iguales, lo que ayuda a mejorar el costo total de propiedad con partes y servicio com\u00fan y requerimientos de capacitaci\u00f3n menores<br \/>\nFabricado con el respaldo de 20 a\u00f1os de experiencia \u2013 en JLG estamos expandiendo la familia h\u00edbrida mientras celebramos dos d\u00e9cadas de experiencia en esta categor\u00eda de productos<br \/>\nDesempe\u00f1o econ\u00f3mico: brinda un desempe\u00f1o equivalente al di\u00e9sel con mejor econom\u00eda en el consumo de combustible<\/p>\n<table class=\"excel79\" border=\"1\" cellspacing=\"0\" cellpadding=\"0\">\n<colgroup>\n<col width=\"324\">\n<col width=\"279\"><\/colgroup>\n<tbody>\n<tr>\n<td class=\"excel82\" colspan=\"2\" width=\"603\" height=\"24\">Fuente de alimentaci\u00f3n<\/td>\n<\/tr>\n<tr>\n<td class=\"excel80\" width=\"324\" height=\"24\">Alimentaci\u00f3n auxiliar<\/td>\n<td class=\"excel83\" width=\"279\">12 Volts DC<\/td>\n<\/tr>\n<tr>\n<td class=\"excel81\" width=\"324\" height=\"21\">Bater\u00edas<\/td>\n<td class=\"excel84\" width=\"279\">12V 205 AH Maintinance free AGM<\/td>\n<\/tr>\n<tr>\n<td class=\"excel80\" width=\"324\" height=\"21\">Capacidad \u2013 Tanque de combustible<\/td>\n<td class=\"excel83\" width=\"279\">113.56 L \/ 30 gal.<\/td>\n<\/tr>\n<tr>\n<td class=\"excel81\" width=\"324\" height=\"21\">Tipo de motor \u2013 Di\u00e9sel<\/td>\n<td class=\"excel84\" width=\"279\">Kubota Tier 4 Final<\/td>\n<\/tr>\n<tr>\n<td height=\"24\">&nbsp;<\/td>\n<td class=\"excel85\">&nbsp;<\/td>\n<\/tr>\n<tr>\n<td class=\"excel82\" colspan=\"2\" width=\"603\" height=\"24\">Datos de desempe\u00f1o<\/td>\n<\/tr>\n<tr>\n<td class=\"excel80\" width=\"324\" height=\"21\">Oscilaci\u00f3n del eje<\/td>\n<td class=\"excel83\" width=\"279\">0.2 m \/ 8 in.<\/td>\n<\/tr>\n<tr>\n<td class=\"excel81\" width=\"324\" height=\"24\">Velocidad de conducci\u00f3n \u2013 Plataforma bajada<\/td>\n<td class=\"excel84\" width=\"279\">4.83 km\/h \/ 3 mph<\/td>\n<\/tr>\n<tr>\n<td class=\"excel80\" width=\"324\" height=\"21\">Capacidad en pendientes \u2013 Doble tracci\u00f3n<\/td>\n<td class=\"excel86\" width=\"279\">40%<\/td>\n<\/tr>\n<tr>\n<td class=\"excel81\" width=\"324\" height=\"21\">Capacidad de la plataforma<\/td>\n<td class=\"excel84\" width=\"279\">226.80 kg \/ 500 lb<\/td>\n<\/tr>\n<tr>\n<td class=\"excel80\" width=\"324\" height=\"21\">Giro<\/td>\n<td class=\"excel83\" width=\"279\">360 Degrees<\/td>\n<\/tr>\n<tr>\n<td class=\"excel81\" width=\"324\" height=\"24\">Tipo de giro<\/td>\n<td class=\"excel84\" width=\"279\">Continuo<\/td>\n<\/tr>\n<tr>\n<td class=\"excel80\" width=\"324\" height=\"24\">Radio de giro \u2013 Exterior (tracci\u00f3n en dos ruedas)<\/td>\n<td class=\"excel83\" width=\"279\">6.85 m \/ 22 ft<\/td>\n<\/tr>\n<tr>\n<td class=\"excel81\" width=\"324\" height=\"24\">Radio de giro \u2013 Exterior (doble tracci\u00f3n)<\/td>\n<td class=\"excel84\" width=\"279\">4.41 m \/ 14 ft<\/td>\n<\/tr>\n<tr>\n<td height=\"24\">&nbsp;<\/td>\n<td class=\"excel85\">&nbsp;<\/td>\n<\/tr>\n<tr>\n<td class=\"excel82\" colspan=\"2\" width=\"603\" height=\"24\">Datos dimensionales<\/td>\n<\/tr>\n<tr>\n<td class=\"excel80\" width=\"324\" height=\"21\">Espacio libre al suelo<\/td>\n<td class=\"excel83\" width=\"279\">0.3 m \/ 1 ft<\/td>\n<\/tr>\n<tr>\n<td class=\"excel81\" width=\"324\" height=\"21\">Altura de la m\u00e1quina<\/td>\n<td class=\"excel84\" width=\"279\">3 m \/ 10 ft<\/td>\n<\/tr>\n<tr>\n<td class=\"excel80\" width=\"324\" height=\"21\">Longitud de la m\u00e1quina<\/td>\n<td class=\"excel83\" width=\"279\">11.13 m \/ 37 ft<\/td>\n<\/tr>\n<tr>\n<td class=\"excel81\" width=\"324\" height=\"21\">Ancho de la m\u00e1quina<\/td>\n<td class=\"excel84\" width=\"279\">2.44 m \/ 8 ft<\/td>\n<\/tr>\n<tr>\n<td class=\"excel80\" width=\"324\" height=\"21\">Dimensi\u00f3n A de la plataforma<\/td>\n<td class=\"excel83\" width=\"279\">0.91 m \/ 3 ft<\/td>\n<\/tr>\n<tr>\n<td class=\"excel81\" width=\"324\" height=\"24\">Dimensi\u00f3n B de la plataforma<\/td>\n<td class=\"excel84\" width=\"279\">2.44 m \/ 8 ft<\/td>\n<\/tr>\n<tr>\n<td class=\"excel80\" width=\"324\" height=\"24\">Altura de la plataforma<\/td>\n<td class=\"excel83\" width=\"279\">24.38 m \/ 80 ft<\/td>\n<\/tr>\n<tr>\n<td class=\"excel81\" width=\"324\" height=\"24\">Oscilaci\u00f3n posterior<\/td>\n<td class=\"excel84\" width=\"279\">0.76 m \/ 2 ft<\/td>\n<\/tr>\n<tr>\n<td class=\"excel80\" width=\"324\" height=\"21\">Tama\u00f1o de llantas<\/td>\n<td class=\"excel83\" width=\"279\">15-625 Wide Lug Tread<\/td>\n<\/tr>\n<tr>\n<td class=\"excel81\" width=\"324\" height=\"24\">Distancia entre ejes<\/td>\n<td class=\"excel84\" width=\"279\">3.04 m \/ 10 ft<\/td>\n<\/tr>\n<tr>\n<td height=\"20\">&nbsp;<\/td>\n<td class=\"excel85\">&nbsp;<\/td>\n<\/tr>\n<tr>\n<td class=\"excel82\" colspan=\"2\" width=\"603\" height=\"24\">Especificaciones de alcance<\/td>\n<\/tr>\n<tr>\n<td class=\"excel80\" width=\"324\" height=\"24\">Alcance horizontal<\/td>\n<td class=\"excel83\" width=\"279\">15.80 m \/ 52 ft<\/td>\n<\/tr>\n<tr>\n<td class=\"excel81\" width=\"324\" height=\"24\">Altura de la plataforma<\/td>\n<td class=\"excel84\" width=\"279\">24.38 m \/ 80 ft<\/td>\n<\/tr>\n<tr>\n<td class=\"excel80\" width=\"324\" height=\"24\">Altura arriba y sobre<\/td>\n<td class=\"excel83\" width=\"279\">9.77 m \/ 32 ft<\/td>\n<\/tr>\n<tr>\n<td height=\"20\">&nbsp;<\/td>\n<td class=\"excel85\">&nbsp;<\/td>\n<\/tr>\n<tr>\n<td class=\"excel82\" colspan=\"2\" width=\"603\" height=\"24\">Especificaciones generales<\/td>\n<\/tr>\n<tr>\n<td class=\"excel80\" width=\"324\" height=\"21\">Capacidad \u2013 Dep\u00f3sito hidr\u00e1ulico<\/td>\n<td class=\"excel83\" width=\"279\">115.83 L \/ 31 gal.<\/td>\n<\/tr>\n<tr>\n<td class=\"excel81\" width=\"324\" height=\"21\">Peso de la m\u00e1quina<\/td>\n<td class=\"excel84\" width=\"279\">16057.17 kg \/ 35400 lb<\/td>\n<\/tr>\n<\/tbody>\n<\/table>\n","protected":false},"excerpt":{"rendered":"<p>Key Specs<br \/>\nAltura de la plataforma: 24.38 m \/ 80 ft<br \/>\nAncho de la m\u00e1quina : 2.44 m \/ 8 ft<\/p>\n","protected":false},"featured_media":4653,"comment_status":"closed","ping_status":"closed","template":"","meta":[],"product_brand":[],"product_cat":[322,319,338,336],"product_tag":[],"class_list":{"0":"post-4717","1":"product","2":"type-product","3":"status-publish","4":"has-post-thumbnail","6":"product_cat-electricos-e-hibridos-de-pluma","7":"product_cat-elevadores","8":"product_cat-jlg","9":"product_cat-marcas","11":"first","12":"instock","13":"shipping-taxable","14":"product-type-simple"},"_links":{"self":[{"href":"https:\/\/optimizacion-online.info\/mtr\/wp-json\/wp\/v2\/product\/4717","targetHints":{"allow":["GET"]}}],"collection":[{"href":"https:\/\/optimizacion-online.info\/mtr\/wp-json\/wp\/v2\/product"}],"about":[{"href":"https:\/\/optimizacion-online.info\/mtr\/wp-json\/wp\/v2\/types\/product"}],"replies":[{"embeddable":true,"href":"https:\/\/optimizacion-online.info\/mtr\/wp-json\/wp\/v2\/comments?post=4717"}],"wp:featuredmedia":[{"embeddable":true,"href":"https:\/\/optimizacion-online.info\/mtr\/wp-json\/wp\/v2\/media\/4653"}],"wp:attachment":[{"href":"https:\/\/optimizacion-online.info\/mtr\/wp-json\/wp\/v2\/media?parent=4717"}],"wp:term":[{"taxonomy":"product_brand","embeddable":true,"href":"https:\/\/optimizacion-online.info\/mtr\/wp-json\/wp\/v2\/product_brand?post=4717"},{"taxonomy":"product_cat","embeddable":true,"href":"https:\/\/optimizacion-online.info\/mtr\/wp-json\/wp\/v2\/product_cat?post=4717"},{"taxonomy":"product_tag","embeddable":true,"href":"https:\/\/optimizacion-online.info\/mtr\/wp-json\/wp\/v2\/product_tag?post=4717"}],"curies":[{"name":"wp","href":"https:\/\/api.w.org\/{rel}","templated":true}]}}