{"id":4718,"date":"2018-11-13T07:43:38","date_gmt":"2018-11-13T07:43:38","guid":{"rendered":"https:\/\/montacargasventayrenta.com\/?post_type=product&#038;p=4718"},"modified":"2018-11-13T07:43:38","modified_gmt":"2018-11-13T07:43:38","slug":"jlg-elevador-de-pluma-articulada-h340aj-hibrido","status":"publish","type":"product","link":"https:\/\/optimizacion-online.info\/mtr\/producto\/jlg-elevador-de-pluma-articulada-h340aj-hibrido\/","title":{"rendered":"JLG Elevador de pluma articulada H340AJ H\u00edbrido"},"content":{"rendered":"<p>Desempe\u00f1o igual que el de las unidades di\u00e9sel \u2013 Cuatro motores de propulsi\u00f3n el\u00e9ctrica independientes y un generador di\u00e9sel Tier 4 Final que proporcionan una excepcional maniobrabilidad en el terreno comparada con su equivalente di\u00e9sel.<br \/>\nTecnolog\u00eda h\u00edbrida \u2013 Funciona completamente con 8 bater\u00edas AGM de 12 V 100 Ah que son cargadas por el generador di\u00e9sel.<br \/>\nVersatilidad \u2013 La potencia de una m\u00e1quina di\u00e9sel combinada con la eficiencia h\u00edbrida le permite trabajar adentro y afuera.<br \/>\nBajas emisiones \u2013 Tendr\u00e1 menor consumo de combustible*, menos emisiones, ruido y mantenimiento.<\/p>\n<table class=\"excel71\" border=\"1\" cellspacing=\"0\" cellpadding=\"0\">\n<colgroup>\n<col width=\"324\">\n<col width=\"279\"><\/colgroup>\n<tbody>\n<tr>\n<td class=\"excel74\" colspan=\"2\" width=\"603\" height=\"24\">Fuente de alimentaci\u00f3n<\/td>\n<\/tr>\n<tr>\n<td class=\"excel72\" width=\"324\" height=\"24\">Bater\u00edas<\/td>\n<td class=\"excel75\" width=\"279\">12V, 100 Amp-Hour AGM<\/td>\n<\/tr>\n<tr>\n<td class=\"excel73\" width=\"324\" height=\"21\">Sistema el\u00e9ctrico<\/td>\n<td class=\"excel76\" width=\"279\">48 Volts DC<\/td>\n<\/tr>\n<tr>\n<td class=\"excel72\" width=\"324\" height=\"21\">Generador \/ Motor \u2013 Marca<\/td>\n<td class=\"excel75\" width=\"279\">Kubota<\/td>\n<\/tr>\n<tr>\n<td height=\"20\">&nbsp;<\/td>\n<td class=\"excel77\">&nbsp;<\/td>\n<\/tr>\n<tr>\n<td class=\"excel74\" colspan=\"2\" width=\"603\" height=\"24\">Datos de desempe\u00f1o<\/td>\n<\/tr>\n<tr>\n<td class=\"excel72\" width=\"324\" height=\"21\">Velocidad de conducci\u00f3n \u2013 Plataforma bajada<\/td>\n<td class=\"excel75\" width=\"279\">6 km\/h \/ 4 mph<\/td>\n<\/tr>\n<tr>\n<td class=\"excel73\" width=\"324\" height=\"21\">Capacidad en pendientes \u2013 Doble tracci\u00f3n<\/td>\n<td class=\"excel78\" width=\"279\">45%<\/td>\n<\/tr>\n<tr>\n<td class=\"excel72\" width=\"324\" height=\"24\">Capacidad de la plataforma<\/td>\n<td class=\"excel75\" width=\"279\">230 kg \/ 507 lb<\/td>\n<\/tr>\n<tr>\n<td class=\"excel73\" width=\"324\" height=\"21\">Giro<\/td>\n<td class=\"excel76\" width=\"279\">355 Degrees<\/td>\n<\/tr>\n<tr>\n<td class=\"excel72\" width=\"324\" height=\"21\">Tipo de giro<\/td>\n<td class=\"excel75\" width=\"279\">No-Continuo<\/td>\n<\/tr>\n<tr>\n<td height=\"20\">&nbsp;<\/td>\n<td class=\"excel77\">&nbsp;<\/td>\n<\/tr>\n<tr>\n<td class=\"excel74\" colspan=\"2\" width=\"603\" height=\"24\">Datos dimensionales<\/td>\n<\/tr>\n<tr>\n<td class=\"excel72\" width=\"324\" height=\"24\">Espacio libre al suelo<\/td>\n<td class=\"excel75\" width=\"279\">0.24 m \/ 1 ft<\/td>\n<\/tr>\n<tr>\n<td class=\"excel73\" width=\"324\" height=\"24\">Altura de la m\u00e1quina<\/td>\n<td class=\"excel76\" width=\"279\">2 m \/ 7 ft<\/td>\n<\/tr>\n<tr>\n<td class=\"excel72\" width=\"324\" height=\"24\">Longitud de la m\u00e1quina<\/td>\n<td class=\"excel75\" width=\"279\">5.52 m \/ 18 ft<\/td>\n<\/tr>\n<tr>\n<td class=\"excel73\" width=\"324\" height=\"24\">Ancho de la m\u00e1quina<\/td>\n<td class=\"excel76\" width=\"279\">1.93 m \/ 6 ft<\/td>\n<\/tr>\n<tr>\n<td class=\"excel72\" width=\"324\" height=\"21\">Dimensi\u00f3n A de la plataforma<\/td>\n<td class=\"excel75\" width=\"279\">0.76 m \/ 2 ft<\/td>\n<\/tr>\n<tr>\n<td class=\"excel73\" width=\"324\" height=\"21\">Dimensi\u00f3n B de la plataforma<\/td>\n<td class=\"excel76\" width=\"279\">1.52 m \/ 5 ft<\/td>\n<\/tr>\n<tr>\n<td class=\"excel72\" width=\"324\" height=\"21\">Altura de la plataforma<\/td>\n<td class=\"excel75\" width=\"279\">10.33 m \/ 34 ft<\/td>\n<\/tr>\n<tr>\n<td class=\"excel73\" width=\"324\" height=\"21\">Oscilaci\u00f3n posterior<\/td>\n<td class=\"excel76\" width=\"279\">0.05 m \/ 2 in.<\/td>\n<\/tr>\n<tr>\n<td class=\"excel72\" width=\"324\" height=\"21\">Tama\u00f1o de llantas<\/td>\n<td class=\"excel75\" width=\"279\">265\/50 D20<\/td>\n<\/tr>\n<tr>\n<td class=\"excel73\" width=\"324\" height=\"24\">Distancia entre ejes<\/td>\n<td class=\"excel76\" width=\"279\">1.87 m \/ 6 ft<\/td>\n<\/tr>\n<tr>\n<td height=\"24\">&nbsp;<\/td>\n<td class=\"excel77\">&nbsp;<\/td>\n<\/tr>\n<tr>\n<td class=\"excel74\" colspan=\"2\" width=\"603\" height=\"24\">Especificaciones de alcance<\/td>\n<\/tr>\n<tr>\n<td class=\"excel72\" width=\"324\" height=\"21\">Rotaci\u00f3n del brazo horizontal<\/td>\n<td class=\"excel75\" width=\"279\">0 Degrees<\/td>\n<\/tr>\n<tr>\n<td class=\"excel73\" width=\"324\" height=\"24\">Alcance horizontal<\/td>\n<td class=\"excel76\" width=\"279\">6.06 m \/ 20 ft<\/td>\n<\/tr>\n<tr>\n<td class=\"excel72\" width=\"324\" height=\"21\">Altura de la plataforma<\/td>\n<td class=\"excel75\" width=\"279\">10.33 m \/ 34 ft<\/td>\n<\/tr>\n<tr>\n<td class=\"excel73\" width=\"324\" height=\"24\">Altura arriba y sobre<\/td>\n<td class=\"excel76\" width=\"279\">5.17 m \/ 17 ft<\/td>\n<\/tr>\n<tr>\n<td class=\"excel72\" width=\"324\" height=\"24\">Altura de trabajo<\/td>\n<td class=\"excel75\" width=\"279\">12.33 m \/ 40 ft<\/td>\n<\/tr>\n<tr>\n<td height=\"24\">&nbsp;<\/td>\n<td class=\"excel77\">&nbsp;<\/td>\n<\/tr>\n<tr>\n<td class=\"excel74\" colspan=\"2\" width=\"603\" height=\"24\">Especificaciones generales<\/td>\n<\/tr>\n<tr>\n<td class=\"excel72\" width=\"324\" height=\"21\">Capacidad \u2013 Dep\u00f3sito hidr\u00e1ulico<\/td>\n<td class=\"excel75\" width=\"279\">77.90 L \/ 21 gal.<\/td>\n<\/tr>\n<tr>\n<td class=\"excel73\" width=\"324\" height=\"21\">Peso de la m\u00e1quina<\/td>\n<td class=\"excel76\" width=\"279\">4472 kg \/ 9859 lb<\/td>\n<\/tr>\n<\/tbody>\n<\/table>\n","protected":false},"excerpt":{"rendered":"<p>Key Specs<br \/>\nAltura de la plataforma: 10.33 m \/ 34 ft<br \/>\nAncho de la m\u00e1quina : 1.93 m \/ 6 ft<\/p>\n","protected":false},"featured_media":4655,"comment_status":"closed","ping_status":"closed","template":"","meta":[],"product_brand":[],"product_cat":[322,319,338,336],"product_tag":[],"class_list":{"0":"post-4718","1":"product","2":"type-product","3":"status-publish","4":"has-post-thumbnail","6":"product_cat-electricos-e-hibridos-de-pluma","7":"product_cat-elevadores","8":"product_cat-jlg","9":"product_cat-marcas","11":"first","12":"instock","13":"shipping-taxable","14":"product-type-simple"},"_links":{"self":[{"href":"https:\/\/optimizacion-online.info\/mtr\/wp-json\/wp\/v2\/product\/4718","targetHints":{"allow":["GET"]}}],"collection":[{"href":"https:\/\/optimizacion-online.info\/mtr\/wp-json\/wp\/v2\/product"}],"about":[{"href":"https:\/\/optimizacion-online.info\/mtr\/wp-json\/wp\/v2\/types\/product"}],"replies":[{"embeddable":true,"href":"https:\/\/optimizacion-online.info\/mtr\/wp-json\/wp\/v2\/comments?post=4718"}],"wp:featuredmedia":[{"embeddable":true,"href":"https:\/\/optimizacion-online.info\/mtr\/wp-json\/wp\/v2\/media\/4655"}],"wp:attachment":[{"href":"https:\/\/optimizacion-online.info\/mtr\/wp-json\/wp\/v2\/media?parent=4718"}],"wp:term":[{"taxonomy":"product_brand","embeddable":true,"href":"https:\/\/optimizacion-online.info\/mtr\/wp-json\/wp\/v2\/product_brand?post=4718"},{"taxonomy":"product_cat","embeddable":true,"href":"https:\/\/optimizacion-online.info\/mtr\/wp-json\/wp\/v2\/product_cat?post=4718"},{"taxonomy":"product_tag","embeddable":true,"href":"https:\/\/optimizacion-online.info\/mtr\/wp-json\/wp\/v2\/product_tag?post=4718"}],"curies":[{"name":"wp","href":"https:\/\/api.w.org\/{rel}","templated":true}]}}