{"id":4725,"date":"2018-11-13T07:59:48","date_gmt":"2018-11-13T07:59:48","guid":{"rendered":"https:\/\/montacargasventayrenta.com\/?post_type=product&#038;p=4725"},"modified":"2018-11-13T07:59:48","modified_gmt":"2018-11-13T07:59:48","slug":"jlg-elevador-de-pluma-articulada-m400ajpn","status":"publish","type":"product","link":"https:\/\/optimizacion-online.info\/mtr\/producto\/jlg-elevador-de-pluma-articulada-m400ajpn\/","title":{"rendered":"JLG Elevador de pluma articulada M400AJPN"},"content":{"rendered":"<p>Versatilidad: tres alturas de plataforma y opciones con y sin brazo; tres anchos de chasis para adaptarse a cualquier sitio de trabajo; el\u00e9ctrico o con distintos tipos de combustible<br \/>\nAccesibilidad: acceso hacia arriba y por encima, brazo opcional<br \/>\nManiobrabilidad: opci\u00f3n de control de tracci\u00f3n autom\u00e1tico para moverse sobre superficies irregulares<br \/>\nProductividad: trabaje m\u00e1s tiempo con ciclos de servicio m\u00e1s largos<\/p>\n<table cellspacing=\"0\" cellpadding=\"0\">\n<colgroup>\n<col width=\"235\">\n<col width=\"233\"><\/colgroup>\n<tbody>\n<tr>\n<td colspan=\"2\" width=\"468\" height=\"24\">Fuente de alimentaci\u00f3n<\/td>\n<\/tr>\n<tr>\n<td width=\"235\" height=\"20\">Bater\u00edas<\/td>\n<td width=\"233\">8 x 6V, 370 A-h<\/td>\n<\/tr>\n<tr>\n<td width=\"235\" height=\"20\">Sistema el\u00e9ctrico<\/td>\n<td width=\"233\">48 Volts DC<\/td>\n<\/tr>\n<tr>\n<td width=\"235\" height=\"20\">Generador \/ Motor \u2013 Marca<\/td>\n<td width=\"233\">Kubota<\/td>\n<\/tr>\n<tr>\n<td height=\"20\">&nbsp;<\/td>\n<td>&nbsp;<\/td>\n<\/tr>\n<tr>\n<td colspan=\"2\" width=\"468\" height=\"24\">Datos de desempe\u00f1o<\/td>\n<\/tr>\n<tr>\n<td width=\"235\" height=\"34\">Velocidad de conducci\u00f3n \u2013 Plataforma bajada<\/td>\n<td width=\"233\">4.80 km\/h \/ 2.98 mph<\/td>\n<\/tr>\n<tr>\n<td width=\"235\" height=\"34\">Capacidad en pendientes \u2013 Tracci\u00f3n en dos ruedas<\/td>\n<td width=\"233\">30%<\/td>\n<\/tr>\n<tr>\n<td width=\"235\" height=\"20\">Capacidad de la plataforma<\/td>\n<td width=\"233\">230 kg \/ 507 lb<\/td>\n<\/tr>\n<tr>\n<td width=\"235\" height=\"20\">Giro<\/td>\n<td width=\"233\">360 Degrees<\/td>\n<\/tr>\n<tr>\n<td width=\"235\" height=\"20\">Tipo de giro<\/td>\n<td width=\"233\">No-Continuo<\/td>\n<\/tr>\n<tr>\n<td width=\"235\" height=\"20\">Radio de giro \u2013 Exterior<\/td>\n<td width=\"233\">3.15 m \/ 10 ft<\/td>\n<\/tr>\n<tr>\n<td height=\"24\">&nbsp;<\/td>\n<td>&nbsp;<\/td>\n<\/tr>\n<tr>\n<td colspan=\"2\" width=\"468\" height=\"24\">Datos dimensionales<\/td>\n<\/tr>\n<tr>\n<td width=\"235\" height=\"20\">Espacio libre al suelo<\/td>\n<td width=\"233\">0.13 m \/ 5 in.<\/td>\n<\/tr>\n<tr>\n<td width=\"235\" height=\"20\">Altura de la m\u00e1quina<\/td>\n<td width=\"233\">1.97 m \/ 6 ft<\/td>\n<\/tr>\n<tr>\n<td width=\"235\" height=\"20\">Longitud de la m\u00e1quina<\/td>\n<td width=\"233\">6.71 m \/ 22 ft<\/td>\n<\/tr>\n<tr>\n<td width=\"235\" height=\"20\">Ancho de la m\u00e1quina<\/td>\n<td width=\"233\">1.50 m \/ 5 ft<\/td>\n<\/tr>\n<tr>\n<td width=\"235\" height=\"20\">Dimensi\u00f3n A de la plataforma<\/td>\n<td width=\"233\">0.76 m \/ 2 ft<\/td>\n<\/tr>\n<tr>\n<td width=\"235\" height=\"20\">Dimensi\u00f3n B de la plataforma<\/td>\n<td width=\"233\">1.22 m \/ 4 ft<\/td>\n<\/tr>\n<tr>\n<td width=\"235\" height=\"20\">Altura de la plataforma<\/td>\n<td width=\"233\">12.19 m \/ 40 ft<\/td>\n<\/tr>\n<tr>\n<td width=\"235\" height=\"20\">Oscilaci\u00f3n posterior<\/td>\n<td width=\"233\">0.1 m \/ 4 in.<\/td>\n<\/tr>\n<tr>\n<td width=\"235\" height=\"34\">Tama\u00f1o de llantas<\/td>\n<td width=\"233\">22 x 6 x 17.05 No deja-marcas (D), 25 x 7 x 12 No deja-marcas (T)<\/td>\n<\/tr>\n<tr>\n<td width=\"235\" height=\"24\">Distancia entre ejes<\/td>\n<td width=\"233\">2.01 m \/ 7 ft<\/td>\n<\/tr>\n<tr>\n<td height=\"20\">&nbsp;<\/td>\n<td>&nbsp;<\/td>\n<\/tr>\n<tr>\n<td colspan=\"2\" width=\"468\" height=\"24\">Especificaciones de alcance<\/td>\n<\/tr>\n<tr>\n<td width=\"235\" height=\"20\">Rotaci\u00f3n del brazo horizontal<\/td>\n<td width=\"233\">180 Degrees<\/td>\n<\/tr>\n<tr>\n<td width=\"235\" height=\"20\">Alcance horizontal<\/td>\n<td width=\"233\">6.83 m \/ 22 ft<\/td>\n<\/tr>\n<tr>\n<td width=\"235\" height=\"24\">Altura de la plataforma<\/td>\n<td width=\"233\">12.19 m \/ 40 ft<\/td>\n<\/tr>\n<tr>\n<td width=\"235\" height=\"20\">Altura arriba y sobre<\/td>\n<td width=\"233\">6.55 m \/ 21 ft<\/td>\n<\/tr>\n<tr>\n<td width=\"235\" height=\"20\">Rotaci\u00f3n de brazo vertical<\/td>\n<td width=\"233\">144 Degrees<\/td>\n<\/tr>\n<tr>\n<td height=\"20\">&nbsp;<\/td>\n<td>&nbsp;<\/td>\n<\/tr>\n<tr>\n<td colspan=\"2\" width=\"468\" height=\"24\">Especificaciones generales<\/td>\n<\/tr>\n<tr>\n<td width=\"235\" height=\"20\">Capacidad \u2013 Dep\u00f3sito hidr\u00e1ulico<\/td>\n<td width=\"233\">20 L \/ 5 gal.<\/td>\n<\/tr>\n<tr>\n<td width=\"235\" height=\"20\">Peso de la m\u00e1quina<\/td>\n<td width=\"233\">6759 kg \/ 14901 lb<\/td>\n<\/tr>\n<\/tbody>\n<\/table>\n","protected":false},"excerpt":{"rendered":"<p>Una de las mejores caracter\u00edsticas de la Serie E400 es su versatilidad: permite escoger entre dos anchos de chasis, brazo est\u00e1ndar, opci\u00f3n de brazo JibPLUS\u00ae o sin brazo, y potencia el\u00e9ctrica o h\u00edbrida.<\/p>\n<p>Key Specs<br \/>\nAncho de la m\u00e1quina : 1.50 m \/ 5 ft<br \/>\nAltura de la plataforma: 12.19 m \/ 40 ft<\/p>\n","protected":false},"featured_media":4730,"comment_status":"closed","ping_status":"closed","template":"","meta":[],"product_brand":[],"product_cat":[322,319,338,336],"product_tag":[],"class_list":{"0":"post-4725","1":"product","2":"type-product","3":"status-publish","4":"has-post-thumbnail","6":"product_cat-electricos-e-hibridos-de-pluma","7":"product_cat-elevadores","8":"product_cat-jlg","9":"product_cat-marcas","11":"first","12":"instock","13":"shipping-taxable","14":"product-type-simple"},"_links":{"self":[{"href":"https:\/\/optimizacion-online.info\/mtr\/wp-json\/wp\/v2\/product\/4725","targetHints":{"allow":["GET"]}}],"collection":[{"href":"https:\/\/optimizacion-online.info\/mtr\/wp-json\/wp\/v2\/product"}],"about":[{"href":"https:\/\/optimizacion-online.info\/mtr\/wp-json\/wp\/v2\/types\/product"}],"replies":[{"embeddable":true,"href":"https:\/\/optimizacion-online.info\/mtr\/wp-json\/wp\/v2\/comments?post=4725"}],"wp:featuredmedia":[{"embeddable":true,"href":"https:\/\/optimizacion-online.info\/mtr\/wp-json\/wp\/v2\/media\/4730"}],"wp:attachment":[{"href":"https:\/\/optimizacion-online.info\/mtr\/wp-json\/wp\/v2\/media?parent=4725"}],"wp:term":[{"taxonomy":"product_brand","embeddable":true,"href":"https:\/\/optimizacion-online.info\/mtr\/wp-json\/wp\/v2\/product_brand?post=4725"},{"taxonomy":"product_cat","embeddable":true,"href":"https:\/\/optimizacion-online.info\/mtr\/wp-json\/wp\/v2\/product_cat?post=4725"},{"taxonomy":"product_tag","embeddable":true,"href":"https:\/\/optimizacion-online.info\/mtr\/wp-json\/wp\/v2\/product_tag?post=4725"}],"curies":[{"name":"wp","href":"https:\/\/api.w.org\/{rel}","templated":true}]}}