{"id":4726,"date":"2018-11-13T08:01:50","date_gmt":"2018-11-13T08:01:50","guid":{"rendered":"https:\/\/montacargasventayrenta.com\/?post_type=product&#038;p=4726"},"modified":"2018-11-13T08:01:50","modified_gmt":"2018-11-13T08:01:50","slug":"jlg-elevador-de-pluma-articulada-e450a","status":"publish","type":"product","link":"https:\/\/optimizacion-online.info\/mtr\/producto\/jlg-elevador-de-pluma-articulada-e450a\/","title":{"rendered":"JLG Elevador de pluma articulada E450A"},"content":{"rendered":"<p>Versatilidad: tres alturas de plataforma y opciones con y sin brazo; tres anchos de chasis para adaptarse a cualquier sitio de trabajo; el\u00e9ctrico o con distintos tipos de combustible<br \/>\nAccesibilidad: acceso hacia arriba y por encima, brazo opcional<br \/>\nManiobrabilidad: opci\u00f3n de control de tracci\u00f3n autom\u00e1tico para moverse sobre superficies irregulares<br \/>\nProductividad: trabaje m\u00e1s tiempo con ciclos de servicio m\u00e1s largos<\/p>\n<table cellspacing=\"0\" cellpadding=\"0\">\n<colgroup>\n<col width=\"235\">\n<col width=\"233\"><\/colgroup>\n<tbody>\n<tr>\n<td colspan=\"2\" width=\"468\" height=\"24\">Fuente de alimentaci\u00f3n<\/td>\n<\/tr>\n<tr>\n<td width=\"235\" height=\"20\">Bater\u00edas<\/td>\n<td width=\"233\">8 x 6V, 370 A-h<\/td>\n<\/tr>\n<tr>\n<td width=\"235\" height=\"20\">Sistema el\u00e9ctrico<\/td>\n<td width=\"233\">48 Volts DC<\/td>\n<\/tr>\n<tr>\n<td height=\"20\">&nbsp;<\/td>\n<td>&nbsp;<\/td>\n<\/tr>\n<tr>\n<td colspan=\"2\" width=\"468\" height=\"24\">Datos de desempe\u00f1o<\/td>\n<\/tr>\n<tr>\n<td width=\"235\" height=\"24\">Velocidad de conducci\u00f3n \u2013 Plataforma bajada<\/td>\n<td width=\"233\">5.20 km\/h \/ 3.23 mph<\/td>\n<\/tr>\n<tr>\n<td width=\"235\" height=\"34\">Capacidad en pendientes \u2013 Tracci\u00f3n en dos ruedas<\/td>\n<td width=\"233\">30%<\/td>\n<\/tr>\n<tr>\n<td width=\"235\" height=\"20\">Capacidad de la plataforma<\/td>\n<td width=\"233\">230 kg \/ 507 lb<\/td>\n<\/tr>\n<tr>\n<td width=\"235\" height=\"34\">Capacidad de la plataforma \u2013 No restringida<\/td>\n<td width=\"233\">226.80 kg \/ 500 lb<\/td>\n<\/tr>\n<tr>\n<td width=\"235\" height=\"20\">Giro<\/td>\n<td width=\"233\">360 Degrees<\/td>\n<\/tr>\n<tr>\n<td width=\"235\" height=\"20\">Tipo de giro<\/td>\n<td width=\"233\">No-Continuo<\/td>\n<\/tr>\n<tr>\n<td width=\"235\" height=\"20\">Radio de giro \u2013 Exterior<\/td>\n<td width=\"233\">3.15 m \/ 10 ft<\/td>\n<\/tr>\n<tr>\n<td height=\"24\">&nbsp;<\/td>\n<td>&nbsp;<\/td>\n<\/tr>\n<tr>\n<td colspan=\"2\" width=\"468\" height=\"24\">Datos dimensionales<\/td>\n<\/tr>\n<tr>\n<td width=\"235\" height=\"20\">Espacio libre al suelo<\/td>\n<td width=\"233\">0.2 m \/ 8 in.<\/td>\n<\/tr>\n<tr>\n<td width=\"235\" height=\"20\">Altura de la m\u00e1quina<\/td>\n<td width=\"233\">1.99 m \/ 7 ft<\/td>\n<\/tr>\n<tr>\n<td width=\"235\" height=\"20\">Longitud de la m\u00e1quina<\/td>\n<td width=\"233\">5.82 m \/ 19 ft<\/td>\n<\/tr>\n<tr>\n<td width=\"235\" height=\"20\">Ancho de la m\u00e1quina<\/td>\n<td width=\"233\">1.75 m \/ 6 ft<\/td>\n<\/tr>\n<tr>\n<td width=\"235\" height=\"20\">Dimensi\u00f3n A de la plataforma<\/td>\n<td width=\"233\">0.76 m \/ 2 ft<\/td>\n<\/tr>\n<tr>\n<td width=\"235\" height=\"20\">Dimensi\u00f3n B de la plataforma<\/td>\n<td width=\"233\">1.52 m \/ 5 ft<\/td>\n<\/tr>\n<tr>\n<td width=\"235\" height=\"20\">Altura de la plataforma<\/td>\n<td width=\"233\">13.72 m \/ 45 ft<\/td>\n<\/tr>\n<tr>\n<td width=\"235\" height=\"20\">Oscilaci\u00f3n posterior<\/td>\n<td width=\"233\">Zero<\/td>\n<\/tr>\n<tr>\n<td width=\"235\" height=\"20\">Tama\u00f1o de llantas<\/td>\n<td width=\"233\">240\/55-17.5 Neum\u00e1tica<\/td>\n<\/tr>\n<tr>\n<td width=\"235\" height=\"24\">Distancia entre ejes<\/td>\n<td width=\"233\">2.01 m \/ 7 ft<\/td>\n<\/tr>\n<tr>\n<td height=\"20\">&nbsp;<\/td>\n<td>&nbsp;<\/td>\n<\/tr>\n<tr>\n<td colspan=\"2\" width=\"468\" height=\"24\">Especificaciones de alcance<\/td>\n<\/tr>\n<tr>\n<td width=\"235\" height=\"20\">Rotaci\u00f3n del brazo horizontal<\/td>\n<td width=\"233\">0 Degrees<\/td>\n<\/tr>\n<tr>\n<td width=\"235\" height=\"20\">Alcance horizontal<\/td>\n<td width=\"233\">7.04 m \/ 23 ft<\/td>\n<\/tr>\n<tr>\n<td width=\"235\" height=\"24\">Altura de la plataforma<\/td>\n<td width=\"233\">13.72 m \/ 45 ft<\/td>\n<\/tr>\n<tr>\n<td width=\"235\" height=\"20\">Altura arriba y sobre<\/td>\n<td width=\"233\">7.49 m \/ 25 ft<\/td>\n<\/tr>\n<tr>\n<td width=\"235\" height=\"20\">Rotaci\u00f3n de brazo vertical<\/td>\n<td width=\"233\">0 Degrees<\/td>\n<\/tr>\n<tr>\n<td height=\"20\">&nbsp;<\/td>\n<td>&nbsp;<\/td>\n<\/tr>\n<tr>\n<td colspan=\"2\" width=\"468\" height=\"24\">Especificaciones generales<\/td>\n<\/tr>\n<tr>\n<td width=\"235\" height=\"20\">Capacidad \u2013 Dep\u00f3sito hidr\u00e1ulico<\/td>\n<td width=\"233\">20 L \/ 5 gal.<\/td>\n<\/tr>\n<tr>\n<td width=\"235\" height=\"20\">Peso de la m\u00e1quina<\/td>\n<td width=\"233\">5715 kg \/ 12599 lb<\/td>\n<\/tr>\n<\/tbody>\n<\/table>\n","protected":false},"excerpt":{"rendered":"<p>La Serie E450 permite mantener un nivel elevado de productividad gracias a los ciclos de servicio m\u00e1s largos. Disponible con o sin brazo, con potencia h\u00edbrida o alimentaci\u00f3n exclusivamente el\u00e9ctrica, usted escoge la opci\u00f3n correcta para su sitio de trabajo, ya sea interior o exterior.<\/p>\n<p>Key Specs<br \/>\nAncho de la m\u00e1quina : 1.75 m \/ 6 ft<br \/>\nCapacidad de la plataforma \u2013 No restringida : 226.80 kg \/ 500 lb<br \/>\nAltura de la plataforma: 13.72 m \/ 45 ft<\/p>\n","protected":false},"featured_media":4669,"comment_status":"closed","ping_status":"closed","template":"","meta":[],"product_brand":[],"product_cat":[322,319,338,336],"product_tag":[],"class_list":{"0":"post-4726","1":"product","2":"type-product","3":"status-publish","4":"has-post-thumbnail","6":"product_cat-electricos-e-hibridos-de-pluma","7":"product_cat-elevadores","8":"product_cat-jlg","9":"product_cat-marcas","11":"first","12":"instock","13":"shipping-taxable","14":"product-type-simple"},"_links":{"self":[{"href":"https:\/\/optimizacion-online.info\/mtr\/wp-json\/wp\/v2\/product\/4726","targetHints":{"allow":["GET"]}}],"collection":[{"href":"https:\/\/optimizacion-online.info\/mtr\/wp-json\/wp\/v2\/product"}],"about":[{"href":"https:\/\/optimizacion-online.info\/mtr\/wp-json\/wp\/v2\/types\/product"}],"replies":[{"embeddable":true,"href":"https:\/\/optimizacion-online.info\/mtr\/wp-json\/wp\/v2\/comments?post=4726"}],"wp:featuredmedia":[{"embeddable":true,"href":"https:\/\/optimizacion-online.info\/mtr\/wp-json\/wp\/v2\/media\/4669"}],"wp:attachment":[{"href":"https:\/\/optimizacion-online.info\/mtr\/wp-json\/wp\/v2\/media?parent=4726"}],"wp:term":[{"taxonomy":"product_brand","embeddable":true,"href":"https:\/\/optimizacion-online.info\/mtr\/wp-json\/wp\/v2\/product_brand?post=4726"},{"taxonomy":"product_cat","embeddable":true,"href":"https:\/\/optimizacion-online.info\/mtr\/wp-json\/wp\/v2\/product_cat?post=4726"},{"taxonomy":"product_tag","embeddable":true,"href":"https:\/\/optimizacion-online.info\/mtr\/wp-json\/wp\/v2\/product_tag?post=4726"}],"curies":[{"name":"wp","href":"https:\/\/api.w.org\/{rel}","templated":true}]}}