{"id":4732,"date":"2018-11-13T08:11:09","date_gmt":"2018-11-13T08:11:09","guid":{"rendered":"https:\/\/montacargasventayrenta.com\/?post_type=product&#038;p=4732"},"modified":"2018-11-13T08:11:09","modified_gmt":"2018-11-13T08:11:09","slug":"jlg-elevador-de-pluma-telescopica-e600j","status":"publish","type":"product","link":"https:\/\/optimizacion-online.info\/mtr\/producto\/jlg-elevador-de-pluma-telescopica-e600j\/","title":{"rendered":"JLG Elevador de pluma telesc\u00f3pica E600J"},"content":{"rendered":"<p>La pluma el\u00e9ctrica m\u00e1s alta de la industria<br \/>\nNo da\u00f1a el medio ambiente: cero emisiones, menos ruido y llantas est\u00e1ndar que no dejan marcas<br \/>\nManiobrabilidad: mu\u00e9vase sobre superficies irregulares con opci\u00f3n de control de tracci\u00f3n autom\u00e1tico<br \/>\nProductividad: trabaje m\u00e1s tiempo con ciclos de servicio m\u00e1s largos<\/p>\n<table cellspacing=\"0\" cellpadding=\"0\">\n<colgroup>\n<col width=\"235\">\n<col width=\"233\"><\/colgroup>\n<tbody>\n<tr>\n<td colspan=\"2\" width=\"468\" height=\"24\">Fuente de alimentaci\u00f3n<\/td>\n<\/tr>\n<tr>\n<td width=\"235\" height=\"20\">Bater\u00edas<\/td>\n<td width=\"233\">8 x 6V, 415 A-h<\/td>\n<\/tr>\n<tr>\n<td width=\"235\" height=\"20\">Sistema el\u00e9ctrico<\/td>\n<td width=\"233\">48 Volts DC<\/td>\n<\/tr>\n<tr>\n<td height=\"20\">&nbsp;<\/td>\n<td>&nbsp;<\/td>\n<\/tr>\n<tr>\n<td colspan=\"2\" width=\"468\" height=\"24\">Datos de desempe\u00f1o<\/td>\n<\/tr>\n<tr>\n<td width=\"235\" height=\"24\">Velocidad de conducci\u00f3n \u2013 Plataforma bajada<\/td>\n<td width=\"233\">4.80 km\/h \/ 2.98 mph<\/td>\n<\/tr>\n<tr>\n<td width=\"235\" height=\"34\">Capacidad en pendientes \u2013 Tracci\u00f3n en dos ruedas<\/td>\n<td width=\"233\">30%<\/td>\n<\/tr>\n<tr>\n<td width=\"235\" height=\"34\">Capacidad en pendientes \u2013 Doble tracci\u00f3n<\/td>\n<td width=\"233\">45%<\/td>\n<\/tr>\n<tr>\n<td width=\"235\" height=\"20\">Capacidad de la plataforma<\/td>\n<td width=\"233\">230 kg \/ 507 lb<\/td>\n<\/tr>\n<tr>\n<td width=\"235\" height=\"20\">Giro<\/td>\n<td width=\"233\">400 Degrees<\/td>\n<\/tr>\n<tr>\n<td width=\"235\" height=\"20\">Tipo de giro<\/td>\n<td width=\"233\">No-Continuo<\/td>\n<\/tr>\n<tr>\n<td width=\"235\" height=\"20\">Radio de giro \u2013 Exterior<\/td>\n<td width=\"233\">4.64 m \/ 15 ft<\/td>\n<\/tr>\n<tr>\n<td height=\"24\">&nbsp;<\/td>\n<td>&nbsp;<\/td>\n<\/tr>\n<tr>\n<td colspan=\"2\" width=\"468\" height=\"24\">Datos dimensionales<\/td>\n<\/tr>\n<tr>\n<td width=\"235\" height=\"24\">Espacio libre al suelo<\/td>\n<td width=\"233\">0.3 m \/ 1 ft<\/td>\n<\/tr>\n<tr>\n<td width=\"235\" height=\"20\">Altura de la m\u00e1quina<\/td>\n<td width=\"233\">2.54 m \/ 8 ft<\/td>\n<\/tr>\n<tr>\n<td width=\"235\" height=\"20\">Longitud de la m\u00e1quina<\/td>\n<td width=\"233\">9.37 m \/ 31 ft<\/td>\n<\/tr>\n<tr>\n<td width=\"235\" height=\"20\">Ancho de la m\u00e1quina<\/td>\n<td width=\"233\">2.42 m \/ 8 ft<\/td>\n<\/tr>\n<tr>\n<td width=\"235\" height=\"20\">Dimensi\u00f3n A de la plataforma<\/td>\n<td width=\"233\">0.76 m \/ 2 ft<\/td>\n<\/tr>\n<tr>\n<td width=\"235\" height=\"20\">Dimensi\u00f3n B de la plataforma<\/td>\n<td width=\"233\">1.83 m \/ 6 ft<\/td>\n<\/tr>\n<tr>\n<td width=\"235\" height=\"20\">Altura de la plataforma<\/td>\n<td width=\"233\">18.36 m \/ 60 ft<\/td>\n<\/tr>\n<tr>\n<td width=\"235\" height=\"20\">Oscilaci\u00f3n posterior<\/td>\n<td width=\"233\">1.23 m \/ 4 ft<\/td>\n<\/tr>\n<tr>\n<td width=\"235\" height=\"20\">Tama\u00f1o de llantas<\/td>\n<td width=\"233\">36 x 14-22.5 Non-marking Pnuematic<\/td>\n<\/tr>\n<tr>\n<td width=\"235\" height=\"24\">Distancia entre ejes<\/td>\n<td width=\"233\">2.74 m \/ 9 ft<\/td>\n<\/tr>\n<tr>\n<td height=\"20\">&nbsp;<\/td>\n<td>&nbsp;<\/td>\n<\/tr>\n<tr>\n<td colspan=\"2\" width=\"468\" height=\"24\">Especificaciones de alcance<\/td>\n<\/tr>\n<tr>\n<td width=\"235\" height=\"24\">Rotaci\u00f3n del brazo horizontal<\/td>\n<td width=\"233\">0 Degrees<\/td>\n<\/tr>\n<tr>\n<td width=\"235\" height=\"20\">Alcance horizontal<\/td>\n<td width=\"233\">13.19 m \/ 43 ft<\/td>\n<\/tr>\n<tr>\n<td width=\"235\" height=\"24\">Altura de la plataforma<\/td>\n<td width=\"233\">18.36 m \/ 60 ft<\/td>\n<\/tr>\n<tr>\n<td width=\"235\" height=\"20\">Rotaci\u00f3n de brazo vertical<\/td>\n<td width=\"233\">145 Degrees<\/td>\n<\/tr>\n<tr>\n<td height=\"20\">&nbsp;<\/td>\n<td>&nbsp;<\/td>\n<\/tr>\n<tr>\n<td colspan=\"2\" width=\"468\" height=\"24\">Especificaciones generales<\/td>\n<\/tr>\n<tr>\n<td width=\"235\" height=\"24\">Capacidad \u2013 Dep\u00f3sito hidr\u00e1ulico<\/td>\n<td width=\"233\">60 L \/ 16 gal.<\/td>\n<\/tr>\n<tr>\n<td width=\"235\" height=\"20\">Peso de la m\u00e1quina<\/td>\n<td width=\"233\">6894 kg \/ 15199 lb<\/td>\n<\/tr>\n<\/tbody>\n<\/table>\n","protected":false},"excerpt":{"rendered":"<p>Escoja entre alimentaci\u00f3n el\u00e9ctrica o h\u00edbrida, un brazo est\u00e1ndar o un brazo JibPLUS\u00ae que gira en sentido horizontal, tracci\u00f3n en dos ruedas o tracci\u00f3n en todas las ruedas. Ya sea que sus trabajos incluyan aplicaciones industriales, mantenimiento, construcci\u00f3n o cualquier otro, la Serie E600 no genera emisiones y reduce los niveles de ruido, para funcionar en la mayor\u00eda de terrenos en muchos entornos.<\/p>\n<p>Key Specs<br \/>\nAncho de la m\u00e1quina : 2.42 m \/ 8 ft<br \/>\nCapacidad de la plataforma : 230 kg \/ 507 lb<br \/>\nAltura de la plataforma: 18.36 m \/ 60 ft<\/p>\n","protected":false},"featured_media":4674,"comment_status":"closed","ping_status":"closed","template":"","meta":[],"product_brand":[],"product_cat":[322,319,338,336],"product_tag":[],"class_list":{"0":"post-4732","1":"product","2":"type-product","3":"status-publish","4":"has-post-thumbnail","6":"product_cat-electricos-e-hibridos-de-pluma","7":"product_cat-elevadores","8":"product_cat-jlg","9":"product_cat-marcas","11":"first","12":"instock","13":"shipping-taxable","14":"product-type-simple"},"_links":{"self":[{"href":"https:\/\/optimizacion-online.info\/mtr\/wp-json\/wp\/v2\/product\/4732","targetHints":{"allow":["GET"]}}],"collection":[{"href":"https:\/\/optimizacion-online.info\/mtr\/wp-json\/wp\/v2\/product"}],"about":[{"href":"https:\/\/optimizacion-online.info\/mtr\/wp-json\/wp\/v2\/types\/product"}],"replies":[{"embeddable":true,"href":"https:\/\/optimizacion-online.info\/mtr\/wp-json\/wp\/v2\/comments?post=4732"}],"wp:featuredmedia":[{"embeddable":true,"href":"https:\/\/optimizacion-online.info\/mtr\/wp-json\/wp\/v2\/media\/4674"}],"wp:attachment":[{"href":"https:\/\/optimizacion-online.info\/mtr\/wp-json\/wp\/v2\/media?parent=4732"}],"wp:term":[{"taxonomy":"product_brand","embeddable":true,"href":"https:\/\/optimizacion-online.info\/mtr\/wp-json\/wp\/v2\/product_brand?post=4732"},{"taxonomy":"product_cat","embeddable":true,"href":"https:\/\/optimizacion-online.info\/mtr\/wp-json\/wp\/v2\/product_cat?post=4732"},{"taxonomy":"product_tag","embeddable":true,"href":"https:\/\/optimizacion-online.info\/mtr\/wp-json\/wp\/v2\/product_tag?post=4732"}],"curies":[{"name":"wp","href":"https:\/\/api.w.org\/{rel}","templated":true}]}}