{"id":4738,"date":"2018-11-13T08:20:40","date_gmt":"2018-11-13T08:20:40","guid":{"rendered":"https:\/\/montacargasventayrenta.com\/?post_type=product&#038;p=4738"},"modified":"2018-11-13T08:20:40","modified_gmt":"2018-11-13T08:20:40","slug":"jlg-elevador-de-pluma-y-mastil-toucan-t32e","status":"publish","type":"product","link":"https:\/\/optimizacion-online.info\/mtr\/producto\/jlg-elevador-de-pluma-y-mastil-toucan-t32e\/","title":{"rendered":"JLG Elevador de pluma y m\u00e1stil Toucan\u00ae T32E"},"content":{"rendered":"<p>Completamente redise\u00f1ado, con 80% menos mangueras y accesorios.<br \/>\nPropulsi\u00f3n el\u00e9ctrica directa de CA para una vida de la bater\u00eda m\u00e1s larga y m\u00e1s ciclos de servicio.<br \/>\nBrazo telesc\u00f3pico articulado y m\u00e1stil telesc\u00f3pico vertical<\/p>\n<table cellspacing=\"0\" cellpadding=\"0\">\n<colgroup>\n<col width=\"235\">\n<col width=\"233\"><\/colgroup>\n<tbody>\n<tr>\n<td colspan=\"2\" width=\"468\" height=\"24\">Fuente de alimentaci\u00f3n<\/td>\n<\/tr>\n<tr>\n<td width=\"235\" height=\"20\">Bater\u00edas<\/td>\n<td width=\"233\">48V \u2013 260 A\/h<\/td>\n<\/tr>\n<tr>\n<td width=\"235\" height=\"20\">Sistema el\u00e9ctrico<\/td>\n<td width=\"233\">48 Volts DC<\/td>\n<\/tr>\n<tr>\n<td height=\"20\">&nbsp;<\/td>\n<td>&nbsp;<\/td>\n<\/tr>\n<tr>\n<td colspan=\"2\" width=\"468\" height=\"24\">Datos de desempe\u00f1o<\/td>\n<\/tr>\n<tr>\n<td width=\"235\" height=\"24\">Velocidad de conducci\u00f3n \u2013 Plataforma bajada<\/td>\n<td width=\"233\">5.50 km\/h \/ 3.42 mph<\/td>\n<\/tr>\n<tr>\n<td width=\"235\" height=\"34\">Capacidad en pendientes \u2013 Tracci\u00f3n en dos ruedas<\/td>\n<td width=\"233\">25%<\/td>\n<\/tr>\n<tr>\n<td width=\"235\" height=\"20\">Capacidad de la plataforma<\/td>\n<td width=\"233\">227 kg \/ 500 lb<\/td>\n<\/tr>\n<tr>\n<td width=\"235\" height=\"20\">Giro<\/td>\n<td width=\"233\">360 Degrees<\/td>\n<\/tr>\n<tr>\n<td width=\"235\" height=\"20\">Tipo de giro<\/td>\n<td width=\"233\">No-Continuo<\/td>\n<\/tr>\n<tr>\n<td width=\"235\" height=\"20\">Radio de giro \u2013 Exterior<\/td>\n<td width=\"233\">2.60 m \/ 9 ft<\/td>\n<\/tr>\n<tr>\n<td height=\"20\">&nbsp;<\/td>\n<td>&nbsp;<\/td>\n<\/tr>\n<tr>\n<td colspan=\"2\" width=\"468\" height=\"24\">Datos dimensionales<\/td>\n<\/tr>\n<tr>\n<td width=\"235\" height=\"24\">Espacio libre al suelo<\/td>\n<td width=\"233\">0.08 m \/ 3 in.<\/td>\n<\/tr>\n<tr>\n<td width=\"235\" height=\"24\">Altura de la m\u00e1quina<\/td>\n<td width=\"233\">1.99 m \/ 7 ft<\/td>\n<\/tr>\n<tr>\n<td width=\"235\" height=\"20\">Longitud de la m\u00e1quina<\/td>\n<td width=\"233\">3.60 m \/ 12 ft<\/td>\n<\/tr>\n<tr>\n<td width=\"235\" height=\"20\">Ancho de la m\u00e1quina<\/td>\n<td width=\"233\">1.20 m \/ 4 ft<\/td>\n<\/tr>\n<tr>\n<td width=\"235\" height=\"20\">Dimensi\u00f3n A de la plataforma<\/td>\n<td width=\"233\">0.70 m \/ 2 ft<\/td>\n<\/tr>\n<tr>\n<td width=\"235\" height=\"20\">Dimensi\u00f3n B de la plataforma<\/td>\n<td width=\"233\">1.05 m \/ 3 ft<\/td>\n<\/tr>\n<tr>\n<td width=\"235\" height=\"20\">Altura de la plataforma<\/td>\n<td width=\"233\">9.83 m \/ 32 ft<\/td>\n<\/tr>\n<tr>\n<td width=\"235\" height=\"20\">Oscilaci\u00f3n posterior<\/td>\n<td width=\"233\">0.15 m \/ 6 in.<\/td>\n<\/tr>\n<tr>\n<td width=\"235\" height=\"20\">Tama\u00f1o de llantas<\/td>\n<td width=\"233\">18 x 7 x 12.12 Non-marking<\/td>\n<\/tr>\n<tr>\n<td width=\"235\" height=\"20\">Distancia entre ejes<\/td>\n<td width=\"233\">1.60 m \/ 5 ft<\/td>\n<\/tr>\n<tr>\n<td height=\"24\">&nbsp;<\/td>\n<td>&nbsp;<\/td>\n<\/tr>\n<tr>\n<td colspan=\"2\" width=\"468\" height=\"24\">Especificaciones de alcance<\/td>\n<\/tr>\n<tr>\n<td width=\"235\" height=\"24\">Rotaci\u00f3n del brazo horizontal<\/td>\n<td width=\"233\">0 Degrees<\/td>\n<\/tr>\n<tr>\n<td width=\"235\" height=\"24\">Alcance horizontal<\/td>\n<td width=\"233\">4.60 m \/ 15 ft<\/td>\n<\/tr>\n<tr>\n<td width=\"235\" height=\"20\">Altura de la plataforma<\/td>\n<td width=\"233\">9.83 m \/ 32 ft<\/td>\n<\/tr>\n<tr>\n<td width=\"235\" height=\"24\">Altura arriba y sobre<\/td>\n<td width=\"233\">6.95 m \/ 23 ft<\/td>\n<\/tr>\n<tr>\n<td width=\"235\" height=\"20\">Rotaci\u00f3n de brazo vertical<\/td>\n<td width=\"233\">120 Degrees<\/td>\n<\/tr>\n<tr>\n<td height=\"20\">&nbsp;<\/td>\n<td>&nbsp;<\/td>\n<\/tr>\n<tr>\n<td colspan=\"2\" width=\"468\" height=\"24\">Especificaciones generales<\/td>\n<\/tr>\n<tr>\n<td width=\"235\" height=\"24\">Capacidad \u2013 Dep\u00f3sito hidr\u00e1ulico<\/td>\n<td width=\"233\">15 L \/ 4 gal.<\/td>\n<\/tr>\n<tr>\n<td width=\"235\" height=\"20\">Peso de la m\u00e1quina<\/td>\n<td width=\"233\">4300 kg \/ 9480 lb<\/td>\n<\/tr>\n<\/tbody>\n<\/table>\n","protected":false},"excerpt":{"rendered":"<p>Llantas que no dejan marcas y potencia el\u00e9ctrica eficiente para trabajos interiores y una capacidad para subir pendientes hasta del 25%, para subir las rampas empinadas o la plataforma de los camiones de carga.<\/p>\n<p>Key Specs<br \/>\nAncho de la m\u00e1quina : 1.20 m \/ 4 ft<br \/>\nCapacidad de la plataforma : 227 kg \/ 500 lb<br \/>\nAltura de la plataforma: 9.83 m \/ 32 ft<\/p>\n","protected":false},"featured_media":4693,"comment_status":"closed","ping_status":"closed","template":"","meta":[],"product_brand":[],"product_cat":[322,319,338,336],"product_tag":[],"class_list":{"0":"post-4738","1":"product","2":"type-product","3":"status-publish","4":"has-post-thumbnail","6":"product_cat-electricos-e-hibridos-de-pluma","7":"product_cat-elevadores","8":"product_cat-jlg","9":"product_cat-marcas","11":"first","12":"instock","13":"shipping-taxable","14":"product-type-simple"},"_links":{"self":[{"href":"https:\/\/optimizacion-online.info\/mtr\/wp-json\/wp\/v2\/product\/4738","targetHints":{"allow":["GET"]}}],"collection":[{"href":"https:\/\/optimizacion-online.info\/mtr\/wp-json\/wp\/v2\/product"}],"about":[{"href":"https:\/\/optimizacion-online.info\/mtr\/wp-json\/wp\/v2\/types\/product"}],"replies":[{"embeddable":true,"href":"https:\/\/optimizacion-online.info\/mtr\/wp-json\/wp\/v2\/comments?post=4738"}],"wp:featuredmedia":[{"embeddable":true,"href":"https:\/\/optimizacion-online.info\/mtr\/wp-json\/wp\/v2\/media\/4693"}],"wp:attachment":[{"href":"https:\/\/optimizacion-online.info\/mtr\/wp-json\/wp\/v2\/media?parent=4738"}],"wp:term":[{"taxonomy":"product_brand","embeddable":true,"href":"https:\/\/optimizacion-online.info\/mtr\/wp-json\/wp\/v2\/product_brand?post=4738"},{"taxonomy":"product_cat","embeddable":true,"href":"https:\/\/optimizacion-online.info\/mtr\/wp-json\/wp\/v2\/product_cat?post=4738"},{"taxonomy":"product_tag","embeddable":true,"href":"https:\/\/optimizacion-online.info\/mtr\/wp-json\/wp\/v2\/product_tag?post=4738"}],"curies":[{"name":"wp","href":"https:\/\/api.w.org\/{rel}","templated":true}]}}