{"id":4743,"date":"2018-11-13T08:43:44","date_gmt":"2018-11-13T08:43:44","guid":{"rendered":"https:\/\/montacargasventayrenta.com\/?post_type=product&#038;p=4743"},"modified":"2018-11-13T08:46:26","modified_gmt":"2018-11-13T08:46:26","slug":"jlg-elevador-portatil-personal-liftpod-ft140","status":"publish","type":"product","link":"https:\/\/optimizacion-online.info\/mtr\/producto\/jlg-elevador-portatil-personal-liftpod-ft140\/","title":{"rendered":"JLG Elevador port\u00e1til personal LiftPod FT140"},"content":{"rendered":"<p>El nuevo m\u00e1stil telesc\u00f3pico brinda el espacio libre cuando se necesita y se puede almacenar f\u00e1cilmente<br \/>\nEs alimentado por un nuevo sistema de bater\u00eda de iones de litio de 40 V<br \/>\nRango de movimiento de 360 grados<\/p>\n<table cellspacing=\"0\" cellpadding=\"0\">\n<colgroup>\n<col width=\"386\">\n<col width=\"239\"><\/colgroup>\n<tbody>\n<tr>\n<td colspan=\"2\" width=\"625\" height=\"24\">Datos dimensionales<\/td>\n<\/tr>\n<tr>\n<td width=\"386\" height=\"20\">Altura de contacto con el suelo<\/td>\n<td width=\"239\">0.43 m \/ 1 ft 5 in.<\/td>\n<\/tr>\n<tr>\n<td width=\"386\" height=\"20\">Altura de la m\u00e1quina<\/td>\n<td width=\"239\">2.01 m \/ 6 ft 7 in.<\/td>\n<\/tr>\n<tr>\n<td width=\"386\" height=\"20\">Longitud de la m\u00e1quina<\/td>\n<td width=\"239\">1.48 m \/ 4 ft 10 in.<\/td>\n<\/tr>\n<tr>\n<td width=\"386\" height=\"20\">Ancho de la m\u00e1quina<\/td>\n<td width=\"239\">1.63 m \/ 5 ft 4 in.<\/td>\n<\/tr>\n<tr>\n<td width=\"386\" height=\"20\">Dimensi\u00f3n A de la plataforma<\/td>\n<td width=\"239\">0.61 m \/ 2 ft<\/td>\n<\/tr>\n<tr>\n<td width=\"386\" height=\"20\">Dimensi\u00f3n B de la plataforma<\/td>\n<td width=\"239\">0.61 m \/ 2 ft<\/td>\n<\/tr>\n<tr>\n<td width=\"386\" height=\"20\">Altura de la plataforma<\/td>\n<td width=\"239\">4.11 m \/ 13 ft 6 in.<\/td>\n<\/tr>\n<tr>\n<td height=\"19\">&nbsp;<\/td>\n<td>&nbsp;<\/td>\n<\/tr>\n<tr>\n<td colspan=\"2\" width=\"625\" height=\"24\">Especificaciones de alcance<\/td>\n<\/tr>\n<tr>\n<td width=\"386\" height=\"20\">Altura de la plataforma<\/td>\n<td width=\"239\">4.11 m \/ 13 ft 6 in.<\/td>\n<\/tr>\n<tr>\n<td width=\"386\" height=\"24\">Altura de trabajo<\/td>\n<td width=\"239\">5.94 m \/ 19 ft 6 in.<\/td>\n<\/tr>\n<tr>\n<td height=\"19\">&nbsp;<\/td>\n<td>&nbsp;<\/td>\n<\/tr>\n<tr>\n<td colspan=\"2\" width=\"625\" height=\"24\">Datos de desempe\u00f1o<\/td>\n<\/tr>\n<tr>\n<td width=\"386\" height=\"20\">Estabilizadores<\/td>\n<td width=\"239\">No<\/td>\n<\/tr>\n<tr>\n<td width=\"386\" height=\"24\">Capacidad de la plataforma<\/td>\n<td width=\"239\">149.69 kg \/ 330 lb<\/td>\n<\/tr>\n<tr>\n<td height=\"19\">&nbsp;<\/td>\n<td>&nbsp;<\/td>\n<\/tr>\n<tr>\n<td colspan=\"2\" width=\"625\" height=\"24\">Especificaciones generales<\/td>\n<\/tr>\n<tr>\n<td width=\"386\" height=\"20\">Peso de la m\u00e1quina<\/td>\n<td width=\"239\">147.87 kg \/ 326 lb<\/td>\n<\/tr>\n<\/tbody>\n<\/table>\n","protected":false},"excerpt":{"rendered":"<p>Los elevadores port\u00e1tiles personales de JLG\u00ae ofrecen a quienes trabajan en el mantenimiento de los establecimientos un carro cerrado y una plataforma segura, as\u00ed como la capacidad para trabajar con ambas manos en un radio de 360 grados, a alturas hasta de 4.26 m (14 pies). Los elevadores verticales LiftPod\u00ae se pueden armar en menos de 30 segundos, son muy port\u00e1tiles y ofrecen una pr\u00e1ctica bandeja acoplable de accesorios para colocar los materiales. Es la opci\u00f3n ideal para el trabajo de mantenimiento de plantas y establecimientos.<\/p>\n<p>Key Specs<br \/>\nAltura de la plataforma: 4.11 m \/ 13 ft 6 in.<br \/>\nAncho de la m\u00e1quina : 1.63 m \/ 5 ft 4 in.<\/p>\n","protected":false},"featured_media":4703,"comment_status":"closed","ping_status":"closed","template":"","meta":[],"product_brand":[],"product_cat":[319,338,336,323],"product_tag":[],"class_list":{"0":"post-4743","1":"product","2":"type-product","3":"status-publish","4":"has-post-thumbnail","6":"product_cat-elevadores","7":"product_cat-jlg","8":"product_cat-marcas","9":"product_cat-portatiles-personales-liftpod","11":"first","12":"instock","13":"shipping-taxable","14":"product-type-simple"},"_links":{"self":[{"href":"https:\/\/optimizacion-online.info\/mtr\/wp-json\/wp\/v2\/product\/4743","targetHints":{"allow":["GET"]}}],"collection":[{"href":"https:\/\/optimizacion-online.info\/mtr\/wp-json\/wp\/v2\/product"}],"about":[{"href":"https:\/\/optimizacion-online.info\/mtr\/wp-json\/wp\/v2\/types\/product"}],"replies":[{"embeddable":true,"href":"https:\/\/optimizacion-online.info\/mtr\/wp-json\/wp\/v2\/comments?post=4743"}],"wp:featuredmedia":[{"embeddable":true,"href":"https:\/\/optimizacion-online.info\/mtr\/wp-json\/wp\/v2\/media\/4703"}],"wp:attachment":[{"href":"https:\/\/optimizacion-online.info\/mtr\/wp-json\/wp\/v2\/media?parent=4743"}],"wp:term":[{"taxonomy":"product_brand","embeddable":true,"href":"https:\/\/optimizacion-online.info\/mtr\/wp-json\/wp\/v2\/product_brand?post=4743"},{"taxonomy":"product_cat","embeddable":true,"href":"https:\/\/optimizacion-online.info\/mtr\/wp-json\/wp\/v2\/product_cat?post=4743"},{"taxonomy":"product_tag","embeddable":true,"href":"https:\/\/optimizacion-online.info\/mtr\/wp-json\/wp\/v2\/product_tag?post=4743"}],"curies":[{"name":"wp","href":"https:\/\/api.w.org\/{rel}","templated":true}]}}