{"id":4744,"date":"2018-11-13T08:46:10","date_gmt":"2018-11-13T08:46:10","guid":{"rendered":"https:\/\/montacargasventayrenta.com\/?post_type=product&#038;p=4744"},"modified":"2018-11-13T08:46:31","modified_gmt":"2018-11-13T08:46:31","slug":"jlg-elevador-portatil-personal-liftpod-ft70","status":"publish","type":"product","link":"https:\/\/optimizacion-online.info\/mtr\/producto\/jlg-elevador-portatil-personal-liftpod-ft70\/","title":{"rendered":"JLG Elevador port\u00e1til personal LiftPod FT70"},"content":{"rendered":"<p>El nuevo m\u00e1stil telesc\u00f3pico brinda el espacio libre cuando se necesita y se puede almacenar f\u00e1cilmente<br \/>\nSe puede armar en pocos minutos<br \/>\nLos cuatro componentes livianos se pueden cargar en una camioneta o furgoneta para transportarlos f\u00e1cilmente<\/p>\n<table cellspacing=\"0\" cellpadding=\"0\">\n<colgroup>\n<col width=\"386\">\n<col width=\"239\"><\/colgroup>\n<tbody>\n<tr>\n<td colspan=\"2\" width=\"625\" height=\"24\">Datos dimensionales<\/td>\n<\/tr>\n<tr>\n<td width=\"386\" height=\"20\">Altura de contacto con el suelo<\/td>\n<td width=\"239\">0.18 m \/ 7 in.<\/td>\n<\/tr>\n<tr>\n<td width=\"386\" height=\"20\">Altura de la m\u00e1quina<\/td>\n<td width=\"239\">1.64 m \/ 5 ft 5 in.<\/td>\n<\/tr>\n<tr>\n<td width=\"386\" height=\"20\">Longitud de la m\u00e1quina<\/td>\n<td width=\"239\">1.12 m \/ 3 ft 8 in.<\/td>\n<\/tr>\n<tr>\n<td width=\"386\" height=\"20\">Ancho de la m\u00e1quina<\/td>\n<td width=\"239\">0.76 m \/ 2 ft 6 in.<\/td>\n<\/tr>\n<tr>\n<td width=\"386\" height=\"20\">Dimensi\u00f3n A de la plataforma<\/td>\n<td width=\"239\">0.61 m \/ 2 ft<\/td>\n<\/tr>\n<tr>\n<td width=\"386\" height=\"20\">Dimensi\u00f3n B de la plataforma<\/td>\n<td width=\"239\">0.61 m \/ 2 ft<\/td>\n<\/tr>\n<tr>\n<td width=\"386\" height=\"20\">Altura de la plataforma<\/td>\n<td width=\"239\">2.13 m \/ 7 ft<\/td>\n<\/tr>\n<tr>\n<td height=\"19\">&nbsp;<\/td>\n<td>&nbsp;<\/td>\n<\/tr>\n<tr>\n<td colspan=\"2\" width=\"625\" height=\"24\">Especificaciones de alcance<\/td>\n<\/tr>\n<tr>\n<td width=\"386\" height=\"20\">Altura de la plataforma<\/td>\n<td width=\"239\">2.13 m \/ 7 ft<\/td>\n<\/tr>\n<tr>\n<td width=\"386\" height=\"24\">Altura de trabajo<\/td>\n<td width=\"239\">3.96 m \/ 13 ft<\/td>\n<\/tr>\n<tr>\n<td height=\"19\">&nbsp;<\/td>\n<td>&nbsp;<\/td>\n<\/tr>\n<tr>\n<td colspan=\"2\" width=\"625\" height=\"24\">Datos de desempe\u00f1o<\/td>\n<\/tr>\n<tr>\n<td width=\"386\" height=\"20\">Estabilizadores<\/td>\n<td width=\"239\">No<\/td>\n<\/tr>\n<tr>\n<td width=\"386\" height=\"24\">Capacidad de la plataforma<\/td>\n<td width=\"239\">149.69 kg \/ 330 lb<\/td>\n<\/tr>\n<tr>\n<td height=\"19\">&nbsp;<\/td>\n<td>&nbsp;<\/td>\n<\/tr>\n<tr>\n<td colspan=\"2\" width=\"625\" height=\"24\">Especificaciones generales<\/td>\n<\/tr>\n<tr>\n<td width=\"386\" height=\"20\">Peso de la m\u00e1quina<\/td>\n<td width=\"239\">94.35 kg \/ 208 lb<\/td>\n<\/tr>\n<\/tbody>\n<\/table>\n","protected":false},"excerpt":{"rendered":"<p>Los elevadores port\u00e1tiles personales de JLG\u00ae ofrecen a quienes trabajan en el mantenimiento de los establecimientos un carro cerrado y una plataforma segura, as\u00ed como la capacidad para trabajar con ambas manos en un radio de 360 grados, a alturas hasta de 4.26 m (14 pies). Los elevadores verticales LiftPod\u00ae se pueden armar en menos de 30 segundos, son muy port\u00e1tiles y ofrecen una pr\u00e1ctica bandeja acoplable de accesorios para colocar los materiales. Es la opci\u00f3n ideal para el trabajo de mantenimiento de plantas y establecimientos.<\/p>\n<p>Key Specs<br \/>\nAltura de la plataforma: 2.13 m \/ 7 ft<br \/>\nAncho de la m\u00e1quina : 0.76 m \/ 2 ft 6 in.<\/p>\n","protected":false},"featured_media":4711,"comment_status":"closed","ping_status":"closed","template":"","meta":[],"product_brand":[],"product_cat":[319,338,336,323],"product_tag":[],"class_list":{"0":"post-4744","1":"product","2":"type-product","3":"status-publish","4":"has-post-thumbnail","6":"product_cat-elevadores","7":"product_cat-jlg","8":"product_cat-marcas","9":"product_cat-portatiles-personales-liftpod","11":"first","12":"instock","13":"shipping-taxable","14":"product-type-simple"},"_links":{"self":[{"href":"https:\/\/optimizacion-online.info\/mtr\/wp-json\/wp\/v2\/product\/4744","targetHints":{"allow":["GET"]}}],"collection":[{"href":"https:\/\/optimizacion-online.info\/mtr\/wp-json\/wp\/v2\/product"}],"about":[{"href":"https:\/\/optimizacion-online.info\/mtr\/wp-json\/wp\/v2\/types\/product"}],"replies":[{"embeddable":true,"href":"https:\/\/optimizacion-online.info\/mtr\/wp-json\/wp\/v2\/comments?post=4744"}],"wp:featuredmedia":[{"embeddable":true,"href":"https:\/\/optimizacion-online.info\/mtr\/wp-json\/wp\/v2\/media\/4711"}],"wp:attachment":[{"href":"https:\/\/optimizacion-online.info\/mtr\/wp-json\/wp\/v2\/media?parent=4744"}],"wp:term":[{"taxonomy":"product_brand","embeddable":true,"href":"https:\/\/optimizacion-online.info\/mtr\/wp-json\/wp\/v2\/product_brand?post=4744"},{"taxonomy":"product_cat","embeddable":true,"href":"https:\/\/optimizacion-online.info\/mtr\/wp-json\/wp\/v2\/product_cat?post=4744"},{"taxonomy":"product_tag","embeddable":true,"href":"https:\/\/optimizacion-online.info\/mtr\/wp-json\/wp\/v2\/product_tag?post=4744"}],"curies":[{"name":"wp","href":"https:\/\/api.w.org\/{rel}","templated":true}]}}