{"id":4746,"date":"2018-11-13T08:50:15","date_gmt":"2018-11-13T08:50:15","guid":{"rendered":"https:\/\/montacargasventayrenta.com\/?post_type=product&#038;p=4746"},"modified":"2018-11-13T08:50:15","modified_gmt":"2018-11-13T08:50:15","slug":"accesorios-para-plataformas-jlg","status":"publish","type":"product","link":"https:\/\/optimizacion-online.info\/mtr\/producto\/accesorios-para-plataformas-jlg\/","title":{"rendered":"Accesorios para plataformas JLG"},"content":{"rendered":"<p>Partes y Refacciones serie Workstation in the Sky<br \/>\nHorquillas para palets y soportes<br \/>\nPlataforma inteligente de anchura fija<br \/>\nPlataforma inteligente extensible<br \/>\nCucharas<br \/>\nGancho de elevaci\u00f3n montado en la horquilla<br \/>\nGancho de elevaci\u00f3n montado en el carro<br \/>\nCuchara con cuchar\u00f3n<br \/>\nCarro de posicionamiento de horquilla<br \/>\nSujeciones de balas<br \/>\nPluma armada<br \/>\nPluma armada extensible<br \/>\nAcopladores competitivos<\/p>\n","protected":false},"excerpt":{"rendered":"<p>Los accesorios JLG, Partes y Refacciones de la serie Workstation in the Sky\u2122 para las plataformas de acceso de JLG aportan elementos muy innovadores que se han desarrollado gracias a la investigaci\u00f3n de la empresa, a las visitas a los lugares de trabajo y al di\u00e1logo con contratistas y usuarios de las plataformas de acceso.<\/p>\n<p>Como resultado de todo ello, JLG ha extra\u00eddo conclusiones sobre el tipo de trabajo que se realiza, las herramientas que se precisan para llevar a cabo las tareas y la manera de conseguir que estos trabajos sean m\u00e1s eficientes y productivos.<\/p>\n<p>Es por eso que ahora JLG ofrece una lista de nuevas opciones y accesorios para aumentar a\u00fan m\u00e1s la eficiencia de las tareas en altura y liberar a los operarios de utilizar herramientas ubicadas en el suelo, aliviar la congesti\u00f3n del lugar de trabajo, reducir el nivel de ruido, la emisi\u00f3n de gases y el consumo de combustible, adem\u00e1s de mantener espacio libre en la plataforma para mejorar las condiciones de trabajo del operario.<\/p>\n","protected":false},"featured_media":4748,"comment_status":"closed","ping_status":"closed","template":"","meta":[],"product_brand":[],"product_cat":[338,336],"product_tag":[],"class_list":{"0":"post-4746","1":"product","2":"type-product","3":"status-publish","4":"has-post-thumbnail","6":"product_cat-jlg","7":"product_cat-marcas","9":"first","10":"instock","11":"shipping-taxable","12":"product-type-simple"},"_links":{"self":[{"href":"https:\/\/optimizacion-online.info\/mtr\/wp-json\/wp\/v2\/product\/4746","targetHints":{"allow":["GET"]}}],"collection":[{"href":"https:\/\/optimizacion-online.info\/mtr\/wp-json\/wp\/v2\/product"}],"about":[{"href":"https:\/\/optimizacion-online.info\/mtr\/wp-json\/wp\/v2\/types\/product"}],"replies":[{"embeddable":true,"href":"https:\/\/optimizacion-online.info\/mtr\/wp-json\/wp\/v2\/comments?post=4746"}],"wp:featuredmedia":[{"embeddable":true,"href":"https:\/\/optimizacion-online.info\/mtr\/wp-json\/wp\/v2\/media\/4748"}],"wp:attachment":[{"href":"https:\/\/optimizacion-online.info\/mtr\/wp-json\/wp\/v2\/media?parent=4746"}],"wp:term":[{"taxonomy":"product_brand","embeddable":true,"href":"https:\/\/optimizacion-online.info\/mtr\/wp-json\/wp\/v2\/product_brand?post=4746"},{"taxonomy":"product_cat","embeddable":true,"href":"https:\/\/optimizacion-online.info\/mtr\/wp-json\/wp\/v2\/product_cat?post=4746"},{"taxonomy":"product_tag","embeddable":true,"href":"https:\/\/optimizacion-online.info\/mtr\/wp-json\/wp\/v2\/product_tag?post=4746"}],"curies":[{"name":"wp","href":"https:\/\/api.w.org\/{rel}","templated":true}]}}