{"id":4764,"date":"2018-11-13T08:52:29","date_gmt":"2018-11-13T08:52:29","guid":{"rendered":"https:\/\/montacargasventayrenta.com\/?post_type=product&#038;p=4764"},"modified":"2018-11-13T08:52:29","modified_gmt":"2018-11-13T08:52:29","slug":"montacargas-flexi-ac-stormax","status":"publish","type":"product","link":"https:\/\/optimizacion-online.info\/mtr\/producto\/montacargas-flexi-ac-stormax\/","title":{"rendered":"Montacargas Flexi AC-StorMAX"},"content":{"rendered":"","protected":false},"excerpt":{"rendered":"<p>Potencia: Corriente Alterna<br \/>\n1,000 Kg de capacidad y m\u00e1s, incluso en la posici\u00f3n trasera<br \/>\nAltura de Elevaci\u00f3n: 11 metros<\/p>\n<p>Crea hasta 50% m\u00e1s de capacidad de almacenamiento. Flexi AC StorMAX funciona poniendo una paleta detr\u00e1s de otra en un pasillo muy estrecho. Este formato maximiza la capacidad de almacenamiento de cualquier edificio.<\/p>\n<p>Desplazamiento lateral integrado y funci\u00f3n telesc\u00f3pica con SCE Con el Sistema de Control de Estabilidad (SCE), la capacidad de las cargas posteriores se maximiza a trav\u00e9s del sistema.<\/p>\n<p>Uso de un Sistema de Gesti\u00f3n de Almacenes (SGA) moderno Para controlar la colocaci\u00f3n de cargas en orden FILO (primera entrada \u00faltima salida) para maximizar la eficacia de manipulaci\u00f3n.<\/p>\n<p>Ciclos de trabajo r\u00e1pidos Con solamente 50% de las cargas en las posiciones posteriores, hay 30% m\u00e1s de movimientos por carretilla por hora que estanter\u00edas Drive-In o los sistemas de carro automatizado. Las paletas inferiores se ubican por tierra para la recogida f\u00e1cil con las transpaletas.<\/p>\n","protected":false},"featured_media":4750,"comment_status":"closed","ping_status":"closed","template":"","meta":[],"product_brand":[],"product_cat":[339,336,307],"product_tag":[],"class_list":{"0":"post-4764","1":"product","2":"type-product","3":"status-publish","4":"has-post-thumbnail","6":"product_cat-flexi","7":"product_cat-marcas","8":"product_cat-montacargas","10":"first","11":"instock","12":"shipping-taxable","13":"product-type-simple"},"_links":{"self":[{"href":"https:\/\/optimizacion-online.info\/mtr\/wp-json\/wp\/v2\/product\/4764","targetHints":{"allow":["GET"]}}],"collection":[{"href":"https:\/\/optimizacion-online.info\/mtr\/wp-json\/wp\/v2\/product"}],"about":[{"href":"https:\/\/optimizacion-online.info\/mtr\/wp-json\/wp\/v2\/types\/product"}],"replies":[{"embeddable":true,"href":"https:\/\/optimizacion-online.info\/mtr\/wp-json\/wp\/v2\/comments?post=4764"}],"wp:featuredmedia":[{"embeddable":true,"href":"https:\/\/optimizacion-online.info\/mtr\/wp-json\/wp\/v2\/media\/4750"}],"wp:attachment":[{"href":"https:\/\/optimizacion-online.info\/mtr\/wp-json\/wp\/v2\/media?parent=4764"}],"wp:term":[{"taxonomy":"product_brand","embeddable":true,"href":"https:\/\/optimizacion-online.info\/mtr\/wp-json\/wp\/v2\/product_brand?post=4764"},{"taxonomy":"product_cat","embeddable":true,"href":"https:\/\/optimizacion-online.info\/mtr\/wp-json\/wp\/v2\/product_cat?post=4764"},{"taxonomy":"product_tag","embeddable":true,"href":"https:\/\/optimizacion-online.info\/mtr\/wp-json\/wp\/v2\/product_tag?post=4764"}],"curies":[{"name":"wp","href":"https:\/\/api.w.org\/{rel}","templated":true}]}}