{"id":4765,"date":"2018-11-13T08:55:13","date_gmt":"2018-11-13T08:55:13","guid":{"rendered":"https:\/\/montacargasventayrenta.com\/?post_type=product&#038;p=4765"},"modified":"2018-11-13T08:55:13","modified_gmt":"2018-11-13T08:55:13","slug":"montacargas-flexi-himax","status":"publish","type":"product","link":"https:\/\/optimizacion-online.info\/mtr\/producto\/montacargas-flexi-himax\/","title":{"rendered":"Montacargas Flexi HiMax"},"content":{"rendered":"","protected":false},"excerpt":{"rendered":"<p>Potencia: Corriente Alterna<br \/>\nM\u00e1stil Fijo \/ Carro porta Horquillas con Inclinaci\u00f3n<br \/>\nM\u00e1xima Altura de Elevaci\u00f3n: 12.70 metros (500\u201d)<br \/>\nPasillo: 2.13 metros<\/p>\n<p>M\u00e1stil robusto fijo. Las secciones robustas sujetadas al cuadro delantero de dos niveles dan la estabilidad de carga m\u00e1xima.<\/p>\n<p>Carro porta Horquillas inclinable de alta calidad.<br \/>\nTablero integrado inclinable con desplazamiento lateral desarrollado para eliminar la desviaci\u00f3n del m\u00e1stil a la grandes alturas de elevaci\u00f3n<\/p>\n<p>Sistema con c\u00e1mara y pantalla CCTV alta definici\u00f3n.<br \/>\nPermite al operador de apilar sin peligro hasta m\u00e1s de 13 metros con cansancio m\u00ednimo<\/p>\n<p>Para los almacenes de estantes elevados que necesitan un alto rendimiento y una densidad de almacenamiento por los pasillos muy estrechos, Flexi HiMAX CA es la soluci\u00f3n ideal.<\/p>\n","protected":false},"featured_media":4770,"comment_status":"closed","ping_status":"closed","template":"","meta":[],"product_brand":[],"product_cat":[339,336,307],"product_tag":[],"class_list":{"0":"post-4765","1":"product","2":"type-product","3":"status-publish","4":"has-post-thumbnail","6":"product_cat-flexi","7":"product_cat-marcas","8":"product_cat-montacargas","10":"first","11":"instock","12":"shipping-taxable","13":"product-type-simple"},"_links":{"self":[{"href":"https:\/\/optimizacion-online.info\/mtr\/wp-json\/wp\/v2\/product\/4765","targetHints":{"allow":["GET"]}}],"collection":[{"href":"https:\/\/optimizacion-online.info\/mtr\/wp-json\/wp\/v2\/product"}],"about":[{"href":"https:\/\/optimizacion-online.info\/mtr\/wp-json\/wp\/v2\/types\/product"}],"replies":[{"embeddable":true,"href":"https:\/\/optimizacion-online.info\/mtr\/wp-json\/wp\/v2\/comments?post=4765"}],"wp:featuredmedia":[{"embeddable":true,"href":"https:\/\/optimizacion-online.info\/mtr\/wp-json\/wp\/v2\/media\/4770"}],"wp:attachment":[{"href":"https:\/\/optimizacion-online.info\/mtr\/wp-json\/wp\/v2\/media?parent=4765"}],"wp:term":[{"taxonomy":"product_brand","embeddable":true,"href":"https:\/\/optimizacion-online.info\/mtr\/wp-json\/wp\/v2\/product_brand?post=4765"},{"taxonomy":"product_cat","embeddable":true,"href":"https:\/\/optimizacion-online.info\/mtr\/wp-json\/wp\/v2\/product_cat?post=4765"},{"taxonomy":"product_tag","embeddable":true,"href":"https:\/\/optimizacion-online.info\/mtr\/wp-json\/wp\/v2\/product_tag?post=4765"}],"curies":[{"name":"wp","href":"https:\/\/api.w.org\/{rel}","templated":true}]}}