{"id":4768,"date":"2018-11-13T09:01:12","date_gmt":"2018-11-13T09:01:12","guid":{"rendered":"https:\/\/montacargasventayrenta.com\/?post_type=product&#038;p=4768"},"modified":"2018-11-13T09:01:12","modified_gmt":"2018-11-13T09:01:12","slug":"montacargas-flexi-euro","status":"publish","type":"product","link":"https:\/\/optimizacion-online.info\/mtr\/producto\/montacargas-flexi-euro\/","title":{"rendered":"Montacargas Flexi Euro"},"content":{"rendered":"","protected":false},"excerpt":{"rendered":"<p>Potencia: Corriente Alterna<br \/>\nCapacidad: 1,300 Kg (2,900Lbs)<br \/>\nM\u00e1xima Altura de Elevaci\u00f3n: 7.62 metros (300\u201d)<br \/>\nPasillo: 1.80 metros<\/p>\n<p>Crea hasta 30% m\u00e1s de capacidad de apilaci\u00f3n Flexi EURO trabaja en un pasillo de solamente 1.98 m .<\/p>\n<p>Alturas de elevaci\u00f3n hasta 8.28 metros. Dise\u00f1ada para traer a los usuarios de todos los tipos de paleta populares una eficiencia compacta de la manutenci\u00f3n con la articulaci\u00f3n Flexi.<\/p>\n<p>Capacidad de apilamiento Chasis \u00fanico con 1000mm de ancho y rotaci\u00f3n \u201cArtic\u201d permiten el apilado de bloque y la operaci\u00f3n en estanter\u00edas Drive-In.<\/p>\n<p>Mastil Tripe o Cuadruple. Las opciones de m\u00e1stil incluyen el triple elevaci\u00f3n libre completa o el doble elevaci\u00f3n libre limitada, para convenir a la mayor\u00eda de las condiciones de funcionamiento.<\/p>\n","protected":false},"featured_media":4771,"comment_status":"closed","ping_status":"closed","template":"","meta":[],"product_brand":[],"product_cat":[339,336,307],"product_tag":[],"class_list":{"0":"post-4768","1":"product","2":"type-product","3":"status-publish","4":"has-post-thumbnail","6":"product_cat-flexi","7":"product_cat-marcas","8":"product_cat-montacargas","10":"first","11":"instock","12":"shipping-taxable","13":"product-type-simple"},"_links":{"self":[{"href":"https:\/\/optimizacion-online.info\/mtr\/wp-json\/wp\/v2\/product\/4768","targetHints":{"allow":["GET"]}}],"collection":[{"href":"https:\/\/optimizacion-online.info\/mtr\/wp-json\/wp\/v2\/product"}],"about":[{"href":"https:\/\/optimizacion-online.info\/mtr\/wp-json\/wp\/v2\/types\/product"}],"replies":[{"embeddable":true,"href":"https:\/\/optimizacion-online.info\/mtr\/wp-json\/wp\/v2\/comments?post=4768"}],"wp:featuredmedia":[{"embeddable":true,"href":"https:\/\/optimizacion-online.info\/mtr\/wp-json\/wp\/v2\/media\/4771"}],"wp:attachment":[{"href":"https:\/\/optimizacion-online.info\/mtr\/wp-json\/wp\/v2\/media?parent=4768"}],"wp:term":[{"taxonomy":"product_brand","embeddable":true,"href":"https:\/\/optimizacion-online.info\/mtr\/wp-json\/wp\/v2\/product_brand?post=4768"},{"taxonomy":"product_cat","embeddable":true,"href":"https:\/\/optimizacion-online.info\/mtr\/wp-json\/wp\/v2\/product_cat?post=4768"},{"taxonomy":"product_tag","embeddable":true,"href":"https:\/\/optimizacion-online.info\/mtr\/wp-json\/wp\/v2\/product_tag?post=4768"}],"curies":[{"name":"wp","href":"https:\/\/api.w.org\/{rel}","templated":true}]}}