{"id":4769,"date":"2018-11-13T09:02:42","date_gmt":"2018-11-13T09:02:42","guid":{"rendered":"https:\/\/montacargasventayrenta.com\/?post_type=product&#038;p=4769"},"modified":"2018-11-13T09:02:42","modified_gmt":"2018-11-13T09:02:42","slug":"montacargas-flexi-vna","status":"publish","type":"product","link":"https:\/\/optimizacion-online.info\/mtr\/producto\/montacargas-flexi-vna\/","title":{"rendered":"Montacargas Flexi VNA"},"content":{"rendered":"","protected":false},"excerpt":{"rendered":"<p>Potencia: Corriente Alterna<br \/>\nCapacidad: 1,300 Kg (2,900Lbs)<br \/>\nM\u00e1xima Altura de Elevaci\u00f3n: 7.62 metros (300\u201d)<br \/>\nPasillo: 1.80 metros<\/p>\n<p>Flexi VNA Funciona en pasillos tan estrechos como 1.80 m, lo que permite crecer hasta 30% m\u00e1s la capacidad del almac\u00e9n.<\/p>\n<p>Est\u00e1 dise\u00f1ada para introducir el ahorro de espacio y la eficacia de manipulaci\u00f3n a los almacenes de pasillos muy estrechos equipados con gu\u00edas.<\/p>\n<p>Capacidad Maxima de 1300 kg, Altura de Elevacion hasta 7.67m. Dise\u00f1ado para el ahorro y la eficiencia en el manejo del espacio en los almacenes de pasillos angostos.<\/p>\n<p>Tecnolog\u00eda AC. Cuatro ruedas de bandaje de goma consiguen un funcionamiento r\u00e1pido y estable con consumo de energ\u00eda y costos de servicio bajos.<\/p>\n","protected":false},"featured_media":4761,"comment_status":"closed","ping_status":"closed","template":"","meta":[],"product_brand":[],"product_cat":[339,336,307],"product_tag":[],"class_list":{"0":"post-4769","1":"product","2":"type-product","3":"status-publish","4":"has-post-thumbnail","6":"product_cat-flexi","7":"product_cat-marcas","8":"product_cat-montacargas","10":"first","11":"instock","12":"shipping-taxable","13":"product-type-simple"},"_links":{"self":[{"href":"https:\/\/optimizacion-online.info\/mtr\/wp-json\/wp\/v2\/product\/4769","targetHints":{"allow":["GET"]}}],"collection":[{"href":"https:\/\/optimizacion-online.info\/mtr\/wp-json\/wp\/v2\/product"}],"about":[{"href":"https:\/\/optimizacion-online.info\/mtr\/wp-json\/wp\/v2\/types\/product"}],"replies":[{"embeddable":true,"href":"https:\/\/optimizacion-online.info\/mtr\/wp-json\/wp\/v2\/comments?post=4769"}],"wp:featuredmedia":[{"embeddable":true,"href":"https:\/\/optimizacion-online.info\/mtr\/wp-json\/wp\/v2\/media\/4761"}],"wp:attachment":[{"href":"https:\/\/optimizacion-online.info\/mtr\/wp-json\/wp\/v2\/media?parent=4769"}],"wp:term":[{"taxonomy":"product_brand","embeddable":true,"href":"https:\/\/optimizacion-online.info\/mtr\/wp-json\/wp\/v2\/product_brand?post=4769"},{"taxonomy":"product_cat","embeddable":true,"href":"https:\/\/optimizacion-online.info\/mtr\/wp-json\/wp\/v2\/product_cat?post=4769"},{"taxonomy":"product_tag","embeddable":true,"href":"https:\/\/optimizacion-online.info\/mtr\/wp-json\/wp\/v2\/product_tag?post=4769"}],"curies":[{"name":"wp","href":"https:\/\/api.w.org\/{rel}","templated":true}]}}