{"id":4781,"date":"2018-11-23T01:33:17","date_gmt":"2018-11-23T01:33:17","guid":{"rendered":"https:\/\/montacargasventayrenta.com\/?post_type=product&#038;p=4781"},"modified":"2018-11-23T01:37:38","modified_gmt":"2018-11-23T01:37:38","slug":"cargador-telescopico-tl26-60-26t-6m","status":"publish","type":"product","link":"https:\/\/optimizacion-online.info\/mtr\/producto\/cargador-telescopico-tl26-60-26t-6m\/","title":{"rendered":"Cargador Telesc\u00f3pico TL26.60 2,6t 6m"},"content":{"rendered":"<p><a href=\"https:\/\/montacargasventayrenta.com\/wp-content\/uploads\/2018\/11\/bobcat-tl26.60-75hp-especificaciones-tecnicas.pdf\" target=\"_blank\" rel=\"noopener\">Datos t\u00e9cnicos de Cargador Telesc\u00f3pico Bobcat TL26.60 75HP<\/a><\/p>\n<p><a href=\"https:\/\/montacargasventayrenta.com\/wp-content\/uploads\/2018\/11\/bobcat-tl30.60-100hp-especificaciones-tecnicas.pdf\" target=\"_blank\" rel=\"noopener\">Datos t\u00e9cnicos de Cargador Telesc\u00f3pico Bobcat TL26.60 100HP<\/a><\/p>\n","protected":false},"excerpt":{"rendered":"<p>Este cargador telesc\u00f3pico Bobcat compacto puede elevar cargas de hasta 2,6 toneladas hasta una altura de casi 6 metros. Este modelo est\u00e1 disponible con una opci\u00f3n de dos posiciones de cabina (baja o alta). Resulta ideal para edificios de techos bajos y proporciona niveles de visibilidad, confort y rendimiento excepcionales.<\/p>\n","protected":false},"featured_media":4797,"comment_status":"closed","ping_status":"closed","template":"","meta":[],"product_brand":[],"product_cat":[340,334,332,336],"product_tag":[],"class_list":{"0":"post-4781","1":"product","2":"type-product","3":"status-publish","4":"has-post-thumbnail","6":"product_cat-bobcat","7":"product_cat-cargadores-telescopicos","8":"product_cat-manipuladores-telescopicos","9":"product_cat-marcas","11":"first","12":"instock","13":"shipping-taxable","14":"product-type-simple"},"_links":{"self":[{"href":"https:\/\/optimizacion-online.info\/mtr\/wp-json\/wp\/v2\/product\/4781","targetHints":{"allow":["GET"]}}],"collection":[{"href":"https:\/\/optimizacion-online.info\/mtr\/wp-json\/wp\/v2\/product"}],"about":[{"href":"https:\/\/optimizacion-online.info\/mtr\/wp-json\/wp\/v2\/types\/product"}],"replies":[{"embeddable":true,"href":"https:\/\/optimizacion-online.info\/mtr\/wp-json\/wp\/v2\/comments?post=4781"}],"wp:featuredmedia":[{"embeddable":true,"href":"https:\/\/optimizacion-online.info\/mtr\/wp-json\/wp\/v2\/media\/4797"}],"wp:attachment":[{"href":"https:\/\/optimizacion-online.info\/mtr\/wp-json\/wp\/v2\/media?parent=4781"}],"wp:term":[{"taxonomy":"product_brand","embeddable":true,"href":"https:\/\/optimizacion-online.info\/mtr\/wp-json\/wp\/v2\/product_brand?post=4781"},{"taxonomy":"product_cat","embeddable":true,"href":"https:\/\/optimizacion-online.info\/mtr\/wp-json\/wp\/v2\/product_cat?post=4781"},{"taxonomy":"product_tag","embeddable":true,"href":"https:\/\/optimizacion-online.info\/mtr\/wp-json\/wp\/v2\/product_tag?post=4781"}],"curies":[{"name":"wp","href":"https:\/\/api.w.org\/{rel}","templated":true}]}}