{"id":4783,"date":"2018-11-23T01:59:19","date_gmt":"2018-11-23T01:59:19","guid":{"rendered":"https:\/\/montacargasventayrenta.com\/?post_type=product&#038;p=4783"},"modified":"2018-11-23T01:59:19","modified_gmt":"2018-11-23T01:59:19","slug":"cargador-telescopico-tl30-70-3t-7m","status":"publish","type":"product","link":"https:\/\/optimizacion-online.info\/mtr\/producto\/cargador-telescopico-tl30-70-3t-7m\/","title":{"rendered":"Cargador Telesc\u00f3pico TL30.70 3t 7m"},"content":{"rendered":"<p><a href=\"https:\/\/montacargasventayrenta.com\/wp-content\/uploads\/2018\/11\/bobcat-tl30.70-especificaciones-tecnicas.pdf\" target=\"_blank\" rel=\"noopener\">Datos t\u00e9cnicos de Cargador Telesc\u00f3pico Bobcat TL30.70 75HP<\/a><\/p>\n<p><a href=\"https:\/\/montacargasventayrenta.com\/wp-content\/uploads\/2018\/11\/bobcat-tl30.70-especificaciones-tecnicas-1.pdf\" target=\"_blank\" rel=\"noopener\">Datos t\u00e9cnicos de Cargador Telesc\u00f3pico Bobcat TL30.70 100HP<\/a><\/p>\n","protected":false},"excerpt":{"rendered":"<p>Este cargador telesc\u00f3pico de 7 metros es una soluci\u00f3n \u00fanica, compacta y competitiva. Gracias a una capacidad nominal de 3 toneladas, el TL30.70 es perfecta para empresas de alquiler y, sobre todo, para el uso en espacios de trabajo reducidos. El cargador telesc\u00f3pico TL30.70 se encuentra disponible con cabina en posici\u00f3n baja para obras con altura limitada o cabina en posici\u00f3n m\u00e1s alta para mejorar la visibilidad de las horquillas. Las medidas compactas del TL30.70 garantizan una accesibilidad y una maniobrabilidad excelentes.<\/p>\n","protected":false},"featured_media":4808,"comment_status":"closed","ping_status":"closed","template":"","meta":[],"product_brand":[],"product_cat":[340,334,332,336],"product_tag":[],"class_list":{"0":"post-4783","1":"product","2":"type-product","3":"status-publish","4":"has-post-thumbnail","6":"product_cat-bobcat","7":"product_cat-cargadores-telescopicos","8":"product_cat-manipuladores-telescopicos","9":"product_cat-marcas","11":"first","12":"instock","13":"shipping-taxable","14":"product-type-simple"},"_links":{"self":[{"href":"https:\/\/optimizacion-online.info\/mtr\/wp-json\/wp\/v2\/product\/4783","targetHints":{"allow":["GET"]}}],"collection":[{"href":"https:\/\/optimizacion-online.info\/mtr\/wp-json\/wp\/v2\/product"}],"about":[{"href":"https:\/\/optimizacion-online.info\/mtr\/wp-json\/wp\/v2\/types\/product"}],"replies":[{"embeddable":true,"href":"https:\/\/optimizacion-online.info\/mtr\/wp-json\/wp\/v2\/comments?post=4783"}],"wp:featuredmedia":[{"embeddable":true,"href":"https:\/\/optimizacion-online.info\/mtr\/wp-json\/wp\/v2\/media\/4808"}],"wp:attachment":[{"href":"https:\/\/optimizacion-online.info\/mtr\/wp-json\/wp\/v2\/media?parent=4783"}],"wp:term":[{"taxonomy":"product_brand","embeddable":true,"href":"https:\/\/optimizacion-online.info\/mtr\/wp-json\/wp\/v2\/product_brand?post=4783"},{"taxonomy":"product_cat","embeddable":true,"href":"https:\/\/optimizacion-online.info\/mtr\/wp-json\/wp\/v2\/product_cat?post=4783"},{"taxonomy":"product_tag","embeddable":true,"href":"https:\/\/optimizacion-online.info\/mtr\/wp-json\/wp\/v2\/product_tag?post=4783"}],"curies":[{"name":"wp","href":"https:\/\/api.w.org\/{rel}","templated":true}]}}