{"id":4786,"date":"2018-11-23T02:09:11","date_gmt":"2018-11-23T02:09:11","guid":{"rendered":"https:\/\/montacargasventayrenta.com\/?post_type=product&#038;p=4786"},"modified":"2018-11-23T02:09:11","modified_gmt":"2018-11-23T02:09:11","slug":"cargador-telescopico-tl34-65hf-capac-3400kg","status":"publish","type":"product","link":"https:\/\/optimizacion-online.info\/mtr\/producto\/cargador-telescopico-tl34-65hf-capac-3400kg\/","title":{"rendered":"Cargador Tel\u00e9scopico TL34.65HF Capac. 3400Kg"},"content":{"rendered":"<p>PRESTACIONES<br \/>\nMotor con turbocompresor Bobcat D34<br \/>\nTransmisi\u00f3n hidrost\u00e1tica<br \/>\nTecnolog\u00eda HF<br \/>\nSistema de gesti\u00f3n de velocidad (SMS)<br \/>\nEjes de gran resistencia<br \/>\nConducto hidr\u00e1ulico auxiliar en el cabezal de la pluma<br \/>\nCONFORT<\/p>\n<p>Campo de visi\u00f3n incomparable<br \/>\nJoystick multifuncional y ergon\u00f3mico<br \/>\nEntrega f\u00e1cil<br \/>\nRealineaci\u00f3n semiautom\u00e1tica de las ruedas<br \/>\nSistema de manipulaci\u00f3n inteligente (SHS)<br \/>\nRetracci\u00f3n y elevaci\u00f3n con amortiguaci\u00f3n de pluma<br \/>\nPantalla LCD multifunci\u00f3n<br \/>\nModo ECO<br \/>\nTecnolog\u00eda CAN BUS<br \/>\nLuces de trabajo<br \/>\nOPERATIVIDAD<\/p>\n<p>Freno de estacionamiento autom\u00e1tico<br \/>\nBastidor de caja soldado<br \/>\nSupresor de movimientos no deseados (AMA)<br \/>\nDesconexi\u00f3n electr\u00f3nica de la bater\u00eda (EBD)<br \/>\nSistema de refrigeraci\u00f3n eficiente<br \/>\nPrefiltro de aire cicl\u00f3nico<br \/>\nDise\u00f1o de pluma robusto<br \/>\nIMPLEMENTOS<\/p>\n<p>Portaherramientas Quick-Tach<br \/>\nVersatilidad de los implementos<br \/>\nConducto auxiliar controlado mediante joystick<br \/>\nConducto hidr\u00e1ulico auxiliar en el cabezal de la pluma<\/p>\n<p><a href=\"https:\/\/montacargasventayrenta.com\/wp-content\/uploads\/2018\/11\/cargador-telescopico-bobcat-tl34.65hf.pdf\" target=\"_blank\" rel=\"noopener\">Hoja de Producto Bobcat TL34.65HF<\/a><\/p>\n","protected":false},"excerpt":{"rendered":"<p>El cargador telesc\u00f3pico TL34.65HF de Bobcat puede levantar cargas de hasta 3,4 toneladas a una altura de casi 6,5 metros. La tecnolog\u00eda HF de Bobcat proporciona la mejores prestaciones del sector en la mayor\u00eda de trabajos intensivos gracias a los tiempos de ciclo de la pluma m\u00e1s cortos en su categor\u00eda. La cabina asim\u00e9trica patentada ofrece la visibilidad panor\u00e1mica integral que se necesita para trabajar de forma segura y c\u00f3moda. \u00a1Un modelo con los conocimientos de Bobcat concentrados!<\/p>\n","protected":false},"featured_media":4823,"comment_status":"closed","ping_status":"closed","template":"","meta":[],"product_brand":[],"product_cat":[340,334,332,336],"product_tag":[],"class_list":{"0":"post-4786","1":"product","2":"type-product","3":"status-publish","4":"has-post-thumbnail","6":"product_cat-bobcat","7":"product_cat-cargadores-telescopicos","8":"product_cat-manipuladores-telescopicos","9":"product_cat-marcas","11":"first","12":"instock","13":"shipping-taxable","14":"product-type-simple"},"_links":{"self":[{"href":"https:\/\/optimizacion-online.info\/mtr\/wp-json\/wp\/v2\/product\/4786","targetHints":{"allow":["GET"]}}],"collection":[{"href":"https:\/\/optimizacion-online.info\/mtr\/wp-json\/wp\/v2\/product"}],"about":[{"href":"https:\/\/optimizacion-online.info\/mtr\/wp-json\/wp\/v2\/types\/product"}],"replies":[{"embeddable":true,"href":"https:\/\/optimizacion-online.info\/mtr\/wp-json\/wp\/v2\/comments?post=4786"}],"wp:featuredmedia":[{"embeddable":true,"href":"https:\/\/optimizacion-online.info\/mtr\/wp-json\/wp\/v2\/media\/4823"}],"wp:attachment":[{"href":"https:\/\/optimizacion-online.info\/mtr\/wp-json\/wp\/v2\/media?parent=4786"}],"wp:term":[{"taxonomy":"product_brand","embeddable":true,"href":"https:\/\/optimizacion-online.info\/mtr\/wp-json\/wp\/v2\/product_brand?post=4786"},{"taxonomy":"product_cat","embeddable":true,"href":"https:\/\/optimizacion-online.info\/mtr\/wp-json\/wp\/v2\/product_cat?post=4786"},{"taxonomy":"product_tag","embeddable":true,"href":"https:\/\/optimizacion-online.info\/mtr\/wp-json\/wp\/v2\/product_tag?post=4786"}],"curies":[{"name":"wp","href":"https:\/\/api.w.org\/{rel}","templated":true}]}}