{"id":4787,"date":"2018-11-23T02:13:31","date_gmt":"2018-11-23T02:13:31","guid":{"rendered":"https:\/\/montacargasventayrenta.com\/?post_type=product&#038;p=4787"},"modified":"2018-11-23T02:19:33","modified_gmt":"2018-11-23T02:19:33","slug":"tr50210-evo-manipulador-telescopico-giratorio","status":"publish","type":"product","link":"https:\/\/optimizacion-online.info\/mtr\/producto\/tr50210-evo-manipulador-telescopico-giratorio\/","title":{"rendered":"TR50210 EVO manipulador telesc\u00f3pico giratorio"},"content":{"rendered":"<p>[vc_row][vc_column][vc_tta_accordion][vc_tta_section title=&#8221;Caracter\u00edsticas&#8221; tab_id=&#8221;1542939232102-f2d1fc0e-9a5a&#8221;][vc_column_text]La gama de manipuladores telesc\u00f3picos giratorios Bobcat ofrece el valor de tres m\u00e1quinas en una para el cliente \u2013 1 m\u00e1quina que funciona como manipulador telesc\u00f3pico, plataforma de acceso &amp; gr\u00faa, con los m\u00e1ximos niveles de flexibilidad, versatilidad y eficiencia en los desaf\u00edos y obligaciones cotidianas.<br \/>\nEl manipulador telesc\u00f3pico giratorio Bobcat TR50210 EVO se caracteriza por una pluma robusta totalmente integrada, capaz de manejar cargas m\u00e1s pesadas La fuerte estructura de la pluma incorpora protecci\u00f3n para elementos vitales, como el cilindro de elevaci\u00f3n, con lo que se mejora la durabilidad de la m\u00e1quina y se reduce el riesgo de da\u00f1os y aver\u00edas.<\/p>\n<p>Siguiendo la tradici\u00f3n de Bobcat, el modelo EVO de 21 m ofrece soluciones electr\u00f3nicas avanzadas que permiten al operador manejar cargas pesadas a alturas considerables con seguridad y comodidad. Los movimientos suaves y precisos aumentan la confianza del operador y suponen una mayor eficiencia.[\/vc_column_text][\/vc_tta_section][vc_tta_section title=&#8221;Especificaciones &#8221; tab_id=&#8221;1542939293860-222d54ef-3d4c&#8221;][vc_column_text css=&#8221;.vc_custom_1542939445989{margin-bottom: 0px !important;}&#8221;]<a href=\"https:\/\/montacargasventayrenta.com\/wp-content\/uploads\/2018\/11\/manipulador-telescopico-giratorio-bobcat-t50210-evo-iiia-specs.pdf\" target=\"_blank\" rel=\"noopener\">Ver hoja de producto con especificaciones<\/a>[\/vc_column_text][\/vc_tta_section][vc_tta_section title=&#8221;Ventajas&#8221; tab_id=&#8221;1542939232117-07635d69-3870&#8243;][vc_column_text css=&#8221;.vc_custom_1542939291934{margin-bottom: 0px !important;}&#8221;]Aumente la altura y el alcance al m\u00e1ximo Con la gama de manipuladores telesc\u00f3picos giratorios puede acceder a aplicaciones de m\u00e1s de 19, 21 y 25 metros de alcance con la flexibilidad que otorga la rotaci\u00f3n de 360\u00b0 a la hora de mejorar el alcance y la accesibilidad. La gran capacidad de elevaci\u00f3n (hasta 5 t) hacen que la m\u00e1quina sea m\u00e1s vers\u00e1til y eficiente.<br \/>\nEficacia y seguridad Realice m\u00e1s trabajo en menos tiempo: en comparaci\u00f3n con los manipuladores de bastidor r\u00edgido, los manipuladores telesc\u00f3picos giratorios Bobcat permiten reducir a la mitad el tiempo de realizaci\u00f3n de trabajos repetitivos, incluso sin mover la m\u00e1quina de los estabilizadores. El control inteligente del alcance y los l\u00edmites personalizados del \u00e1rea de trabajo son ejemplos de las muchas soluciones que garantizan la eficiencia, a la vez que se promueven pr\u00e1cticas seguras de trabajo.<\/p>\n<p>Movilidad y versatilidad Gracias a la excelente maniobrabilidad de los manipuladores telesc\u00f3picos giratorios Bobcat podr\u00e1 conducir la m\u00e1quina por todo el sitio de trabajo y acceder incluso a los espacios m\u00e1s reducidos.. Sea cual sea su entorno de trabajo, hay un modo de direcci\u00f3n que se adapta a sus necesidades: Direcci\u00f3n en las ruedas delanteras para desplazarse por carretera e ir r\u00e1pidamente al siguiente lugar de trabajo. Direcci\u00f3n en todas las ruedas que facilita el manejo y los giros m\u00e1s cerrados en los emplazamientos de trabajo peque\u00f1os o estrechos. Direcci\u00f3n con desplazamiento lateral (cangrejo) para colocar cargas laterales con una precisi\u00f3n perfecta en zonas estrechas.<\/p>\n<p>Cuando se combinan con la amplia gama de implementos, los manipuladores telesc\u00f3picos giratorios se vuelven todav\u00eda m\u00e1s vers\u00e1tiles y ofrecen ventajas extraordinarias frente a la plataforma de acceso y gr\u00faa.<\/p>\n<p>Fiabilidad y asistencia posventa Se ha prestado mucha atenci\u00f3n a la fiabilidad y la asistencia posventa de las m\u00e1quinas. Los modelos de manipuladores telesc\u00f3picos giratorios incorporan los mejores componentes de la industria; esto, unido a la profesionalidad en la fabricaci\u00f3n y la fiabilidad probada, reduce los costes de funcionamiento durante toda la vida \u00fatil de la m\u00e1quina..<\/p>\n<p>Preparados de serie para el uso de plataformas y cabrestantes Los modelos de manipuladores giratorios est\u00e1n equipados de serie con los ajustes para plataforma y cabrestante. No se requieren alternativas concretas para instalar cualquiera de los cabrestantes y plataformas que se ofrecen.<\/p>\n<p>Transmisi\u00f3n hidrost\u00e1tica La transmisi\u00f3n hidrost\u00e1tica de alta resistencia y f\u00e1cil uso permite una colocaci\u00f3n exacta as\u00ed como un control continuo de la velocidad que garantiza mayor seguridad y precisi\u00f3n.<\/p>\n<p>Control remoto para abrir puertas a m\u00e1s aplicaciones Todos los modelos de la gama pueden equiparse con control remoto por radio. El control remoto de las funciones de la pluma permite trabajar de manera m\u00e1s eficiente.<\/p>\n<p>Velocidad de desplazamiento En los equipos de construcci\u00f3n, el tiempo de desplazamiento no es productivo. Sin embargo, nuestras m\u00e1quinas se pueden desplazar con rapidez de un sitio a otro (hasta 40 km\/h) y volver al trabajo en un instante.<\/p>\n<p>Estabilidad La gesti\u00f3n de la estabilidad resulta f\u00e1cil y sencilla mediante el control de detecci\u00f3n de la carga. Los 4 estabilizadores con control independiente y sistema de nivelaci\u00f3n autom\u00e1tica garantizan una estabilidad absoluta incluso en terrenos accidentados. Una vez que se despliegan, la transmisi\u00f3n se detiene autom\u00e1ticamente para mejorar la estabilidad.<\/p>\n<p>Asimismo, los ejes se bloquean de forma autom\u00e1tica ante \u00e1ngulos de rotaci\u00f3n de m\u00e1s de +\/- 10\u00b0 para garantizar la estabilidad m\u00e1xima durante el giro.<\/p>\n<p>Comodidad y visibilidad de la cabina La cabina extragrande cuenta con un amplio espacio para que el operador pueda trabajar con comodidad durante todo el d\u00eda. Adem\u00e1s, el panel de instrumentos simplificado permite consultar f\u00e1cilmente el estado de la m\u00e1quina.<\/p>\n<p>F\u00e1cil mantenimiento con menos tiempo de inactividad Los puntos de servicio y componentes de mantenimiento se encuentran en la misma posici\u00f3n de f\u00e1cil acceso en todas las m\u00e1quinas gracias a la plataforma com\u00fan y al dise\u00f1o homog\u00e9neo. El mantenimiento es sencillo y se reduce el tiempo de inactividad.<\/p>\n<p>El servicio de confianza en el distribuidor conocido Nuestra bien desarrollada red de distribuidores atesora conocimiento y experiencia para dar la mejor asistencia a nuestros clientes de Bobcat. Est\u00e9 donde est\u00e9, obtendr\u00e1 el servicio que usted espera: un servicio en el que puede confiar.[\/vc_column_text][\/vc_tta_section][\/vc_tta_accordion][\/vc_column][\/vc_row]<\/p>\n","protected":false},"excerpt":{"rendered":"<p>Descubra una nueva forma de trabajar<br \/>\nAvanzada tecnolog\u00eda de Bus Can<br \/>\nEspacio de trabajo ergon\u00f3mico ideal<br \/>\nControl inteligente del alcance<br \/>\nSistema con nivelaci\u00f3n autom\u00e1tica<br \/>\nL\u00edmites de control del \u00e1rea de trabajo<br \/>\nImplementos para cualquier aplicaci\u00f3n<\/p>\n","protected":false},"featured_media":4826,"comment_status":"closed","ping_status":"closed","template":"","meta":[],"product_brand":[],"product_cat":[340,332,336,335],"product_tag":[],"class_list":{"0":"post-4787","1":"product","2":"type-product","3":"status-publish","4":"has-post-thumbnail","6":"product_cat-bobcat","7":"product_cat-manipuladores-telescopicos","8":"product_cat-marcas","9":"product_cat-telescopicos-giratorios","11":"first","12":"instock","13":"shipping-taxable","14":"product-type-simple"},"_links":{"self":[{"href":"https:\/\/optimizacion-online.info\/mtr\/wp-json\/wp\/v2\/product\/4787","targetHints":{"allow":["GET"]}}],"collection":[{"href":"https:\/\/optimizacion-online.info\/mtr\/wp-json\/wp\/v2\/product"}],"about":[{"href":"https:\/\/optimizacion-online.info\/mtr\/wp-json\/wp\/v2\/types\/product"}],"replies":[{"embeddable":true,"href":"https:\/\/optimizacion-online.info\/mtr\/wp-json\/wp\/v2\/comments?post=4787"}],"wp:featuredmedia":[{"embeddable":true,"href":"https:\/\/optimizacion-online.info\/mtr\/wp-json\/wp\/v2\/media\/4826"}],"wp:attachment":[{"href":"https:\/\/optimizacion-online.info\/mtr\/wp-json\/wp\/v2\/media?parent=4787"}],"wp:term":[{"taxonomy":"product_brand","embeddable":true,"href":"https:\/\/optimizacion-online.info\/mtr\/wp-json\/wp\/v2\/product_brand?post=4787"},{"taxonomy":"product_cat","embeddable":true,"href":"https:\/\/optimizacion-online.info\/mtr\/wp-json\/wp\/v2\/product_cat?post=4787"},{"taxonomy":"product_tag","embeddable":true,"href":"https:\/\/optimizacion-online.info\/mtr\/wp-json\/wp\/v2\/product_tag?post=4787"}],"curies":[{"name":"wp","href":"https:\/\/api.w.org\/{rel}","templated":true}]}}