{"id":4789,"date":"2018-11-23T02:22:54","date_gmt":"2018-11-23T02:22:54","guid":{"rendered":"https:\/\/montacargasventayrenta.com\/?post_type=product&#038;p=4789"},"modified":"2018-11-23T02:22:54","modified_gmt":"2018-11-23T02:22:54","slug":"tr38160evo-altura-de-elevacion-15700-mm","status":"publish","type":"product","link":"https:\/\/optimizacion-online.info\/mtr\/producto\/tr38160evo-altura-de-elevacion-15700-mm\/","title":{"rendered":"TR38160EVO Altura de elevaci\u00f3n 15,700 mm"},"content":{"rendered":"<p>[vc_row][vc_column][vc_tta_accordion][vc_tta_section title=&#8221;Caracter\u00edsticas &#8221; tab_id=&#8221;1542939689865-29f0d33c-4ea1&#8243;][vc_column_text css=&#8221;.vc_custom_1542939903854{margin-bottom: 0px !important;}&#8221;]Para afrontar todas las necesidades de un ajetreado d\u00eda de trabajo, es necesario confiar en la m\u00e1quina. La gama de manipuladores telesc\u00f3picos giratorios se ha dise\u00f1ado para ofrecer esa confianza al usuario. La tecnolog\u00eda de bus CAN (o CAN-Bus) ofrece una funcionalidad excepcional y un control suave, as\u00ed como toda la informaci\u00f3n necesaria para garantizar un funcionamiento eficiente y seguro para el operador.<br \/>\nEl manipulador telesc\u00f3pico Bobcat TR38160 EVO presenta un cabezal de pluma robusto y totalmente integrado que aporta resistencia adicional para manipular las cargas m\u00e1s pesadas. Dise\u00f1ada para durar mucho tiempo, la s\u00f3lida estructura de la pluma incorpora protecci\u00f3n para elementos vitales, como el cilindro de elevaci\u00f3n, con lo que se mejora la durabilidad de la m\u00e1quina y se reduce el riesgo de da\u00f1os y aver\u00edas. El punto de articulaci\u00f3n de la pluma y los soportes del cilindro de elevaci\u00f3n est\u00e1n expresamente proyectados para manipular grandes cargas con un m\u00ednimo de tensi\u00f3n en la pluma, el punto de articulaci\u00f3n y el chasis.<\/p>\n<p>Fiel a la tradici\u00f3n de Bobcat, el modelo TR38160 ofrece soluciones compactas que permiten a los operadores manipular cargas pesadas a alturas considerables, con seguridad y comodidad. Un y robusto bastidor principal y el dise\u00f1o protegido del chasis, junto con la estructura mejorada de la pluma de mayor secci\u00f3n transversal y zona de superposici\u00f3n, garantizan la realizaci\u00f3n de cualquier aplicaci\u00f3n de carga.[\/vc_column_text][\/vc_tta_section][vc_tta_section title=&#8221;Especificaciones &#8221; tab_id=&#8221;1542939689869-e026da89-a8ad&#8221;][vc_column_text css=&#8221;.vc_custom_1542939870230{margin-bottom: 0px !important;}&#8221;]<a href=\"https:\/\/montacargasventayrenta.com\/wp-content\/uploads\/2018\/11\/manipulador-telescopico-giratorio-bobcat-tr38160-evo-iiia-specs.pdf\" target=\"_blank\" rel=\"noopener\">Ver hoja de producto con especificaciones T38160EVO STAGE IIIA Ver hoja de producto con especificaciones T38160EVO<\/a>[\/vc_column_text][\/vc_tta_section][vc_tta_section title=&#8221;Ventajas&#8221; tab_id=&#8221;1542939905453-05c38f19-e59a&#8221;][vc_column_text css=&#8221;.vc_custom_1542939928133{margin-bottom: 0px !important;}&#8221;]Aumente al m\u00e1ximo la altura y el alcance Con la gama de manipuladores telesc\u00f3picos giratorios puede gestionar aplicaciones de m\u00e1s de 16 metros de alcance con la flexibilidad que aporta la rotaci\u00f3n de 360\u00b0 y 400\u00b0 a la hora de mejorar el alcance y la accesibilidad. Las grandes capacidades de elevaci\u00f3n que ofrece garantizan un uso m\u00e1s vers\u00e1til, eficaz y seguro.<br \/>\nEficacia y seguridad Completa m\u00e1s trabajo en menos tiempo: en comparaci\u00f3n con los manipuladores de bastidor r\u00edgido, los manipuladores telesc\u00f3picos giratorios Bobcat permiten reducir m\u00e1s de la mitad el tiempo de realizaci\u00f3n de trabajos repetitivos, incluso sin mover la m\u00e1quina de los estabilizadores. Esto no solo garantiza un aumento considerable de la eficacia, sino que tambi\u00e9n fomenta pr\u00e1cticas de trabajo seguras y la seguridad general en el lugar de trabajo.<\/p>\n<p>Movilidad y versatilidad Gracias a la excelente maniobrabilidad de los manipuladores telesc\u00f3picos giratorios Bobcat podr\u00e1 conducir la m\u00e1quina por todo el sitio de trabajo y acceder incluso a los espacios m\u00e1s reducidos. Sea cual sea su entorno de trabajo, hay un modo autom\u00e1tico de alineamiento de la direcci\u00f3n que se adapta a sus necesidades: Direcci\u00f3n en las ruedas delanteras para desplazarse por carretera e ir r\u00e1pidamente al siguiente lugar de trabajo. Direcci\u00f3n en todas las ruedas que facilita la manipulaci\u00f3n y reduce el radio de giro, permitiendo giros cerrados en espacios peque\u00f1os y estrechos. Direcci\u00f3n con desplazamiento lateral (cangrejo) para colocar cargas a los lados con una precisi\u00f3n perfecta en zonas estrechas.<\/p>\n<p>Cuando se combinan con la amplia gama de implementos, los manipuladores telesc\u00f3picos giratorios se vuelven todav\u00eda m\u00e1s vers\u00e1tiles y ofrecen ventajas extraordinarias frente a la plataforma de acceso y la gr\u00faa.<\/p>\n<p>Fiabilidad y asistencia posventa Se ha prestado mucha atenci\u00f3n a la fiabilidad y la asistencia posventa de las m\u00e1quinas. Los 4 modelos de manipuladores telesc\u00f3picos giratorios incorporan los mejores componentes del sector, lo que unido a la profesionalidad en la fabricaci\u00f3n y la fiabilidad probada contribuye a reducir los costes de funcionamiento durante toda la vida \u00fatil de la m\u00e1quina.<\/p>\n<p>Preparados de serie para el uso de plataformas Los modelos giratorios est\u00e1n equipados de serie con los ajustes para plataforma. No se requieren alternativas concretas para instalar cualquiera de las plataformas que se ofrecen.<\/p>\n<p>Transmisi\u00f3n hidrost\u00e1tica La transmisi\u00f3n hidrost\u00e1tica de alta resistencia y f\u00e1cil uso permite una colocaci\u00f3n exacta que garantiza mayor seguridad y precisi\u00f3n, as\u00ed como un control continuo de la velocidad.<\/p>\n<p>Control remoto para abrir puertas a m\u00e1s aplicaciones Todos los modelos de la gama pueden disponer de control remoto por radio. El control remoto de las funciones de la pluma permite trabajar de manera m\u00e1s eficiente.<\/p>\n<p>Velocidad del desplazamiento En el equipo de construcci\u00f3n, el tiempo de desplazamiento no es productivo. Sin embargo, nuestras m\u00e1quinas se pueden desplazar con rapidez de un sitio a otro y volver al trabajo en un instante.<\/p>\n<p>Estabilidad Gracias al control de detecci\u00f3n de carga, la gesti\u00f3n de la estabilidad es sencilla y segura. Los 4 estabilizadores con control independiente garantizan una estabilidad absoluta incluso en terrenos accidentados. Una vez que se despliegan, la transmisi\u00f3n se suspende autom\u00e1ticamente para mejorar la estabilidad.<\/p>\n<p>Adem\u00e1s, para garantizar la m\u00e1xima estabilidad durante el giro, el eje trasero se bloquea autom\u00e1ticamente en los \u00e1ngulos que superen +\/-15\u00b0 de rotaci\u00f3n.<\/p>\n<p>Comodidad y visibilidad de la cabina La cabina extragrande cuenta con un amplio espacio para que el operador pueda trabajar con comodidad durante todo el d\u00eda. El panel de instrumentos est\u00e1 dise\u00f1ado para ofrecer una n\u00edtida visi\u00f3n general del estado de funcionamiento de la m\u00e1quina.<\/p>\n<p>F\u00e1cil mantenimiento con menos tiempo de inactividad Gracias a la plataforma com\u00fan y a su dise\u00f1o homog\u00e9neo, todos los componentes y puntos de servicio se encuentran en la misma posici\u00f3n de f\u00e1cil acceso en todas las m\u00e1quinas. El mantenimiento es sencillo y se reduce el tiempo de inactividad.<\/p>\n<p>El servicio de confianza en el distribuidor conocido Nuestra red de distribuidores bien estructurada atesora conocimiento y experiencia para dar la mejor asistencia a nuestros clientes de Bobcat. Est\u00e9 donde est\u00e9, obtendr\u00e1 el servicio que usted espera: un servicio en el que puede confiar.<\/p>\n<p>[\/vc_column_text][\/vc_tta_section][\/vc_tta_accordion][\/vc_column][\/vc_row]<\/p>\n","protected":false},"excerpt":{"rendered":"<p>Tama\u00f1o compacto con alto rendimiento<br \/>\nM\u00e1quina compacta de 16 m<br \/>\nM\u00e1ximo tiempo operativo<br \/>\nTotal visibilidad perif\u00e9rica<br \/>\nEspacio de trabajo ergon\u00f3mico ideal<br \/>\nFunciones proporcionales y simult\u00e1neas de pluma<br \/>\nRendimiento duradero<br \/>\nImplementos para cada aplicaci\u00f3n<br \/>\nTecnolog\u00eda de bus CAN para mejorar el funcionamiento diario<\/p>\n","protected":false},"featured_media":4830,"comment_status":"closed","ping_status":"closed","template":"","meta":[],"product_brand":[],"product_cat":[340,332,336,335],"product_tag":[],"class_list":{"0":"post-4789","1":"product","2":"type-product","3":"status-publish","4":"has-post-thumbnail","6":"product_cat-bobcat","7":"product_cat-manipuladores-telescopicos","8":"product_cat-marcas","9":"product_cat-telescopicos-giratorios","11":"first","12":"instock","13":"shipping-taxable","14":"product-type-simple"},"_links":{"self":[{"href":"https:\/\/optimizacion-online.info\/mtr\/wp-json\/wp\/v2\/product\/4789","targetHints":{"allow":["GET"]}}],"collection":[{"href":"https:\/\/optimizacion-online.info\/mtr\/wp-json\/wp\/v2\/product"}],"about":[{"href":"https:\/\/optimizacion-online.info\/mtr\/wp-json\/wp\/v2\/types\/product"}],"replies":[{"embeddable":true,"href":"https:\/\/optimizacion-online.info\/mtr\/wp-json\/wp\/v2\/comments?post=4789"}],"wp:featuredmedia":[{"embeddable":true,"href":"https:\/\/optimizacion-online.info\/mtr\/wp-json\/wp\/v2\/media\/4830"}],"wp:attachment":[{"href":"https:\/\/optimizacion-online.info\/mtr\/wp-json\/wp\/v2\/media?parent=4789"}],"wp:term":[{"taxonomy":"product_brand","embeddable":true,"href":"https:\/\/optimizacion-online.info\/mtr\/wp-json\/wp\/v2\/product_brand?post=4789"},{"taxonomy":"product_cat","embeddable":true,"href":"https:\/\/optimizacion-online.info\/mtr\/wp-json\/wp\/v2\/product_cat?post=4789"},{"taxonomy":"product_tag","embeddable":true,"href":"https:\/\/optimizacion-online.info\/mtr\/wp-json\/wp\/v2\/product_tag?post=4789"}],"curies":[{"name":"wp","href":"https:\/\/api.w.org\/{rel}","templated":true}]}}